{"id":1356,"date":"2021-01-12T15:20:55","date_gmt":"2021-01-12T15:20:55","guid":{"rendered":"https:\/\/bondiplatform.com\/?page_id=1356"},"modified":"2023-07-13T10:32:35","modified_gmt":"2023-07-13T10:32:35","slug":"cookies-policy","status":"publish","type":"page","link":"https:\/\/bondi.ai\/de\/cookies-policy\/","title":{"rendered":"Cookies-Richtlinie"},"content":{"rendered":"<div data-elementor-type=\"wp-page\" data-elementor-id=\"1356\" class=\"elementor elementor-1356\" data-elementor-post-type=\"page\">\n\t\t\t\t\t\t<section class=\"has_eae_slider elementor-section elementor-top-section elementor-element elementor-element-7fc9b1a9 elementor-section-boxed elementor-section-height-default elementor-section-height-default\" data-eae-slider=\"6359\" data-id=\"7fc9b1a9\" data-element_type=\"section\" data-settings=\"{&quot;background_background&quot;:&quot;classic&quot;}\">\n\t\t\t\t\t\t<div class=\"elementor-container elementor-column-gap-default\">\n\t\t\t\t\t<div class=\"has_eae_slider elementor-column elementor-col-100 elementor-top-column elementor-element elementor-element-6ca6b6ef\" data-eae-slider=\"6739\" data-id=\"6ca6b6ef\" data-element_type=\"column\">\n\t\t\t<div class=\"elementor-widget-wrap elementor-element-populated\">\n\t\t\t\t\t\t<div class=\"elementor-element elementor-element-91e287d elementor-widget elementor-widget-heading\" data-id=\"91e287d\" data-element_type=\"widget\" data-widget_type=\"heading.default\">\n\t\t\t\t<div class=\"elementor-widget-container\">\n\t\t\t<h2 class=\"elementor-heading-title elementor-size-default\">Cookies-Richtlinie<\/h2>\t\t<\/div>\n\t\t\t\t<\/div>\n\t\t\t\t<div class=\"elementor-element elementor-element-6f4fbd7 elementor-widget elementor-widget-heading\" data-id=\"6f4fbd7\" data-element_type=\"widget\" data-widget_type=\"heading.default\">\n\t\t\t\t<div class=\"elementor-widget-container\">\n\t\t\t<h2 class=\"elementor-heading-title elementor-size-default\">Aktualisiert 12\/01\/21<\/h2>\t\t<\/div>\n\t\t\t\t<\/div>\n\t\t\t\t<div class=\"elementor-element elementor-element-65aa54a2 elementor-widget elementor-widget-text-editor\" data-id=\"65aa54a2\" data-element_type=\"widget\" data-widget_type=\"text-editor.default\">\n\t\t\t\t<div class=\"elementor-widget-container\">\n\t\t\t\t\t\t\t<p><span style=\"font-weight: 400;\">Wir verwenden Cookies, um unsere Websites benutzerfreundlicher zu gestalten. Informieren Sie sich \u00fcber die wichtigsten Arten von Cookies, die wir verwenden, und wof\u00fcr wir sie einsetzen.<\/span><span style=\"font-weight: 400;\"><br \/><\/span><span style=\"font-weight: 400;\"><br \/><\/span><span style=\"font-weight: 400;\">Die Daten, die wir mit Hilfe von Cookies sammeln, helfen uns, unsere Kunden besser zu verstehen, so dass wir ein gezielteres Benutzererlebnis bieten k\u00f6nnen. Wir nutzen das Wissen \u00fcber Ihre fr\u00fcheren Besuche auf unserer Website, <\/span><span style=\"font-weight: 400;\">Bondi AI Ltd.<\/span><span style=\"font-weight: 400;\"> k\u00f6nnen nachfolgende Besuche verbessern, indem wir unsere Inhalte auf Ihre Anforderungen zuschneiden.<\/span><\/p><p><span style=\"font-weight: 400;\">Wir verwenden Cookies haupts\u00e4chlich, weil wir unsere Websites und mobilen Anwendungen benutzerfreundlich gestalten wollen und an einem anonymen Nutzerverhalten interessiert sind. Im Allgemeinen speichern unsere Cookies keine sensiblen oder pers\u00f6nlich identifizierbaren Informationen wie Ihren Namen und Ihre Adresse oder Kreditkartendaten.<\/span><\/p><p><span style=\"font-weight: 400;\">F\u00fcr den unwahrscheinlichen Fall, dass unsere Websites Cookies verwenden, um pers\u00f6nliche Informationen \u00fcber Sie zu speichern, <\/span><span style=\"font-weight: 400;\">Bondi AI Ltd.<\/span><span style=\"font-weight: 400;\"> verschl\u00fcsselt die personenbezogenen Daten, um eine unbefugte Nutzung durch Dritte zu verhindern.<\/span><\/p><p><span style=\"font-weight: 400;\">Hier finden Sie eine Liste der wichtigsten Arten von Cookies, die wir verwenden, und wof\u00fcr wir sie einsetzen. Wir haben sie anhand der Kategorien beschrieben, die von der Internationalen Handelskammer im ICC UK Cookie Guide empfohlen werden.<\/span><\/p><p><span style=\"font-weight: 400;\">(Wenn wir \"Cookies\" erw\u00e4hnen, meinen wir auch Web-Beacons und andere Technologien, die auf \u00e4hnliche Weise wie Cookies auf Websites oder in E-Mails Informationen sammeln. Wenn wir \"Websites\" erw\u00e4hnen, meinen wir auch mobile Anwendungen und E-Mails).<\/span><\/p><h4><strong>Streng Notwendige Cookies<\/strong><\/h4><p><span style=\"font-weight: 400;\">Diese Cookies sind unerl\u00e4sslich, damit Sie sich auf der Website bewegen und ihre Funktionen nutzen k\u00f6nnen, z. B. den Zugriff auf sichere Bereiche der Website. Ohne diese Cookies k\u00f6nnen von Ihnen angeforderte Dienste, wie z. B. Warenk\u00f6rbe oder elektronische Rechnungsstellung, nicht bereitgestellt werden. Da diese Cookies unbedingt notwendig sind, m\u00fcssen wir Sie nicht um Ihr Einverst\u00e4ndnis bitten, sie zu verwenden.<\/span><\/p><h4><strong>Performance-Cookies<\/strong><\/h4><p><span style=\"font-weight: 400;\">Diese Cookies sammeln Informationen dar\u00fcber, wie Besucher eine Website nutzen, z. B. welche Seiten Besucher am h\u00e4ufigsten besuchen, und sie erm\u00f6glichen es Ihnen, Artikel in Ihrem Einkaufskorb zwischen Besuchen zu speichern. Sie k\u00f6nnen uns auch zeigen, von welcher E-Mail oder Webseite aus Besucher auf unsere Website geklickt haben, und ob Sie eine von uns gesendete E-Mail ge\u00f6ffnet haben.\u00a0<\/span><\/p><p><span style=\"font-weight: 400;\">Bei einigen dieser Cookies handelt es sich um Analyse-Cookies, die mit Webanalyse-Software von Drittanbietern gesetzt werden und die es uns erm\u00f6glichen, den Datenverkehr auf unserer Website zu \u00fcberwachen. Wir verwenden zum Beispiel Google Analytics und Universal Analytics Cookies, die uns dabei helfen. Diese Analyse-Cookies k\u00f6nnen uns auch sagen, wie viele unserer Besucher m\u00e4nnlich oder weiblich sind und k\u00f6nnen die Anzahl der Besucher zusammenfassen, die in bestimmte Altersgruppen oder bestimmte Interessenkategorien fallen. Diese Art von Informationen sind jedoch nicht mit einer Person verkn\u00fcpft; sie zeigen uns lediglich, wie viel Prozent unserer Besucher in bestimmte Kategorien fallen.<\/span><\/p><p><span style=\"font-weight: 400;\">Informieren Sie sich dar\u00fcber, wie Google Ihre Daten verwendet (Link 1), oder deaktivieren Sie die \u00dcbermittlung Ihrer Daten an Google (Link 2)<\/span><\/p><p><span style=\"font-weight: 400;\">Link 1: <\/span><a href=\"http:\/\/www.google.com\/policies\/privacy\/partners\/\"><span style=\"font-weight: 400;\">http:\/\/www.google.com\/policies\/privacy\/partners\/<\/span><\/a><\/p><p><span style=\"font-weight: 400;\">Link 2: <a href=\"https:\/\/support.google.com\/analytics\/answer\/181881?hl=en\">https:\/\/support.google.com\/analytics\/answer\/181881?hl=en<\/a><\/span><\/p><p><span style=\"font-weight: 400;\">Wir werden diese Daten nicht in einer Weise an Dritte weitergeben, die es ihnen erm\u00f6glichen w\u00fcrde, Besucher pers\u00f6nlich zu identifizieren. Wir k\u00f6nnen diese Cookie-Daten jedoch mit anderen von Ihnen \u00fcbermittelten personenbezogenen Daten in Verbindung bringen (z. B. wenn Sie ein Formular abschicken oder teilweise ausf\u00fcllen oder Artikel in Ihrem Einkaufskorb lassen), um sicherzustellen, dass unsere Kommunikation f\u00fcr Sie so relevant wie m\u00f6glich ist.\u00a0<\/span><\/p><p><span style=\"font-weight: 400;\">Manchmal k\u00f6nnen wir diese Daten verwenden, um Folgendes hervorzuheben <\/span><span style=\"font-weight: 400;\">Bondi AI Ltd.<\/span><span style=\"font-weight: 400;\"> Produkte oder Dienstleistungen, von denen wir glauben, dass sie aufgrund Ihrer Nutzung unserer Websites f\u00fcr Sie von Interesse sind, oder um Sie zu kontaktieren und Ihnen Hilfe anzubieten, wenn Sie scheinbar Schwierigkeiten haben, eine Bestellung abzuschlie\u00dfen.\u00a0<\/span><\/p><p><span style=\"font-weight: 400;\">Wir k\u00f6nnen bei E-Commerce-Transaktionen auch Cookies von Drittanbietern verwenden, um Betrug zu verhindern.\u00a0<\/span><\/p><p><b>Durch die Verwendung von <\/b><b>Bondi AI Ltd.<\/b><b> Websites, erkl\u00e4ren Sie sich damit einverstanden, dass wir diese Arten von Cookies auf Ihrem Ger\u00e4t platzieren<\/b><span style=\"font-weight: 400;\">.<\/span><\/p><h4><strong>Funktionalit\u00e4t Cookies<\/strong><\/h4><p><span style=\"font-weight: 400;\">Diese Cookies erm\u00f6glichen es der Website, sich an von Ihnen getroffene Entscheidungen zu erinnern (z. B. an Ihren Benutzernamen, Ihre Sprache oder die Region, in der Sie sich befinden) und erweiterte, pers\u00f6nlichere Funktionen bereitzustellen. Zum Beispiel k\u00f6nnen diese Cookies verwendet werden, um sich an \u00c4nderungen zu erinnern, die Sie an der Textgr\u00f6\u00dfe, den Schriftarten und anderen Teilen von Webseiten vorgenommen haben, die Sie anpassen k\u00f6nnen.\u00a0<\/span><\/p><p><span style=\"font-weight: 400;\">Sie k\u00f6nnen auch verwendet werden, um Dienste bereitzustellen, die Sie angefordert haben, wie z. B. das Ansehen eines Videos oder das Kommentieren in einem Blog. Die Informationen, die diese Cookies sammeln, k\u00f6nnen anonymisiert werden und sie k\u00f6nnen Ihre Browsing-Aktivit\u00e4t auf anderen Websites nicht verfolgen.\u00a0<\/span><\/p><p><b>Durch die Verwendung von <\/b><b>Bondi AI Ltd.<\/b><b> Websites stimmen Sie zu, dass wir diese Arten von Cookies auf Ihrem Ger\u00e4t platzieren d\u00fcrfen.<\/b><\/p><h4><b>Verfolgen wir Besucher und Benutzer?<\/b><\/h4><p><span style=\"font-weight: 400;\">Unsere E-Mails k\u00f6nnen ein \"Web-Beacon-Pixel\" enthalten, um uns mitzuteilen, ob unsere E-Mails ge\u00f6ffnet wurden und um etwaige Klicks auf Links oder Werbung innerhalb der E-Mail zu verifizieren.<\/span><\/p><p><span style=\"font-weight: 400;\">Wir k\u00f6nnen diese Informationen unter anderem dazu verwenden, um festzustellen, welche unserer E-Mails f\u00fcr die Benutzer interessanter sind, und um abzufragen, ob Benutzer, die unsere E-Mails nicht \u00f6ffnen, diese weiterhin erhalten m\u00f6chten.<\/span><\/p><p><span style=\"font-weight: 400;\">Das Pixel wird gel\u00f6scht, wenn Sie die E-Mail l\u00f6schen. Wenn Sie nicht m\u00f6chten, dass das Pixel auf Ihr Ger\u00e4t heruntergeladen wird, sollten Sie die E-Mail in reiner Textansicht oder mit deaktivierten Bildern lesen.<\/span><\/p><p><span style=\"font-weight: 400;\">Wir verwenden Cookies von Pardot, um das Surfverhalten einzelner Website-Besucher zu verfolgen, wie z. B. die Aktivit\u00e4t der Seitenaufrufe und die Verweildauer, damit wir den Erfolg unserer Website besser \u00fcberwachen k\u00f6nnen. Diese Informationen werden gesammelt, um Verbesserungen an unserer Website vorzunehmen.<\/span><\/p><p><span style=\"font-weight: 400;\">Personenbezogene Daten werden in Pardot\/Salesforce nur dann gespeichert, wenn unsere Besucher ein Formular ausf\u00fcllen, z. B. f\u00fcr die Anmeldung zu Veranstaltungen, Kontakt-\/Anfrageformulare oder f\u00fcr das Abonnement unserer E-Mail-Kommunikation.<\/span><\/p>\t\t\t\t\t\t<\/div>\n\t\t\t\t<\/div>\n\t\t\t\t\t<\/div>\n\t\t<\/div>\n\t\t\t\t\t<\/div>\n\t\t<\/section>\n\t\t\t\t<\/div>","protected":false},"excerpt":{"rendered":"<p>Cookies Policy Updated 12\/01\/21 Wir verwenden Cookies, um unsere Websites benutzerfreundlicher zu gestalten. Informieren Sie sich \u00fcber die wichtigsten Arten von Cookies, die wir verwenden, und dar\u00fcber, wozu wir sie einsetzen. Die Daten, die wir mit Hilfe von Cookies sammeln, helfen uns, unsere Kunden besser zu verstehen, damit wir ihnen ein gezielteres Nutzererlebnis bieten k\u00f6nnen. Mit dem Wissen von [...]<\/p>","protected":false},"author":1,"featured_media":0,"parent":0,"menu_order":0,"comment_status":"closed","ping_status":"closed","template":"","meta":[],"yoast_head":"<!-- This site is optimized with the Yoast SEO plugin v20.8 - https:\/\/yoast.com\/wordpress\/plugins\/seo\/ -->\n<title>Cookies Policy - Bondi AI Ltd<\/title>\n<meta name=\"robots\" content=\"noindex, follow, max-snippet:-1, max-image-preview:large, max-video-preview:-1\" \/>\n<meta property=\"og:locale\" content=\"de_DE\" \/>\n<meta property=\"og:type\" content=\"article\" \/>\n<meta property=\"og:title\" content=\"Cookies Policy - Bondi AI Ltd\" \/>\n<meta property=\"og:description\" content=\"Cookies Policy Updated 12\/01\/21 We use cookies to make our websites more user-friendly. Find out about the main types of cookies we use, and what we use them for. The data we collect using cookies helps us understand our customers better so that we can provide a more focused user experience. Using the knowledge of [&hellip;]\" \/>\n<meta property=\"og:url\" content=\"https:\/\/bondi.ai\/de\/cookies-policy\/\" \/>\n<meta property=\"og:site_name\" content=\"Bondi AI Ltd\" \/>\n<meta property=\"article:publisher\" content=\"https:\/\/facebook.com\/bondisuite\" \/>\n<meta property=\"article:modified_time\" content=\"2023-07-13T10:32:35+00:00\" \/>\n<meta property=\"og:image\" content=\"https:\/\/bondi.ai\/wp-content\/uploads\/2021\/01\/domenico-loia-hGV2TfOh0ns-unsplash-scaled.jpg\" \/>\n\t<meta property=\"og:image:width\" content=\"2560\" \/>\n\t<meta property=\"og:image:height\" content=\"1707\" \/>\n\t<meta property=\"og:image:type\" content=\"image\/jpeg\" \/>\n<meta name=\"twitter:card\" content=\"summary_large_image\" \/>\n<meta name=\"twitter:site\" content=\"@bondisuite\" \/>\n<meta name=\"twitter:label1\" content=\"Gesch\u00e4tzte Lesezeit\" \/>\n\t<meta name=\"twitter:data1\" content=\"4\u00a0Minuten\" \/>\n<script type=\"application\/ld+json\" class=\"yoast-schema-graph\">{\"@context\":\"https:\/\/schema.org\",\"@graph\":[{\"@type\":\"WebPage\",\"@id\":\"https:\/\/bondi.ai\/cookies-policy\/\",\"url\":\"https:\/\/bondi.ai\/cookies-policy\/\",\"name\":\"Cookies Policy - Bondi AI Ltd\",\"isPartOf\":{\"@id\":\"https:\/\/bondi.ai\/#website\"},\"datePublished\":\"2021-01-12T15:20:55+00:00\",\"dateModified\":\"2023-07-13T10:32:35+00:00\",\"breadcrumb\":{\"@id\":\"https:\/\/bondi.ai\/cookies-policy\/#breadcrumb\"},\"inLanguage\":\"de\",\"potentialAction\":[{\"@type\":\"ReadAction\",\"target\":[\"https:\/\/bondi.ai\/cookies-policy\/\"]}]},{\"@type\":\"BreadcrumbList\",\"@id\":\"https:\/\/bondi.ai\/cookies-policy\/#breadcrumb\",\"itemListElement\":[{\"@type\":\"ListItem\",\"position\":1,\"name\":\"Home\",\"item\":\"https:\/\/bondi.ai\/\"},{\"@type\":\"ListItem\",\"position\":2,\"name\":\"Cookies Policy\"}]},{\"@type\":\"WebSite\",\"@id\":\"https:\/\/bondi.ai\/#website\",\"url\":\"https:\/\/bondi.ai\/\",\"name\":\"Bondi Platform Ltd\",\"description\":\"Secure digital systems and services that utilise smart technology.\",\"publisher\":{\"@id\":\"https:\/\/bondi.ai\/#organization\"},\"alternateName\":\"Bondisuite\",\"potentialAction\":[{\"@type\":\"SearchAction\",\"target\":{\"@type\":\"EntryPoint\",\"urlTemplate\":\"https:\/\/bondi.ai\/?s={search_term_string}\"},\"query-input\":\"required name=search_term_string\"}],\"inLanguage\":\"de\"},{\"@type\":\"Organization\",\"@id\":\"https:\/\/bondi.ai\/#organization\",\"name\":\"Bondi Platform Limited\",\"alternateName\":\"Bondisuite\",\"url\":\"https:\/\/bondi.ai\/\",\"logo\":{\"@type\":\"ImageObject\",\"inLanguage\":\"de\",\"@id\":\"https:\/\/bondi.ai\/#\/schema\/logo\/image\/\",\"url\":\"https:\/\/bondi.ai\/wp-content\/uploads\/2020\/12\/cropped-Bondi-Platform-450x273-1.png\",\"contentUrl\":\"https:\/\/bondi.ai\/wp-content\/uploads\/2020\/12\/cropped-Bondi-Platform-450x273-1.png\",\"width\":459,\"height\":271,\"caption\":\"Bondi Platform Limited\"},\"image\":{\"@id\":\"https:\/\/bondi.ai\/#\/schema\/logo\/image\/\"},\"sameAs\":[\"https:\/\/facebook.com\/bondisuite\",\"https:\/\/twitter.com\/bondisuite\",\"https:\/\/linkedin.com\/company\/bondi-platform-ltd\"]}]}<\/script>\n<!-- \/ Yoast SEO plugin. -->","yoast_head_json":{"title":"Cookies Policy - Bondi AI Ltd","robots":{"index":"noindex","follow":"follow","max-snippet":"max-snippet:-1","max-image-preview":"max-image-preview:large","max-video-preview":"max-video-preview:-1"},"og_locale":"de_DE","og_type":"article","og_title":"Cookies Policy - Bondi AI Ltd","og_description":"Cookies Policy Updated 12\/01\/21 We use cookies to make our websites more user-friendly. Find out about the main types of cookies we use, and what we use them for. The data we collect using cookies helps us understand our customers better so that we can provide a more focused user experience. Using the knowledge of [&hellip;]","og_url":"https:\/\/bondi.ai\/de\/cookies-policy\/","og_site_name":"Bondi AI Ltd","article_publisher":"https:\/\/facebook.com\/bondisuite","article_modified_time":"2023-07-13T10:32:35+00:00","og_image":[{"width":2560,"height":1707,"url":"https:\/\/bondi.ai\/wp-content\/uploads\/2021\/01\/domenico-loia-hGV2TfOh0ns-unsplash-scaled.jpg","type":"image\/jpeg"}],"twitter_card":"summary_large_image","twitter_site":"@bondisuite","twitter_misc":{"Gesch\u00e4tzte Lesezeit":"4\u00a0Minuten"},"schema":{"@context":"https:\/\/schema.org","@graph":[{"@type":"WebPage","@id":"https:\/\/bondi.ai\/cookies-policy\/","url":"https:\/\/bondi.ai\/cookies-policy\/","name":"Cookies Policy - Bondi AI Ltd","isPartOf":{"@id":"https:\/\/bondi.ai\/#website"},"datePublished":"2021-01-12T15:20:55+00:00","dateModified":"2023-07-13T10:32:35+00:00","breadcrumb":{"@id":"https:\/\/bondi.ai\/cookies-policy\/#breadcrumb"},"inLanguage":"de","potentialAction":[{"@type":"ReadAction","target":["https:\/\/bondi.ai\/cookies-policy\/"]}]},{"@type":"BreadcrumbList","@id":"https:\/\/bondi.ai\/cookies-policy\/#breadcrumb","itemListElement":[{"@type":"ListItem","position":1,"name":"Home","item":"https:\/\/bondi.ai\/"},{"@type":"ListItem","position":2,"name":"Cookies Policy"}]},{"@type":"WebSite","@id":"https:\/\/bondi.ai\/#website","url":"https:\/\/bondi.ai\/","name":"Bondi Platform Ltd","description":"Secure digital systems and services that utilise smart technology.","publisher":{"@id":"https:\/\/bondi.ai\/#organization"},"alternateName":"Bondisuite","potentialAction":[{"@type":"SearchAction","target":{"@type":"EntryPoint","urlTemplate":"https:\/\/bondi.ai\/?s={search_term_string}"},"query-input":"required name=search_term_string"}],"inLanguage":"de"},{"@type":"Organization","@id":"https:\/\/bondi.ai\/#organization","name":"Bondi Platform Limited","alternateName":"Bondisuite","url":"https:\/\/bondi.ai\/","logo":{"@type":"ImageObject","inLanguage":"de","@id":"https:\/\/bondi.ai\/#\/schema\/logo\/image\/","url":"https:\/\/bondi.ai\/wp-content\/uploads\/2020\/12\/cropped-Bondi-Platform-450x273-1.png","contentUrl":"https:\/\/bondi.ai\/wp-content\/uploads\/2020\/12\/cropped-Bondi-Platform-450x273-1.png","width":459,"height":271,"caption":"Bondi Platform Limited"},"image":{"@id":"https:\/\/bondi.ai\/#\/schema\/logo\/image\/"},"sameAs":["https:\/\/facebook.com\/bondisuite","https:\/\/twitter.com\/bondisuite","https:\/\/linkedin.com\/company\/bondi-platform-ltd"]}]}},"_links":{"self":[{"href":"https:\/\/bondi.ai\/de\/wp-json\/wp\/v2\/pages\/1356"}],"collection":[{"href":"https:\/\/bondi.ai\/de\/wp-json\/wp\/v2\/pages"}],"about":[{"href":"https:\/\/bondi.ai\/de\/wp-json\/wp\/v2\/types\/page"}],"author":[{"embeddable":true,"href":"https:\/\/bondi.ai\/de\/wp-json\/wp\/v2\/users\/1"}],"replies":[{"embeddable":true,"href":"https:\/\/bondi.ai\/de\/wp-json\/wp\/v2\/comments?post=1356"}],"version-history":[{"count":10,"href":"https:\/\/bondi.ai\/de\/wp-json\/wp\/v2\/pages\/1356\/revisions"}],"predecessor-version":[{"id":4181,"href":"https:\/\/bondi.ai\/de\/wp-json\/wp\/v2\/pages\/1356\/revisions\/4181"}],"wp:attachment":[{"href":"https:\/\/bondi.ai\/de\/wp-json\/wp\/v2\/media?parent=1356"}],"curies":[{"name":"wp","href":"https:\/\/api.w.org\/{rel}","templated":true}]}}