{"id":2933,"date":"2021-02-05T07:55:21","date_gmt":"2021-02-05T07:55:21","guid":{"rendered":"https:\/\/bondiplatform.com\/?page_id=2933"},"modified":"2023-02-07T18:20:40","modified_gmt":"2023-02-07T18:20:40","slug":"buy-bondichat","status":"publish","type":"page","link":"https:\/\/bondi.ai\/de\/buy-bondichat\/","title":{"rendered":"BondiChat kaufen - abonnementbasierte private, verschl\u00fcsselte Chat-Plattform"},"content":{"rendered":"<div data-elementor-type=\"wp-page\" data-elementor-id=\"2933\" class=\"elementor elementor-2933\" data-elementor-post-type=\"page\">\n\t\t\t\t\t\t<section class=\"has_eae_slider elementor-section elementor-top-section elementor-element elementor-element-9b51f03 elementor-section-boxed elementor-section-height-default elementor-section-height-default\" data-eae-slider=\"69510\" data-id=\"9b51f03\" data-element_type=\"section\">\n\t\t\t\t\t\t<div class=\"elementor-container elementor-column-gap-default\">\n\t\t\t\t\t<div class=\"has_eae_slider elementor-column elementor-col-100 elementor-top-column elementor-element elementor-element-aa08b1a\" data-eae-slider=\"95084\" data-id=\"aa08b1a\" data-element_type=\"column\">\n\t\t\t<div class=\"elementor-widget-wrap elementor-element-populated\">\n\t\t\t\t\t\t<div class=\"elementor-element elementor-element-b2a536f elementor-widget elementor-widget-heading\" data-id=\"b2a536f\" data-element_type=\"widget\" data-widget_type=\"heading.default\">\n\t\t\t\t<div class=\"elementor-widget-container\">\n\t\t\t<h2 class=\"elementor-heading-title elementor-size-default\">Bondi Chat als Abonnement kaufen<\/h2>\t\t<\/div>\n\t\t\t\t<\/div>\n\t\t\t\t\t<\/div>\n\t\t<\/div>\n\t\t\t\t\t<\/div>\n\t\t<\/section>\n\t\t\t\t<section class=\"has_eae_slider elementor-section elementor-top-section elementor-element elementor-element-3376781 elementor-section-full_width elementor-section-height-default elementor-section-height-default\" data-eae-slider=\"33312\" data-id=\"3376781\" data-element_type=\"section\">\n\t\t\t\t\t\t<div class=\"elementor-container elementor-column-gap-default\">\n\t\t\t\t\t<div class=\"has_eae_slider elementor-column elementor-col-100 elementor-top-column elementor-element elementor-element-4d830b1\" data-eae-slider=\"66189\" data-id=\"4d830b1\" data-element_type=\"column\">\n\t\t\t<div class=\"elementor-widget-wrap elementor-element-populated\">\n\t\t\t\t\t\t<div class=\"elementor-element elementor-element-5b6c099 elementor-widget elementor-widget-html\" data-id=\"5b6c099\" data-element_type=\"widget\" data-widget_type=\"html.default\">\n\t\t\t\t<div class=\"elementor-widget-container\">\n\t\t\t<div id=\"zf-widget-root-id\"><\/div> <script type=\"text\/javascript\" src='https:\/\/js.zohostatic.com\/books\/zfwidgets\/assets\/js\/zf-widget.js'><\/script> <script> var pricingTableComponentOptions = { id: 'zf-widget-root-id', product_id: '2-abe6b77f06371985e87f5395384b87352b5a9c2a402a0760457778a4ed5c1702e3779491e7083836e36722d5d8638f7e20cdac3efdb40410c28700b0dfd6eff4', template: 'elegant', most_popular_plan: '', is_group_by_frequency: false, group_options: [ ], plans: [ { plan_code: 'BC-01' }, { plan_code: 'BC-01-MED' }, { plan_code: 'BC-03-LRG' }, { plan_code: 'BC-04-CORP' }, ], theme: { color: '#5296b3', theme_color_light: ''}, button_text: 'Subscribe', product_url: 'https:\/\/subscriptions.zoho.eu', price_caption: '', language_code: 'en', open_inSameTab: false }; ZFWidget.init('zf-pricing-table', pricingTableComponentOptions); <\/script>\t\t<\/div>\n\t\t\t\t<\/div>\n\t\t\t\t\t<\/div>\n\t\t<\/div>\n\t\t\t\t\t<\/div>\n\t\t<\/section>\n\t\t\t\t<section class=\"has_eae_slider elementor-section elementor-top-section elementor-element elementor-element-24c6fba elementor-section-boxed elementor-section-height-default elementor-section-height-default\" data-eae-slider=\"29607\" data-id=\"24c6fba\" data-element_type=\"section\" data-settings=\"{&quot;background_background&quot;:&quot;gradient&quot;}\">\n\t\t\t\t\t\t<div class=\"elementor-container elementor-column-gap-default\">\n\t\t\t\t\t<div class=\"has_eae_slider elementor-column elementor-col-50 elementor-top-column elementor-element elementor-element-b446919\" data-eae-slider=\"19710\" data-id=\"b446919\" data-element_type=\"column\">\n\t\t\t<div class=\"elementor-widget-wrap elementor-element-populated\">\n\t\t\t\t\t\t<div class=\"elementor-element elementor-element-74e07fe elementor-widget elementor-widget-image\" data-id=\"74e07fe\" data-element_type=\"widget\" data-widget_type=\"image.default\">\n\t\t\t\t<div class=\"elementor-widget-container\">\n\t\t\t\t\t\t\t\t\t\t\t\t\t<img fetchpriority=\"high\" decoding=\"async\" width=\"300\" height=\"212\" src=\"https:\/\/bondi.ai\/wp-content\/uploads\/2021\/02\/BondiChat-Custom-300x212.png\" class=\"attachment-medium size-medium wp-image-3033\" alt=\"\" srcset=\"https:\/\/bondi.ai\/wp-content\/uploads\/2021\/02\/BondiChat-Custom-300x212.png 300w, https:\/\/bondi.ai\/wp-content\/uploads\/2021\/02\/BondiChat-Custom-16x12.png 16w, https:\/\/bondi.ai\/wp-content\/uploads\/2021\/02\/BondiChat-Custom.png 595w\" sizes=\"(max-width: 300px) 100vw, 300px\" \/>\t\t\t\t\t\t\t\t\t\t\t\t\t<\/div>\n\t\t\t\t<\/div>\n\t\t\t\t\t<\/div>\n\t\t<\/div>\n\t\t\t\t<div class=\"has_eae_slider elementor-column elementor-col-50 elementor-top-column elementor-element elementor-element-8b4159b\" data-eae-slider=\"26295\" data-id=\"8b4159b\" data-element_type=\"column\">\n\t\t\t<div class=\"elementor-widget-wrap elementor-element-populated\">\n\t\t\t\t\t\t<div class=\"elementor-element elementor-element-a1122d1 elementor-widget elementor-widget-heading\" data-id=\"a1122d1\" data-element_type=\"widget\" data-widget_type=\"heading.default\">\n\t\t\t\t<div class=\"elementor-widget-container\">\n\t\t\t<h2 class=\"elementor-heading-title elementor-size-default\">BondiChat Benutzerdefinierte Option<\/h2>\t\t<\/div>\n\t\t\t\t<\/div>\n\t\t\t\t<div class=\"elementor-element elementor-element-3e08646 elementor-widget elementor-widget-text-editor\" data-id=\"3e08646\" data-element_type=\"widget\" data-widget_type=\"text-editor.default\">\n\t\t\t\t<div class=\"elementor-widget-container\">\n\t\t\t\t\t\t\t<p>Wenn Sie oben kein Paket sehen, das Ihren Anforderungen entspricht, nehmen Sie bitte Kontakt mit uns auf, und wir beraten Sie gerne zu einer ma\u00dfgeschneiderten L\u00f6sung.\u00a0<\/p>\t\t\t\t\t\t<\/div>\n\t\t\t\t<\/div>\n\t\t\t\t<section class=\"has_eae_slider elementor-section elementor-inner-section elementor-element elementor-element-d6a0372 elementor-section-full_width elementor-section-height-default elementor-section-height-default\" data-eae-slider=\"39716\" data-id=\"d6a0372\" data-element_type=\"section\">\n\t\t\t\t\t\t<div class=\"elementor-container elementor-column-gap-default\">\n\t\t\t\t\t<div class=\"has_eae_slider elementor-column elementor-col-50 elementor-inner-column elementor-element elementor-element-a6d844f\" data-eae-slider=\"75943\" data-id=\"a6d844f\" data-element_type=\"column\">\n\t\t\t<div class=\"elementor-widget-wrap elementor-element-populated\">\n\t\t\t\t\t\t<div class=\"elementor-element elementor-element-d348449 elementor-align-justify elementor-widget elementor-widget-button\" data-id=\"d348449\" data-element_type=\"widget\" data-widget_type=\"button.default\">\n\t\t\t\t<div class=\"elementor-widget-container\">\n\t\t\t\t\t<div class=\"elementor-button-wrapper\">\n\t\t\t<a class=\"elementor-button elementor-button-link elementor-size-sm\" href=\"mailto:\/\/sales@bondiplatform.com\">\n\t\t\t\t\t\t<span class=\"elementor-button-content-wrapper\">\n\t\t\t\t\t\t<span class=\"elementor-button-icon\">\n\t\t\t\t<svg aria-hidden=\"true\" class=\"e-font-icon-svg e-far-arrow-alt-circle-right\" viewbox=\"0 0 512 512\" xmlns=\"http:\/\/www.w3.org\/2000\/svg\"><path d=\"M504 256C504 119 393 8 256 8S8 119 8 256s111 248 248 248 248-111 248-248zm-448 0c0-110.5 89.5-200 200-200s200 89.5 200 200-89.5 200-200 200S56 366.5 56 256zm72 20v-40c0-6.6 5.4-12 12-12h116v-67c0-10.7 12.9-16 20.5-8.5l99 99c4.7 4.7 4.7 12.3 0 17l-99 99c-7.6 7.6-20.5 2.2-20.5-8.5v-67H140c-6.6 0-12-5.4-12-12z\"><\/path><\/svg>\t\t\t<\/span>\n\t\t\t\t\t\t\t\t\t<span class=\"elementor-button-text\">E-Mail an uns<\/span>\n\t\t\t\t\t<\/span>\n\t\t\t\t\t<\/a>\n\t\t<\/div>\n\t\t\t\t<\/div>\n\t\t\t\t<\/div>\n\t\t\t\t\t<\/div>\n\t\t<\/div>\n\t\t\t\t<div class=\"has_eae_slider elementor-column elementor-col-50 elementor-inner-column elementor-element elementor-element-d8b0941\" data-eae-slider=\"37286\" data-id=\"d8b0941\" data-element_type=\"column\">\n\t\t\t<div class=\"elementor-widget-wrap elementor-element-populated\">\n\t\t\t\t\t\t<div class=\"elementor-element elementor-element-be32cb6 elementor-align-justify elementor-widget elementor-widget-button\" data-id=\"be32cb6\" data-element_type=\"widget\" data-widget_type=\"button.default\">\n\t\t\t\t<div class=\"elementor-widget-container\">\n\t\t\t\t\t<div class=\"elementor-button-wrapper\">\n\t\t\t<a class=\"elementor-button elementor-button-link elementor-size-sm\" href=\"https:\/\/bondi.ai\/de\/contact-us\/\">\n\t\t\t\t\t\t<span class=\"elementor-button-content-wrapper\">\n\t\t\t\t\t\t<span class=\"elementor-button-icon\">\n\t\t\t\t<svg aria-hidden=\"true\" class=\"e-font-icon-svg e-far-arrow-alt-circle-right\" viewbox=\"0 0 512 512\" xmlns=\"http:\/\/www.w3.org\/2000\/svg\"><path d=\"M504 256C504 119 393 8 256 8S8 119 8 256s111 248 248 248 248-111 248-248zm-448 0c0-110.5 89.5-200 200-200s200 89.5 200 200-89.5 200-200 200S56 366.5 56 256zm72 20v-40c0-6.6 5.4-12 12-12h116v-67c0-10.7 12.9-16 20.5-8.5l99 99c4.7 4.7 4.7 12.3 0 17l-99 99c-7.6 7.6-20.5 2.2-20.5-8.5v-67H140c-6.6 0-12-5.4-12-12z\"><\/path><\/svg>\t\t\t<\/span>\n\t\t\t\t\t\t\t\t\t<span class=\"elementor-button-text\">R\u00fcckruf anfordern<\/span>\n\t\t\t\t\t<\/span>\n\t\t\t\t\t<\/a>\n\t\t<\/div>\n\t\t\t\t<\/div>\n\t\t\t\t<\/div>\n\t\t\t\t\t<\/div>\n\t\t<\/div>\n\t\t\t\t\t<\/div>\n\t\t<\/section>\n\t\t\t\t\t<\/div>\n\t\t<\/div>\n\t\t\t\t\t<\/div>\n\t\t<\/section>\n\t\t\t\t<\/div>","protected":false},"excerpt":{"rendered":"<p>Kaufen Sie Bondi Chat als Abonnement BondiChat Custom Option Wenn Sie oben kein Paket sehen, das Ihren Anforderungen entspricht, kontaktieren Sie uns bitte und wir beraten Sie gerne \u00fcber eine individuelle L\u00f6sung.  E-Mail an uns R\u00fcckruf anfordern<\/p>","protected":false},"author":5,"featured_media":0,"parent":0,"menu_order":0,"comment_status":"closed","ping_status":"closed","template":"","meta":[],"yoast_head":"<!-- This site is optimized with the Yoast SEO plugin v20.8 - https:\/\/yoast.com\/wordpress\/plugins\/seo\/ -->\n<title>Buy BondiChat - subscription based private, encrypted chat platform - Bondi AI Ltd<\/title>\n<meta name=\"robots\" content=\"noindex, follow, max-snippet:-1, max-image-preview:large, max-video-preview:-1\" \/>\n<meta property=\"og:locale\" content=\"de_DE\" \/>\n<meta property=\"og:type\" content=\"article\" \/>\n<meta property=\"og:title\" content=\"Buy BondiChat - subscription based private, encrypted chat platform - Bondi AI Ltd\" \/>\n<meta property=\"og:description\" content=\"Buy Bondi Chat as a subscription BondiChat Custom Option If you don&#8217;t see a package above that suits your requirements, please contact us and we will be pleased to advise on a custom solution.\u00a0 Email us Request a callback\" \/>\n<meta property=\"og:url\" content=\"https:\/\/bondi.ai\/de\/buy-bondichat\/\" \/>\n<meta property=\"og:site_name\" content=\"Bondi AI Ltd\" \/>\n<meta property=\"article:publisher\" content=\"https:\/\/facebook.com\/bondisuite\" \/>\n<meta property=\"article:modified_time\" content=\"2023-02-07T18:20:40+00:00\" \/>\n<meta property=\"og:image\" content=\"https:\/\/bondi.ai\/wp-content\/uploads\/2021\/02\/BondiChat-Custom-300x212.png\" \/>\n<meta name=\"twitter:card\" content=\"summary_large_image\" \/>\n<meta name=\"twitter:site\" content=\"@bondisuite\" \/>\n<meta name=\"twitter:label1\" content=\"Gesch\u00e4tzte Lesezeit\" \/>\n\t<meta name=\"twitter:data1\" content=\"1\u00a0Minute\" \/>\n<script type=\"application\/ld+json\" class=\"yoast-schema-graph\">{\"@context\":\"https:\/\/schema.org\",\"@graph\":[{\"@type\":\"WebPage\",\"@id\":\"https:\/\/bondi.ai\/buy-bondichat\/\",\"url\":\"https:\/\/bondi.ai\/buy-bondichat\/\",\"name\":\"Buy BondiChat - subscription based private, encrypted chat platform - Bondi AI Ltd\",\"isPartOf\":{\"@id\":\"https:\/\/bondi.ai\/#website\"},\"datePublished\":\"2021-02-05T07:55:21+00:00\",\"dateModified\":\"2023-02-07T18:20:40+00:00\",\"breadcrumb\":{\"@id\":\"https:\/\/bondi.ai\/buy-bondichat\/#breadcrumb\"},\"inLanguage\":\"de\",\"potentialAction\":[{\"@type\":\"ReadAction\",\"target\":[\"https:\/\/bondi.ai\/buy-bondichat\/\"]}]},{\"@type\":\"BreadcrumbList\",\"@id\":\"https:\/\/bondi.ai\/buy-bondichat\/#breadcrumb\",\"itemListElement\":[{\"@type\":\"ListItem\",\"position\":1,\"name\":\"Home\",\"item\":\"https:\/\/bondi.ai\/\"},{\"@type\":\"ListItem\",\"position\":2,\"name\":\"Buy BondiChat &#8211; subscription based private, encrypted chat platform\"}]},{\"@type\":\"WebSite\",\"@id\":\"https:\/\/bondi.ai\/#website\",\"url\":\"https:\/\/bondi.ai\/\",\"name\":\"Bondi Platform Ltd\",\"description\":\"Secure digital systems and services that utilise smart technology.\",\"publisher\":{\"@id\":\"https:\/\/bondi.ai\/#organization\"},\"alternateName\":\"Bondisuite\",\"potentialAction\":[{\"@type\":\"SearchAction\",\"target\":{\"@type\":\"EntryPoint\",\"urlTemplate\":\"https:\/\/bondi.ai\/?s={search_term_string}\"},\"query-input\":\"required name=search_term_string\"}],\"inLanguage\":\"de\"},{\"@type\":\"Organization\",\"@id\":\"https:\/\/bondi.ai\/#organization\",\"name\":\"Bondi Platform Limited\",\"alternateName\":\"Bondisuite\",\"url\":\"https:\/\/bondi.ai\/\",\"logo\":{\"@type\":\"ImageObject\",\"inLanguage\":\"de\",\"@id\":\"https:\/\/bondi.ai\/#\/schema\/logo\/image\/\",\"url\":\"https:\/\/bondi.ai\/wp-content\/uploads\/2020\/12\/cropped-Bondi-Platform-450x273-1.png\",\"contentUrl\":\"https:\/\/bondi.ai\/wp-content\/uploads\/2020\/12\/cropped-Bondi-Platform-450x273-1.png\",\"width\":459,\"height\":271,\"caption\":\"Bondi Platform Limited\"},\"image\":{\"@id\":\"https:\/\/bondi.ai\/#\/schema\/logo\/image\/\"},\"sameAs\":[\"https:\/\/facebook.com\/bondisuite\",\"https:\/\/twitter.com\/bondisuite\",\"https:\/\/linkedin.com\/company\/bondi-platform-ltd\"]}]}<\/script>\n<!-- \/ Yoast SEO plugin. -->","yoast_head_json":{"title":"Buy BondiChat - subscription based private, encrypted chat platform - Bondi AI Ltd","robots":{"index":"noindex","follow":"follow","max-snippet":"max-snippet:-1","max-image-preview":"max-image-preview:large","max-video-preview":"max-video-preview:-1"},"og_locale":"de_DE","og_type":"article","og_title":"Buy BondiChat - subscription based private, encrypted chat platform - Bondi AI Ltd","og_description":"Buy Bondi Chat as a subscription BondiChat Custom Option If you don&#8217;t see a package above that suits your requirements, please contact us and we will be pleased to advise on a custom solution.\u00a0 Email us Request a callback","og_url":"https:\/\/bondi.ai\/de\/buy-bondichat\/","og_site_name":"Bondi AI Ltd","article_publisher":"https:\/\/facebook.com\/bondisuite","article_modified_time":"2023-02-07T18:20:40+00:00","og_image":[{"url":"https:\/\/bondi.ai\/wp-content\/uploads\/2021\/02\/BondiChat-Custom-300x212.png"}],"twitter_card":"summary_large_image","twitter_site":"@bondisuite","twitter_misc":{"Gesch\u00e4tzte Lesezeit":"1\u00a0Minute"},"schema":{"@context":"https:\/\/schema.org","@graph":[{"@type":"WebPage","@id":"https:\/\/bondi.ai\/buy-bondichat\/","url":"https:\/\/bondi.ai\/buy-bondichat\/","name":"Buy BondiChat - subscription based private, encrypted chat platform - Bondi AI Ltd","isPartOf":{"@id":"https:\/\/bondi.ai\/#website"},"datePublished":"2021-02-05T07:55:21+00:00","dateModified":"2023-02-07T18:20:40+00:00","breadcrumb":{"@id":"https:\/\/bondi.ai\/buy-bondichat\/#breadcrumb"},"inLanguage":"de","potentialAction":[{"@type":"ReadAction","target":["https:\/\/bondi.ai\/buy-bondichat\/"]}]},{"@type":"BreadcrumbList","@id":"https:\/\/bondi.ai\/buy-bondichat\/#breadcrumb","itemListElement":[{"@type":"ListItem","position":1,"name":"Home","item":"https:\/\/bondi.ai\/"},{"@type":"ListItem","position":2,"name":"Buy BondiChat &#8211; subscription based private, encrypted chat platform"}]},{"@type":"WebSite","@id":"https:\/\/bondi.ai\/#website","url":"https:\/\/bondi.ai\/","name":"Bondi Platform Ltd","description":"Secure digital systems and services that utilise smart technology.","publisher":{"@id":"https:\/\/bondi.ai\/#organization"},"alternateName":"Bondisuite","potentialAction":[{"@type":"SearchAction","target":{"@type":"EntryPoint","urlTemplate":"https:\/\/bondi.ai\/?s={search_term_string}"},"query-input":"required name=search_term_string"}],"inLanguage":"de"},{"@type":"Organization","@id":"https:\/\/bondi.ai\/#organization","name":"Bondi Platform Limited","alternateName":"Bondisuite","url":"https:\/\/bondi.ai\/","logo":{"@type":"ImageObject","inLanguage":"de","@id":"https:\/\/bondi.ai\/#\/schema\/logo\/image\/","url":"https:\/\/bondi.ai\/wp-content\/uploads\/2020\/12\/cropped-Bondi-Platform-450x273-1.png","contentUrl":"https:\/\/bondi.ai\/wp-content\/uploads\/2020\/12\/cropped-Bondi-Platform-450x273-1.png","width":459,"height":271,"caption":"Bondi Platform Limited"},"image":{"@id":"https:\/\/bondi.ai\/#\/schema\/logo\/image\/"},"sameAs":["https:\/\/facebook.com\/bondisuite","https:\/\/twitter.com\/bondisuite","https:\/\/linkedin.com\/company\/bondi-platform-ltd"]}]}},"_links":{"self":[{"href":"https:\/\/bondi.ai\/de\/wp-json\/wp\/v2\/pages\/2933"}],"collection":[{"href":"https:\/\/bondi.ai\/de\/wp-json\/wp\/v2\/pages"}],"about":[{"href":"https:\/\/bondi.ai\/de\/wp-json\/wp\/v2\/types\/page"}],"author":[{"embeddable":true,"href":"https:\/\/bondi.ai\/de\/wp-json\/wp\/v2\/users\/5"}],"replies":[{"embeddable":true,"href":"https:\/\/bondi.ai\/de\/wp-json\/wp\/v2\/comments?post=2933"}],"version-history":[{"count":76,"href":"https:\/\/bondi.ai\/de\/wp-json\/wp\/v2\/pages\/2933\/revisions"}],"predecessor-version":[{"id":3560,"href":"https:\/\/bondi.ai\/de\/wp-json\/wp\/v2\/pages\/2933\/revisions\/3560"}],"wp:attachment":[{"href":"https:\/\/bondi.ai\/de\/wp-json\/wp\/v2\/media?parent=2933"}],"curies":[{"name":"wp","href":"https:\/\/api.w.org\/{rel}","templated":true}]}}