{"id":3,"date":"2020-11-23T22:41:58","date_gmt":"2020-11-23T22:41:58","guid":{"rendered":"https:\/\/bondiplatform.com\/?page_id=3"},"modified":"2023-07-13T11:12:52","modified_gmt":"2023-07-13T11:12:52","slug":"privacy-policy","status":"publish","type":"page","link":"https:\/\/bondi.ai\/de\/privacy-policy\/","title":{"rendered":"Datenschutzrichtlinie"},"content":{"rendered":"<div data-elementor-type=\"wp-page\" data-elementor-id=\"3\" class=\"elementor elementor-3\" data-elementor-post-type=\"page\">\n\t\t\t\t\t\t<section class=\"has_eae_slider elementor-section elementor-top-section elementor-element elementor-element-7fc9b1a9 elementor-section-boxed elementor-section-height-default elementor-section-height-default\" data-eae-slider=\"96888\" data-id=\"7fc9b1a9\" data-element_type=\"section\" data-settings=\"{&quot;background_background&quot;:&quot;classic&quot;}\">\n\t\t\t\t\t\t<div class=\"elementor-container elementor-column-gap-default\">\n\t\t\t\t\t<div class=\"has_eae_slider elementor-column elementor-col-100 elementor-top-column elementor-element elementor-element-6ca6b6ef\" data-eae-slider=\"1168\" data-id=\"6ca6b6ef\" data-element_type=\"column\">\n\t\t\t<div class=\"elementor-widget-wrap elementor-element-populated\">\n\t\t\t\t\t\t<div class=\"elementor-element elementor-element-91e287d elementor-widget elementor-widget-heading\" data-id=\"91e287d\" data-element_type=\"widget\" data-widget_type=\"heading.default\">\n\t\t\t\t<div class=\"elementor-widget-container\">\n\t\t\t<h2 class=\"elementor-heading-title elementor-size-default\">Datenschutzrichtlinie<\/h2>\t\t<\/div>\n\t\t\t\t<\/div>\n\t\t\t\t<div class=\"elementor-element elementor-element-65aa54a2 elementor-widget elementor-widget-text-editor\" data-id=\"65aa54a2\" data-element_type=\"widget\" data-widget_type=\"text-editor.default\">\n\t\t\t\t<div class=\"elementor-widget-container\">\n\t\t\t\t\t\t\t<p><span style=\"font-weight: 400;\">Das Internet ist ein erstaunliches Instrument. Es hat die Macht, die Art und Weise, wie wir leben, zu ver\u00e4ndern, und wir beginnen heute, dieses Potenzial zu erkennen. Mit nur wenigen Mausklicks k\u00f6nnen Sie die Nachrichten verfolgen, Fakten nachschlagen, Waren und Dienstleistungen kaufen und mit anderen aus der ganzen Welt kommunizieren. F\u00fcr Bondi AI Ltd. ist es wichtig, unseren Kunden zu helfen, ihre Privatsph\u00e4re zu wahren, wenn sie die Vorteile des Internets nutzen.<\/span><\/p><p><span style=\"font-weight: 400;\">Wir glauben, dass Ihr Gesch\u00e4ft niemandem sonst geh\u00f6rt. Ihre Privatsph\u00e4re ist wichtig f\u00fcr Sie und f\u00fcr uns. Deshalb sch\u00fctzen wir die Informationen, die Sie mit uns teilen. Um Ihre Privatsph\u00e4re zu sch\u00fctzen, befolgt Bondi AI Ltd. verschiedene Prinzipien in \u00dcbereinstimmung mit weltweiten Praktiken zum Schutz der Privatsph\u00e4re und der Daten von Kunden.<\/span><\/p><ul><li style=\"font-weight: 400;\" aria-level=\"1\"><span style=\"font-weight: 400;\">Wir werden Ihren Namen, Ihre Postanschrift, Ihre Telefonnummer, Ihre E-Mail-Adresse oder andere Informationen nicht an Dritte verkaufen oder weitergeben.<\/span><\/li><li style=\"font-weight: 400;\" aria-level=\"1\"><span style=\"font-weight: 400;\">Wir verwenden modernste Sicherheitsma\u00dfnahmen, um Ihre Daten vor unbefugten Benutzern zu sch\u00fctzen.<\/span><\/li><\/ul><h4><b>HINWEIS<\/b><\/h4><p><span style=\"font-weight: 400;\">Wir werden Sie fragen, wenn wir Informationen ben\u00f6tigen, die Sie pers\u00f6nlich identifizieren (pers\u00f6nliche Informationen) oder uns erlauben, Sie zu kontaktieren. Im Allgemeinen werden diese Informationen angefordert, wenn Sie eine Registrierungs-ID auf der Website erstellen oder wenn Sie kostenlose Software herunterladen, an einem Wettbewerb teilnehmen, E-Mail-Newsletter bestellen oder einer Premium-Site mit beschr\u00e4nktem Zugang beitreten. Wir verwenden Ihre pers\u00f6nlichen Informationen f\u00fcr vier Hauptzwecke:<\/span><\/p><ul><li style=\"font-weight: 400;\" aria-level=\"1\"><span style=\"font-weight: 400;\">\u00a0Um Ihnen die Nutzung der Seite zu erleichtern, indem Sie Informationen nicht mehrfach eingeben m\u00fcssen.<\/span><\/li><li style=\"font-weight: 400;\" aria-level=\"1\"><span style=\"font-weight: 400;\">Damit Sie schnell Software, Dienste oder Informationen finden.<\/span><\/li><li style=\"font-weight: 400;\" aria-level=\"1\"><span style=\"font-weight: 400;\">\u00a0Um uns zu helfen, f\u00fcr Sie relevante Inhalte zu erstellen.<\/span><\/li><li style=\"font-weight: 400;\" aria-level=\"1\"><span style=\"font-weight: 400;\">Um Sie \u00fcber Produktverbesserungen, Sonderangebote, aktualisierte Informationen und andere neue Dienstleistungen von Bondi AI Ltd. zu informieren.<\/span><\/li><\/ul><h4><b>ZUSTIMMUNG<\/b><\/h4><p><span style=\"font-weight: 400;\">Wenn Sie sich entscheiden, sich nicht zu registrieren oder pers\u00f6nliche Daten anzugeben, k\u00f6nnen Sie trotzdem den gr\u00f6\u00dften Teil von BondiSuite nutzen. Sie werden jedoch nicht auf Bereiche zugreifen k\u00f6nnen, die eine Registrierung erfordern.<\/span><\/p><p><span style=\"font-weight: 400;\">Wenn Sie sich entscheiden, sich zu registrieren, k\u00f6nnen Sie die Art von Informationen ausw\u00e4hlen, die Sie von uns erhalten m\u00f6chten, indem Sie verschiedene Dienste abonnieren, wie z.B. unsere elektronischen Newsletter. Wenn Sie nicht m\u00f6chten, dass wir mit Ihnen \u00fcber andere Angebote zu Produkten, Programmen, Veranstaltungen oder Dienstleistungen von Bondi AI Ltd. per E-Mail, Post oder Telefon kommunizieren, k\u00f6nnen Sie die Option w\u00e4hlen, dass Sie keine Marketingnachrichten von Bondi AI Ltd. erhalten m\u00f6chten.<\/span><\/p><p><span style=\"font-weight: 400;\">Bondi AI Ltd. erlaubt gelegentlich anderen Unternehmen, unseren registrierten Kunden Informationen \u00fcber ihre Produkte und Dienstleistungen anzubieten, und zwar ausschlie\u00dflich per Post. Wenn Sie diese Angebote nicht erhalten m\u00f6chten, k\u00f6nnen Sie die Option w\u00e4hlen, dass Sie keine Marketingmaterialien von Dritten erhalten m\u00f6chten.<\/span><\/p><h4><b>ACCESS<\/b><\/h4><p><span style=\"font-weight: 400;\">Wir werden Ihnen die Mittel zur Verf\u00fcgung stellen, um sicherzustellen, dass Ihre pers\u00f6nlichen Informationen korrekt und aktuell sind. Sie k\u00f6nnen diese Informationen jederzeit im Visitor Center \u00fcberpr\u00fcfen und aktualisieren. Dort k\u00f6nnen Sie:<\/span><\/p><ul><li style=\"font-weight: 400;\" aria-level=\"1\"><span style=\"font-weight: 400;\">Pers\u00f6nliche Informationen, die Sie uns bereits gegeben haben, einsehen und bearbeiten.<\/span><\/li><li style=\"font-weight: 400;\" aria-level=\"1\"><span style=\"font-weight: 400;\">Teilen Sie uns mit, ob Sie m\u00f6chten, dass wir Ihnen Marketinginformationen zusenden, oder ob Sie m\u00f6chten, dass Dritte Ihnen ihre Angebote per Post zusenden.<\/span><\/li><li style=\"font-weight: 400;\" aria-level=\"1\"><span style=\"font-weight: 400;\">Melden Sie sich f\u00fcr elektronische Newsletter \u00fcber unsere Dienstleistungen und Produkte an.<\/span><\/li><li style=\"font-weight: 400;\" aria-level=\"1\"><span style=\"font-weight: 400;\">Registrieren. Wenn Sie sich einmal registriert haben, m\u00fcssen Sie es nicht wieder tun. Wo immer Sie auf BondiSuite gehen, Ihre Informationen bleiben bei Ihnen.<\/span><\/li><\/ul><h4><b>SICHERHEIT<\/b><\/h4><p><span style=\"font-weight: 400;\">Bondi AI Ltd. hat strenge Ma\u00dfnahmen ergriffen, um die Sicherheit Ihrer pers\u00f6nlichen Daten zu sch\u00fctzen und um sicherzustellen, dass Ihre Entscheidungen f\u00fcr die beabsichtigte Verwendung beachtet werden. Wir treffen strenge Vorkehrungen, um Ihre Daten vor Verlust, Missbrauch, unbefugtem Zugriff oder Offenlegung, Ver\u00e4nderung oder Zerst\u00f6rung zu sch\u00fctzen.<\/span><\/p><p><span style=\"font-weight: 400;\">Wir garantieren, dass Ihre E-Commerce-Transaktionen 100% sicher und gesch\u00fctzt sind. Wenn Sie Bestellungen aufgeben oder auf Ihre pers\u00f6nlichen Kontodaten zugreifen, verwenden Sie die sichere Serversoftware SSL, die Ihre pers\u00f6nlichen Daten verschl\u00fcsselt, bevor sie \u00fcber das Internet gesendet werden. SSL ist eine der sichersten verf\u00fcgbaren Verschl\u00fcsselungstechnologien.<\/span><\/p><p><span style=\"font-weight: 400;\">Dar\u00fcber hinaus sind Ihre Transaktionen durch den Fair Credit Billing Act garantiert. Dieses Gesetz besagt, dass Ihre Bank Sie nicht f\u00fcr mehr als $50,00 an betr\u00fcgerischen Kreditkartenbelastungen haftbar machen kann. Wenn Ihre Bank Sie f\u00fcr $50.00 oder weniger haftbar macht, werden wir Ihre Haftung \u00fcbernehmen, vorausgesetzt, dass die unbefugte, betr\u00fcgerische Verwendung Ihrer Kreditkarte ohne Ihr Verschulden und durch Eink\u00e4ufe bei uns \u00fcber unseren sicheren Server erfolgte. Im Falle einer unbefugten Verwendung Ihrer Kreditkarte m\u00fcssen Sie Ihren Kreditkartenanbieter gem\u00e4\u00df dessen Meldevorschriften und -verfahren benachrichtigen.<\/span><\/p><p><span style=\"font-weight: 400;\">Bondi AI Ltd. sch\u00fctzt die Sicherheit Ihrer pers\u00f6nlichen Daten streng und respektiert Ihre Entscheidungen bez\u00fcglich der beabsichtigten Verwendung. Wir sch\u00fctzen Ihre Daten sorgf\u00e4ltig vor Verlust, Missbrauch, unbefugtem Zugriff oder Offenlegung, Ver\u00e4nderung oder Zerst\u00f6rung.<\/span><\/p><p><span style=\"font-weight: 400;\">Ihre pers\u00f6nlichen Daten werden niemals ohne Ihre Zustimmung au\u00dferhalb des Unternehmens weitergegeben, au\u00dfer unter den oben erl\u00e4uterten Bedingungen. Innerhalb des Unternehmens werden die Daten auf passwortgesch\u00fctzten Servern mit begrenztem Zugang gespeichert. Ihre Daten k\u00f6nnen in jedem Land gespeichert und verarbeitet werden, in dem Bondi AI Ltd. seine Tochtergesellschaften, verbundenen Unternehmen oder Vertreter ans\u00e4ssig sind.<\/span><\/p><p><span style=\"font-weight: 400;\">Sie spielen auch eine wichtige Rolle beim Schutz Ihrer Informationen. Niemand kann Ihre pers\u00f6nlichen Daten sehen oder bearbeiten, ohne Ihren Benutzernamen und Ihr Kennwort zu kennen, also geben Sie diese nicht an andere weiter.<\/span><\/p><h4><b>MITTEILUNG AN DIE ELTERN<\/b><\/h4><p><span style=\"font-weight: 400;\">Eltern oder Erziehungsberechtigte: Wir m\u00f6chten Ihnen helfen, die Privatsph\u00e4re Ihrer Kinder zu sch\u00fctzen. Wir ermutigen Sie, mit Ihren Kindern \u00fcber den sicheren und verantwortungsvollen Umgang mit ihren pers\u00f6nlichen Daten bei der Nutzung des Internets zu sprechen.<\/span><\/p><p><span style=\"font-weight: 400;\">Die Website der Bondi AI Ltd. ver\u00f6ffentlicht keine Inhalte, die sich an Kinder richten. Sollten Sie jedoch Bedenken haben, dass Ihre Kinder Bondi AI Ltd. ohne Ihre Zustimmung pers\u00f6nliche Daten zur Verf\u00fcgung stellen, wird Bondi AI Ltd. alle Daten auf Anfrage entfernen, E-Mail info@bondiai.com.<\/span><\/p><h4><b>DURCHF\u00dcHRUNG<\/b><\/h4><p><span style=\"font-weight: 400;\">Wenn Sie aus irgendeinem Grund der Meinung sind, dass Bondi AI Ltd. sich nicht an diese Prinzipien gehalten hat, benachrichtigen Sie uns bitte per E-Mail an , und wir werden unser Bestes tun, um das Problem umgehend festzustellen und zu beheben. Vergewissern Sie sich, dass die Worte Privacy Policy in der Betreffzeile stehen.<\/span><\/p><h4><b>ELEKTRONISCHE PRODUKTREGISTRIERUNG<\/b><\/h4><p><span style=\"font-weight: 400;\">Wenn Sie ein neues Produkt kaufen und installieren, k\u00f6nnen wir Sie bitten, Ihren Kauf elektronisch zu registrieren. Wenn Sie dies tun, f\u00fchren wir Ihre Registrierungsinformationen mit allen Informationen zusammen, die Sie bereits bei uns hinterlassen haben (wir nennen diese Informationen Ihr pers\u00f6nliches Profil). Wenn Sie sich noch nicht bei uns registriert haben, erstellen wir aus Ihren Produktregistrierungsdaten ein pers\u00f6nliches Profil f\u00fcr Sie. Wenn Sie diese Informationen jemals \u00fcberpr\u00fcfen oder aktualisieren m\u00f6chten, k\u00f6nnen Sie das Profil-Center besuchen, auf Profil aktualisieren klicken und alle pers\u00f6nlichen Informationen in Ihrem Profil bearbeiten. Wenn Sie noch keine Registrierungs-ID erstellt haben, werden wir Sie bitten, dies zu tun. Dadurch wird sichergestellt, dass nur Sie auf Ihre Informationen zugreifen k\u00f6nnen.<\/span><\/p><h4><b>KUNDENPROFILE<\/b><\/h4><p><span style=\"font-weight: 400;\">Wie oben erw\u00e4hnt, hat jeder registrierte Kunde ein einzigartiges pers\u00f6nliches Profil. Jedem Profil wird eine eindeutige pers\u00f6nliche Identifikationsnummer zugewiesen, mit der wir sicherstellen, dass nur Sie auf Ihr Profil zugreifen k\u00f6nnen.<\/span><\/p><p><span style=\"font-weight: 400;\">Wenn Sie sich registrieren, erstellen wir Ihr Profil, weisen eine pers\u00f6nliche Identifikationsnummer zu und senden dann diese pers\u00f6nliche Identifikationsnummer in Form eines Cookies, also eines sehr kleinen Codes, zur\u00fcck auf Ihre Festplatte. Dieser Code ist eindeutig Ihnen zuzuordnen. Er ist Ihr Pass, mit dem Sie nahtlos durch BondiSuite reisen k\u00f6nnen. Er erm\u00f6glicht es Ihnen, kostenlose Software herunterzuladen, kostenlose Newsletter zu bestellen und Premium-Seiten zu besuchen, ohne dass Sie Registrierungsformulare mit Informationen ausf\u00fcllen m\u00fcssen, die Sie bereits angegeben haben. Selbst wenn Sie den Computer wechseln, m\u00fcssen Sie sich nicht neu registrieren - verwenden Sie einfach Ihre Registrierungs-ID, um sich zu identifizieren.<\/span><\/p><h4><b>WAS WIR MIT DEN INFORMATIONEN TUN, DIE SIE UNS MITTEILEN<\/b><\/h4><p><span style=\"font-weight: 400;\">Wenn Sie sich bei uns anmelden, stellen Sie uns Ihre Kontaktinformationen zur Verf\u00fcgung, einschlie\u00dflich Ihres Namens und Ihrer E-Mail-Adresse. Wir verwenden diese Informationen, um Ihnen Aktualisierungen zu Ihrer Bestellung, Frageb\u00f6gen zur Messung Ihrer Zufriedenheit mit unserem Service und Ank\u00fcndigungen zu neuen und spannenden Dienstleistungen, die wir anbieten, zu senden. Wenn Sie bei uns bestellen, fragen wir nach Ihrer Kreditkartennummer und Rechnungsadresse. Wir verwenden diese Informationen nur, um Ihnen die zu diesem Zeitpunkt bestellten Produkte in Rechnung zu stellen. Zu Ihrer Bequemlichkeit speichern wir die Rechnungsdaten f\u00fcr den Fall, dass Sie erneut bei uns bestellen m\u00f6chten, aber wir verwenden diese Daten nicht erneut ohne Ihre Zustimmung.<\/span><\/p><p><span style=\"font-weight: 400;\">Gelegentlich beauftragen wir andere Unternehmen mit der Erbringung begrenzter Dienstleistungen in unserem Namen, einschlie\u00dflich Verpackung, Versand und Lieferung von Eink\u00e4ufen, Beantwortung von Kundenfragen zu Produkten oder Dienstleistungen, Postversand und Bearbeitung von Veranstaltungsanmeldungen. Wir stellen diesen Unternehmen nur die Informationen zur Verf\u00fcgung, die sie f\u00fcr die Erbringung der Dienstleistung ben\u00f6tigen, und es ist ihnen untersagt, diese Informationen f\u00fcr andere Zwecke zu verwenden.<\/span><\/p><p><span style=\"font-weight: 400;\">Bondi AI Ltd. wird Ihre pers\u00f6nlichen Daten ohne Vorank\u00fcndigung nur dann offenlegen, wenn dies gesetzlich vorgeschrieben ist oder im guten Glauben, dass eine solche Handlung notwendig ist, um: (a) um den Gesetzen zu entsprechen oder um einem Gerichtsverfahren gegen Bondi AI Ltd. oder die Website nachzukommen; (b) um die Rechte oder das Eigentum von Bondi AI Ltd. und seiner Website-Familie zu sch\u00fctzen und zu verteidigen, und (c) um in dringenden F\u00e4llen die pers\u00f6nliche Sicherheit der Benutzer von Bondi AI Ltd., seiner Websites oder der \u00d6ffentlichkeit zu sch\u00fctzen.<\/span><\/p>\t\t\t\t\t\t<\/div>\n\t\t\t\t<\/div>\n\t\t\t\t\t<\/div>\n\t\t<\/div>\n\t\t\t\t\t<\/div>\n\t\t<\/section>\n\t\t\t\t<\/div>","protected":false},"excerpt":{"rendered":"<p>Datenschutzrichtlinie Das Internet ist ein erstaunliches Werkzeug. Es hat die Macht, die Art und Weise, wie wir leben, zu ver\u00e4ndern, und wir beginnen heute, dieses Potenzial zu erkennen. Mit nur wenigen Mausklicks k\u00f6nnen Sie die Nachrichten verfolgen, Fakten nachschlagen, Waren und Dienstleistungen kaufen und mit anderen aus der ganzen Welt kommunizieren. Es ist wichtig, dass Bondi [...]<\/p>","protected":false},"author":1,"featured_media":0,"parent":0,"menu_order":0,"comment_status":"closed","ping_status":"closed","template":"","meta":[],"yoast_head":"<!-- This site is optimized with the Yoast SEO plugin v20.8 - https:\/\/yoast.com\/wordpress\/plugins\/seo\/ -->\n<title>Privacy Policy - Bondi AI Ltd<\/title>\n<meta name=\"robots\" content=\"noindex, follow, max-snippet:-1, max-image-preview:large, max-video-preview:-1\" \/>\n<meta property=\"og:locale\" content=\"de_DE\" \/>\n<meta property=\"og:type\" content=\"article\" \/>\n<meta property=\"og:title\" content=\"Privacy Policy - Bondi AI Ltd\" \/>\n<meta property=\"og:description\" content=\"Privacy Policy The Internet is an amazing tool. It has the power to change the way we live, and we\u2019re starting to see that potential today. With only a few mouse-clicks, you can follow the news, look up facts, buy goods and services, and communicate with others from around the world. It\u2019s important to Bondi [&hellip;]\" \/>\n<meta property=\"og:url\" content=\"https:\/\/bondi.ai\/de\/privacy-policy\/\" \/>\n<meta property=\"og:site_name\" content=\"Bondi AI Ltd\" \/>\n<meta property=\"article:publisher\" content=\"https:\/\/facebook.com\/bondisuite\" \/>\n<meta property=\"article:modified_time\" content=\"2023-07-13T11:12:52+00:00\" \/>\n<meta property=\"og:image\" content=\"https:\/\/bondi.ai\/wp-content\/uploads\/2021\/01\/domenico-loia-hGV2TfOh0ns-unsplash-scaled.jpg\" \/>\n\t<meta property=\"og:image:width\" content=\"2560\" \/>\n\t<meta property=\"og:image:height\" content=\"1707\" \/>\n\t<meta property=\"og:image:type\" content=\"image\/jpeg\" \/>\n<meta name=\"twitter:card\" content=\"summary_large_image\" \/>\n<meta name=\"twitter:site\" content=\"@bondisuite\" \/>\n<meta name=\"twitter:label1\" content=\"Gesch\u00e4tzte Lesezeit\" \/>\n\t<meta name=\"twitter:data1\" content=\"7\u00a0Minuten\" \/>\n<script type=\"application\/ld+json\" class=\"yoast-schema-graph\">{\"@context\":\"https:\/\/schema.org\",\"@graph\":[{\"@type\":\"WebPage\",\"@id\":\"https:\/\/bondi.ai\/privacy-policy\/\",\"url\":\"https:\/\/bondi.ai\/privacy-policy\/\",\"name\":\"Privacy Policy - Bondi AI Ltd\",\"isPartOf\":{\"@id\":\"https:\/\/bondi.ai\/#website\"},\"datePublished\":\"2020-11-23T22:41:58+00:00\",\"dateModified\":\"2023-07-13T11:12:52+00:00\",\"breadcrumb\":{\"@id\":\"https:\/\/bondi.ai\/privacy-policy\/#breadcrumb\"},\"inLanguage\":\"de\",\"potentialAction\":[{\"@type\":\"ReadAction\",\"target\":[\"https:\/\/bondi.ai\/privacy-policy\/\"]}]},{\"@type\":\"BreadcrumbList\",\"@id\":\"https:\/\/bondi.ai\/privacy-policy\/#breadcrumb\",\"itemListElement\":[{\"@type\":\"ListItem\",\"position\":1,\"name\":\"Home\",\"item\":\"https:\/\/bondi.ai\/\"},{\"@type\":\"ListItem\",\"position\":2,\"name\":\"Privacy Policy\"}]},{\"@type\":\"WebSite\",\"@id\":\"https:\/\/bondi.ai\/#website\",\"url\":\"https:\/\/bondi.ai\/\",\"name\":\"Bondi Platform Ltd\",\"description\":\"Secure digital systems and services that utilise smart technology.\",\"publisher\":{\"@id\":\"https:\/\/bondi.ai\/#organization\"},\"alternateName\":\"Bondisuite\",\"potentialAction\":[{\"@type\":\"SearchAction\",\"target\":{\"@type\":\"EntryPoint\",\"urlTemplate\":\"https:\/\/bondi.ai\/?s={search_term_string}\"},\"query-input\":\"required name=search_term_string\"}],\"inLanguage\":\"de\"},{\"@type\":\"Organization\",\"@id\":\"https:\/\/bondi.ai\/#organization\",\"name\":\"Bondi Platform Limited\",\"alternateName\":\"Bondisuite\",\"url\":\"https:\/\/bondi.ai\/\",\"logo\":{\"@type\":\"ImageObject\",\"inLanguage\":\"de\",\"@id\":\"https:\/\/bondi.ai\/#\/schema\/logo\/image\/\",\"url\":\"https:\/\/bondi.ai\/wp-content\/uploads\/2020\/12\/cropped-Bondi-Platform-450x273-1.png\",\"contentUrl\":\"https:\/\/bondi.ai\/wp-content\/uploads\/2020\/12\/cropped-Bondi-Platform-450x273-1.png\",\"width\":459,\"height\":271,\"caption\":\"Bondi Platform Limited\"},\"image\":{\"@id\":\"https:\/\/bondi.ai\/#\/schema\/logo\/image\/\"},\"sameAs\":[\"https:\/\/facebook.com\/bondisuite\",\"https:\/\/twitter.com\/bondisuite\",\"https:\/\/linkedin.com\/company\/bondi-platform-ltd\"]}]}<\/script>\n<!-- \/ Yoast SEO plugin. -->","yoast_head_json":{"title":"Privacy Policy - Bondi AI Ltd","robots":{"index":"noindex","follow":"follow","max-snippet":"max-snippet:-1","max-image-preview":"max-image-preview:large","max-video-preview":"max-video-preview:-1"},"og_locale":"de_DE","og_type":"article","og_title":"Privacy Policy - Bondi AI Ltd","og_description":"Privacy Policy The Internet is an amazing tool. It has the power to change the way we live, and we\u2019re starting to see that potential today. With only a few mouse-clicks, you can follow the news, look up facts, buy goods and services, and communicate with others from around the world. It\u2019s important to Bondi [&hellip;]","og_url":"https:\/\/bondi.ai\/de\/privacy-policy\/","og_site_name":"Bondi AI Ltd","article_publisher":"https:\/\/facebook.com\/bondisuite","article_modified_time":"2023-07-13T11:12:52+00:00","og_image":[{"width":2560,"height":1707,"url":"https:\/\/bondi.ai\/wp-content\/uploads\/2021\/01\/domenico-loia-hGV2TfOh0ns-unsplash-scaled.jpg","type":"image\/jpeg"}],"twitter_card":"summary_large_image","twitter_site":"@bondisuite","twitter_misc":{"Gesch\u00e4tzte Lesezeit":"7\u00a0Minuten"},"schema":{"@context":"https:\/\/schema.org","@graph":[{"@type":"WebPage","@id":"https:\/\/bondi.ai\/privacy-policy\/","url":"https:\/\/bondi.ai\/privacy-policy\/","name":"Privacy Policy - Bondi AI Ltd","isPartOf":{"@id":"https:\/\/bondi.ai\/#website"},"datePublished":"2020-11-23T22:41:58+00:00","dateModified":"2023-07-13T11:12:52+00:00","breadcrumb":{"@id":"https:\/\/bondi.ai\/privacy-policy\/#breadcrumb"},"inLanguage":"de","potentialAction":[{"@type":"ReadAction","target":["https:\/\/bondi.ai\/privacy-policy\/"]}]},{"@type":"BreadcrumbList","@id":"https:\/\/bondi.ai\/privacy-policy\/#breadcrumb","itemListElement":[{"@type":"ListItem","position":1,"name":"Home","item":"https:\/\/bondi.ai\/"},{"@type":"ListItem","position":2,"name":"Privacy Policy"}]},{"@type":"WebSite","@id":"https:\/\/bondi.ai\/#website","url":"https:\/\/bondi.ai\/","name":"Bondi Platform Ltd","description":"Secure digital systems and services that utilise smart technology.","publisher":{"@id":"https:\/\/bondi.ai\/#organization"},"alternateName":"Bondisuite","potentialAction":[{"@type":"SearchAction","target":{"@type":"EntryPoint","urlTemplate":"https:\/\/bondi.ai\/?s={search_term_string}"},"query-input":"required name=search_term_string"}],"inLanguage":"de"},{"@type":"Organization","@id":"https:\/\/bondi.ai\/#organization","name":"Bondi Platform Limited","alternateName":"Bondisuite","url":"https:\/\/bondi.ai\/","logo":{"@type":"ImageObject","inLanguage":"de","@id":"https:\/\/bondi.ai\/#\/schema\/logo\/image\/","url":"https:\/\/bondi.ai\/wp-content\/uploads\/2020\/12\/cropped-Bondi-Platform-450x273-1.png","contentUrl":"https:\/\/bondi.ai\/wp-content\/uploads\/2020\/12\/cropped-Bondi-Platform-450x273-1.png","width":459,"height":271,"caption":"Bondi Platform Limited"},"image":{"@id":"https:\/\/bondi.ai\/#\/schema\/logo\/image\/"},"sameAs":["https:\/\/facebook.com\/bondisuite","https:\/\/twitter.com\/bondisuite","https:\/\/linkedin.com\/company\/bondi-platform-ltd"]}]}},"_links":{"self":[{"href":"https:\/\/bondi.ai\/de\/wp-json\/wp\/v2\/pages\/3"}],"collection":[{"href":"https:\/\/bondi.ai\/de\/wp-json\/wp\/v2\/pages"}],"about":[{"href":"https:\/\/bondi.ai\/de\/wp-json\/wp\/v2\/types\/page"}],"author":[{"embeddable":true,"href":"https:\/\/bondi.ai\/de\/wp-json\/wp\/v2\/users\/1"}],"replies":[{"embeddable":true,"href":"https:\/\/bondi.ai\/de\/wp-json\/wp\/v2\/comments?post=3"}],"version-history":[{"count":36,"href":"https:\/\/bondi.ai\/de\/wp-json\/wp\/v2\/pages\/3\/revisions"}],"predecessor-version":[{"id":4194,"href":"https:\/\/bondi.ai\/de\/wp-json\/wp\/v2\/pages\/3\/revisions\/4194"}],"wp:attachment":[{"href":"https:\/\/bondi.ai\/de\/wp-json\/wp\/v2\/media?parent=3"}],"curies":[{"name":"wp","href":"https:\/\/api.w.org\/{rel}","templated":true}]}}