{"id":922,"date":"2021-01-06T15:17:47","date_gmt":"2021-01-06T15:17:47","guid":{"rendered":"https:\/\/bondiplatform.com\/?page_id=922"},"modified":"2023-04-12T15:49:38","modified_gmt":"2023-04-12T15:49:38","slug":"careers","status":"publish","type":"page","link":"https:\/\/bondi.ai\/de\/careers\/","title":{"rendered":"Karriere - Jobs bei Bondi Platform"},"content":{"rendered":"<div data-elementor-type=\"wp-page\" data-elementor-id=\"922\" class=\"elementor elementor-922\" data-elementor-post-type=\"page\">\n\t\t\t\t\t\t<section class=\"has_eae_slider elementor-section elementor-top-section elementor-element elementor-element-5ebb2c80 elementor-section-content-middle elementor-section-boxed elementor-section-height-default elementor-section-height-default\" data-eae-slider=\"27787\" data-id=\"5ebb2c80\" data-element_type=\"section\" data-settings=\"{&quot;background_background&quot;:&quot;classic&quot;}\">\n\t\t\t\t\t\t<div class=\"elementor-container elementor-column-gap-no\">\n\t\t\t\t\t<div class=\"has_eae_slider elementor-column elementor-col-100 elementor-top-column elementor-element elementor-element-5682b1d\" data-eae-slider=\"98440\" data-id=\"5682b1d\" data-element_type=\"column\">\n\t\t\t<div class=\"elementor-widget-wrap elementor-element-populated\">\n\t\t\t\t\t\t<div class=\"elementor-element elementor-element-6d1e603b elementor-widget elementor-widget-heading\" data-id=\"6d1e603b\" data-element_type=\"widget\" data-widget_type=\"heading.default\">\n\t\t\t\t<div class=\"elementor-widget-container\">\n\t\t\t<h4 class=\"elementor-heading-title elementor-size-default\">Unser Unternehmen ist ein Kollektiv erstaunlicher Menschen, die sich bem\u00fchen, ansprechende Produkte zu entwickeln.<\/h4>\t\t<\/div>\n\t\t\t\t<\/div>\n\t\t\t\t<div class=\"elementor-element elementor-element-4bd9d921 elementor-widget elementor-widget-text-editor\" data-id=\"4bd9d921\" data-element_type=\"widget\" data-widget_type=\"text-editor.default\">\n\t\t\t\t<div class=\"elementor-widget-container\">\n\t\t\t\t\t\t\t<p>Suchen Sie nach einer herausfordernden und lohnenden Karriere im Bereich Internettechnologie und Sicherheit? Dann suchen Sie nicht weiter als unser Unternehmen! Wir sind ein Team von innovativen und engagierten Fachleuten, die mit Leidenschaft die neuesten Technologie- und Sicherheitsl\u00f6sungen f\u00fcr unsere Kunden bereitstellen. Unabh\u00e4ngig davon, ob Sie ein erfahrener Fachmann oder ein Berufsanf\u00e4nger sind, bieten wir Ihnen eine Reihe von M\u00f6glichkeiten, um sich weiterzuentwickeln und erfolgreich zu sein. Kommen Sie zu uns und werden Sie Teil eines dynamischen und unterst\u00fctzenden Teams, in dem Ihre Talente anerkannt und belohnt werden. Bewerben Sie sich noch heute und machen Sie den ersten Schritt zu einer spannenden und erf\u00fcllenden Karriere bei uns.<\/p>\t\t\t\t\t\t<\/div>\n\t\t\t\t<\/div>\n\t\t\t\t<section class=\"has_eae_slider elementor-section elementor-inner-section elementor-element elementor-element-eb576c8 elementor-section-content-middle elementor-section-boxed elementor-section-height-default elementor-section-height-default\" data-eae-slider=\"58827\" data-id=\"eb576c8\" data-element_type=\"section\">\n\t\t\t\t\t\t<div class=\"elementor-container elementor-column-gap-no\">\n\t\t\t\t\t<div class=\"has_eae_slider elementor-column elementor-col-100 elementor-inner-column elementor-element elementor-element-178aec93\" data-eae-slider=\"89855\" data-id=\"178aec93\" data-element_type=\"column\">\n\t\t\t<div class=\"elementor-widget-wrap elementor-element-populated\">\n\t\t\t\t\t\t<div class=\"elementor-element elementor-element-10e77b37 elementor-widget elementor-widget-toggle\" data-id=\"10e77b37\" data-element_type=\"widget\" data-widget_type=\"toggle.default\">\n\t\t\t\t<div class=\"elementor-widget-container\">\n\t\t\t\t\t<div class=\"elementor-toggle\">\n\t\t\t\t\t\t\t<div class=\"elementor-toggle-item\">\n\t\t\t\t\t<div id=\"elementor-tab-title-2831\" class=\"elementor-tab-title\" data-tab=\"1\" role=\"button\" aria-controls=\"elementor-tab-content-2831\" aria-expanded=\"false\">\n\t\t\t\t\t\t\t\t\t\t\t\t<span class=\"elementor-toggle-icon elementor-toggle-icon-left\" aria-hidden=\"true\">\n\t\t\t\t\t\t\t\t\t\t\t\t\t\t\t<span class=\"elementor-toggle-icon-closed\"><svg class=\"e-font-icon-svg e-fas-caret-right\" viewbox=\"0 0 192 512\" xmlns=\"http:\/\/www.w3.org\/2000\/svg\"><path d=\"M0 384.662V127.338c0-17.818 21.543-26.741 34.142-14.142l128.662 128.662c7.81 7.81 7.81 20.474 0 28.284L34.142 398.804C21.543 411.404 0 402.48 0 384.662z\"><\/path><\/svg><\/span>\n\t\t\t\t\t\t\t\t<span class=\"elementor-toggle-icon-opened\"><svg class=\"elementor-toggle-icon-opened e-font-icon-svg e-fas-caret-up\" viewbox=\"0 0 320 512\" xmlns=\"http:\/\/www.w3.org\/2000\/svg\"><path d=\"M288.662 352H31.338c-17.818 0-26.741-21.543-14.142-34.142l128.662-128.662c7.81-7.81 20.474-7.81 28.284 0l128.662 128.662c12.6 12.599 3.676 34.142-14.142 34.142z\"><\/path><\/svg><\/span>\n\t\t\t\t\t\t\t\t\t\t\t\t\t<\/span>\n\t\t\t\t\t\t\t\t\t\t\t\t<a class=\"elementor-toggle-title\" tabindex=\"0\">Verkaufsleiter<\/a>\n\t\t\t\t\t<\/div>\n\n\t\t\t\t\t<div id=\"elementor-tab-content-2831\" class=\"elementor-tab-content elementor-clearfix\" data-tab=\"1\" role=\"region\" aria-labelledby=\"elementor-tab-title-2831\"><p>Als Sales Manager sind Sie f\u00fcr die F\u00f6rderung des Verkaufs von Produkten und Dienstleistungen auf unserer Website verantwortlich. Sie werden eng mit unseren Produktentwicklungs- und Marketingteams zusammenarbeiten, um Strategien zur Steigerung von Umsatz und Marktanteil zu entwickeln. Dar\u00fcber hinaus beaufsichtigen Sie das Vertriebsteam und stellen durch Beratung und Unterst\u00fctzung sicher, dass die Verkaufsziele erreicht werden. Au\u00dferdem bauen Sie Beziehungen zu wichtigen Kunden auf, ermitteln deren Bed\u00fcrfnisse und bieten L\u00f6sungen an, die deren Anforderungen entsprechen. Der ideale Kandidat verf\u00fcgt \u00fcber einen ausgepr\u00e4gten technischen Hintergrund, ausgezeichnete Kommunikations- und F\u00fchrungsf\u00e4higkeiten sowie eine nachweisliche Erfolgsbilanz im Vertrieb. Bitte senden Sie Ihr Anschreiben und Ihren Lebenslauf per E-Mail an <a href=\"mailto:info@bondivoice.com\">info@bondivoice.com<\/a>.\u00a0<\/p><\/div>\n\t\t\t\t<\/div>\n\t\t\t\t\t\t\t<div class=\"elementor-toggle-item\">\n\t\t\t\t\t<div id=\"elementor-tab-title-2832\" class=\"elementor-tab-title\" data-tab=\"2\" role=\"button\" aria-controls=\"elementor-tab-content-2832\" aria-expanded=\"false\">\n\t\t\t\t\t\t\t\t\t\t\t\t<span class=\"elementor-toggle-icon elementor-toggle-icon-left\" aria-hidden=\"true\">\n\t\t\t\t\t\t\t\t\t\t\t\t\t\t\t<span class=\"elementor-toggle-icon-closed\"><svg class=\"e-font-icon-svg e-fas-caret-right\" viewbox=\"0 0 192 512\" xmlns=\"http:\/\/www.w3.org\/2000\/svg\"><path d=\"M0 384.662V127.338c0-17.818 21.543-26.741 34.142-14.142l128.662 128.662c7.81 7.81 7.81 20.474 0 28.284L34.142 398.804C21.543 411.404 0 402.48 0 384.662z\"><\/path><\/svg><\/span>\n\t\t\t\t\t\t\t\t<span class=\"elementor-toggle-icon-opened\"><svg class=\"elementor-toggle-icon-opened e-font-icon-svg e-fas-caret-up\" viewbox=\"0 0 320 512\" xmlns=\"http:\/\/www.w3.org\/2000\/svg\"><path d=\"M288.662 352H31.338c-17.818 0-26.741-21.543-14.142-34.142l128.662-128.662c7.81-7.81 20.474-7.81 28.284 0l128.662 128.662c12.6 12.599 3.676 34.142-14.142 34.142z\"><\/path><\/svg><\/span>\n\t\t\t\t\t\t\t\t\t\t\t\t\t<\/span>\n\t\t\t\t\t\t\t\t\t\t\t\t<a class=\"elementor-toggle-title\" tabindex=\"0\">Vertriebsbeauftragter<\/a>\n\t\t\t\t\t<\/div>\n\n\t\t\t\t\t<div id=\"elementor-tab-content-2832\" class=\"elementor-tab-content elementor-clearfix\" data-tab=\"2\" role=\"region\" aria-labelledby=\"elementor-tab-title-2832\"><p>Wir suchen Vertriebsmitarbeiter in den folgenden L\u00e4ndern: <em>Skandinavischer Raum<\/em>, <em>Deutschland<\/em>, <em>Frankreich<\/em>, <em>Spanien<\/em>, <em>Portugal<\/em>, <em>Indien<\/em>, <em>Indonesien<\/em>, <em>Vietnam und das Vereinigte K\u00f6nigreich<\/em>. Als Vertriebsmitarbeiter f\u00fcr unser Unternehmen sind Sie f\u00fcr die Ermittlung und den Abschluss von Verkaufsm\u00f6glichkeiten bei neuen und bestehenden Kunden verantwortlich. Sie arbeiten eng mit unseren Marketing- und Produktentwicklungsteams zusammen, um unsere Produkte und Dienstleistungen zu verstehen und deren Wert f\u00fcr potenzielle Kunden effektiv zu vermitteln. Dar\u00fcber hinaus sind Sie f\u00fcr den Aufbau und die Pflege von Kundenbeziehungen, die Beantwortung von Anfragen und die Bereitstellung eines hervorragenden Kundendienstes verantwortlich. Der ideale Bewerber verf\u00fcgt \u00fcber eine nachweisliche Erfolgsbilanz im Vertrieb, ausgepr\u00e4gte Kommunikationsf\u00e4higkeiten und die F\u00e4higkeit, selbstst\u00e4ndig und im Team zu arbeiten. Bitte senden Sie Ihr Anschreiben und Ihren Lebenslauf per E-Mail an <a href=\"mailto:info@bondivoice.com\">info@bondivoice.com<\/a>.\u00a0<\/p><\/div>\n\t\t\t\t<\/div>\n\t\t\t\t\t\t\t<div class=\"elementor-toggle-item\">\n\t\t\t\t\t<div id=\"elementor-tab-title-2833\" class=\"elementor-tab-title\" data-tab=\"3\" role=\"button\" aria-controls=\"elementor-tab-content-2833\" aria-expanded=\"false\">\n\t\t\t\t\t\t\t\t\t\t\t\t<span class=\"elementor-toggle-icon elementor-toggle-icon-left\" aria-hidden=\"true\">\n\t\t\t\t\t\t\t\t\t\t\t\t\t\t\t<span class=\"elementor-toggle-icon-closed\"><svg class=\"e-font-icon-svg e-fas-caret-right\" viewbox=\"0 0 192 512\" xmlns=\"http:\/\/www.w3.org\/2000\/svg\"><path d=\"M0 384.662V127.338c0-17.818 21.543-26.741 34.142-14.142l128.662 128.662c7.81 7.81 7.81 20.474 0 28.284L34.142 398.804C21.543 411.404 0 402.48 0 384.662z\"><\/path><\/svg><\/span>\n\t\t\t\t\t\t\t\t<span class=\"elementor-toggle-icon-opened\"><svg class=\"elementor-toggle-icon-opened e-font-icon-svg e-fas-caret-up\" viewbox=\"0 0 320 512\" xmlns=\"http:\/\/www.w3.org\/2000\/svg\"><path d=\"M288.662 352H31.338c-17.818 0-26.741-21.543-14.142-34.142l128.662-128.662c7.81-7.81 20.474-7.81 28.284 0l128.662 128.662c12.6 12.599 3.676 34.142-14.142 34.142z\"><\/path><\/svg><\/span>\n\t\t\t\t\t\t\t\t\t\t\t\t\t<\/span>\n\t\t\t\t\t\t\t\t\t\t\t\t<a class=\"elementor-toggle-title\" tabindex=\"0\">vueJS-Entwickler<\/a>\n\t\t\t\t\t<\/div>\n\n\t\t\t\t\t<div id=\"elementor-tab-content-2833\" class=\"elementor-tab-content elementor-clearfix\" data-tab=\"3\" role=\"region\" aria-labelledby=\"elementor-tab-title-2833\"><p>Der ideale Kandidat wird f\u00fcr die Konzeption und Ausf\u00fchrung von klarem, qualitativ hochwertigem Code verantwortlich sein, um die beste Software zu entwickeln. Sie werden Ihren Code testen, Fehler identifizieren und iterieren, um die Qualit\u00e4t des Codes zu gew\u00e4hrleisten. Au\u00dferdem unterst\u00fctzen Sie unsere Kunden und Partner bei der Behebung von Softwareproblemen.<\/p><h4>Zust\u00e4ndigkeiten und Qualifikationen<\/h4><ul><li>Erkennen und Beheben von Softwareproblemen<\/li><li>Schreiben von klarem Qualit\u00e4tscode f\u00fcr Software und Anwendungen und Durchf\u00fchren von Testpr\u00fcfungen<\/li><li>Entwickeln, implementieren und testen Sie APIsBereitstellen von Beitr\u00e4gen zu Softwareentwicklungsprojekten.<\/li><li>vueJS-Experte<\/li><li>Komfort mit NextCloud App-Entwicklung<\/li><li>Sicherer Umgang mit Programmiersprachen und relationalen Datenbanken<\/li><li>Starke F\u00e4higkeiten zur Fehlersuche und -behebung<\/li><li>3+ Jahre Erfahrung in der Entwicklung<\/li><\/ul><p>Bei Interesse senden Sie uns bitte eine E-Mail an <a href=\"mailto:info@bondivoice.com\">info@bondivoice.com<\/a><\/p><\/div>\n\t\t\t\t<\/div>\n\t\t\t\t\t\t\t\t<\/div>\n\t\t\t\t<\/div>\n\t\t\t\t<\/div>\n\t\t\t\t\t<\/div>\n\t\t<\/div>\n\t\t\t\t\t<\/div>\n\t\t<\/section>\n\t\t\t\t\t<\/div>\n\t\t<\/div>\n\t\t\t\t\t<\/div>\n\t\t<\/section>\n\t\t\t\t<\/div>","protected":false},"excerpt":{"rendered":"<p>Our company is a collective of amazing people striving to build delightful products. Looking for a challenging and rewarding career in internet technology and security? Look no further than our company! We are a team of innovative and dedicated professionals who are passionate about delivering the latest in technology and security solutions to our clients. [&hellip;]<\/p>","protected":false},"author":1,"featured_media":0,"parent":0,"menu_order":0,"comment_status":"closed","ping_status":"closed","template":"","meta":[],"yoast_head":"<!-- This site is optimized with the Yoast SEO plugin v20.8 - https:\/\/yoast.com\/wordpress\/plugins\/seo\/ -->\n<title>Careers - Jobs at Bondi Platform - Bondi AI Ltd<\/title>\n<meta name=\"robots\" content=\"noindex, follow, max-snippet:-1, max-image-preview:large, max-video-preview:-1\" \/>\n<meta property=\"og:locale\" content=\"de_DE\" \/>\n<meta property=\"og:type\" content=\"article\" \/>\n<meta property=\"og:title\" content=\"Careers - Jobs at Bondi Platform - Bondi AI Ltd\" \/>\n<meta property=\"og:description\" content=\"Our company is a collective of amazing people striving to build delightful products. Looking for a challenging and rewarding career in internet technology and security? Look no further than our company! We are a team of innovative and dedicated professionals who are passionate about delivering the latest in technology and security solutions to our clients. [&hellip;]\" \/>\n<meta property=\"og:url\" content=\"https:\/\/bondi.ai\/de\/careers\/\" \/>\n<meta property=\"og:site_name\" content=\"Bondi AI Ltd\" \/>\n<meta property=\"article:publisher\" content=\"https:\/\/facebook.com\/bondisuite\" \/>\n<meta property=\"article:modified_time\" content=\"2023-04-12T15:49:38+00:00\" \/>\n<meta property=\"og:image\" content=\"https:\/\/bondi.ai\/wp-content\/uploads\/2021\/01\/domenico-loia-hGV2TfOh0ns-unsplash-scaled.jpg\" \/>\n\t<meta property=\"og:image:width\" content=\"2560\" \/>\n\t<meta property=\"og:image:height\" content=\"1707\" \/>\n\t<meta property=\"og:image:type\" content=\"image\/jpeg\" \/>\n<meta name=\"twitter:card\" content=\"summary_large_image\" \/>\n<meta name=\"twitter:site\" content=\"@bondisuite\" \/>\n<meta name=\"twitter:label1\" content=\"Gesch\u00e4tzte Lesezeit\" \/>\n\t<meta name=\"twitter:data1\" content=\"3\u00a0Minuten\" \/>\n<script type=\"application\/ld+json\" class=\"yoast-schema-graph\">{\"@context\":\"https:\/\/schema.org\",\"@graph\":[{\"@type\":\"WebPage\",\"@id\":\"https:\/\/bondi.ai\/careers\/\",\"url\":\"https:\/\/bondi.ai\/careers\/\",\"name\":\"Careers - Jobs at Bondi Platform - Bondi AI Ltd\",\"isPartOf\":{\"@id\":\"https:\/\/bondi.ai\/#website\"},\"datePublished\":\"2021-01-06T15:17:47+00:00\",\"dateModified\":\"2023-04-12T15:49:38+00:00\",\"breadcrumb\":{\"@id\":\"https:\/\/bondi.ai\/careers\/#breadcrumb\"},\"inLanguage\":\"de\",\"potentialAction\":[{\"@type\":\"ReadAction\",\"target\":[\"https:\/\/bondi.ai\/careers\/\"]}]},{\"@type\":\"BreadcrumbList\",\"@id\":\"https:\/\/bondi.ai\/careers\/#breadcrumb\",\"itemListElement\":[{\"@type\":\"ListItem\",\"position\":1,\"name\":\"Home\",\"item\":\"https:\/\/bondi.ai\/\"},{\"@type\":\"ListItem\",\"position\":2,\"name\":\"Careers &#8211; Jobs at Bondi Platform\"}]},{\"@type\":\"WebSite\",\"@id\":\"https:\/\/bondi.ai\/#website\",\"url\":\"https:\/\/bondi.ai\/\",\"name\":\"Bondi Platform Ltd\",\"description\":\"Secure digital systems and services that utilise smart technology.\",\"publisher\":{\"@id\":\"https:\/\/bondi.ai\/#organization\"},\"alternateName\":\"Bondisuite\",\"potentialAction\":[{\"@type\":\"SearchAction\",\"target\":{\"@type\":\"EntryPoint\",\"urlTemplate\":\"https:\/\/bondi.ai\/?s={search_term_string}\"},\"query-input\":\"required name=search_term_string\"}],\"inLanguage\":\"de\"},{\"@type\":\"Organization\",\"@id\":\"https:\/\/bondi.ai\/#organization\",\"name\":\"Bondi Platform Limited\",\"alternateName\":\"Bondisuite\",\"url\":\"https:\/\/bondi.ai\/\",\"logo\":{\"@type\":\"ImageObject\",\"inLanguage\":\"de\",\"@id\":\"https:\/\/bondi.ai\/#\/schema\/logo\/image\/\",\"url\":\"https:\/\/bondi.ai\/wp-content\/uploads\/2020\/12\/cropped-Bondi-Platform-450x273-1.png\",\"contentUrl\":\"https:\/\/bondi.ai\/wp-content\/uploads\/2020\/12\/cropped-Bondi-Platform-450x273-1.png\",\"width\":459,\"height\":271,\"caption\":\"Bondi Platform Limited\"},\"image\":{\"@id\":\"https:\/\/bondi.ai\/#\/schema\/logo\/image\/\"},\"sameAs\":[\"https:\/\/facebook.com\/bondisuite\",\"https:\/\/twitter.com\/bondisuite\",\"https:\/\/linkedin.com\/company\/bondi-platform-ltd\"]}]}<\/script>\n<!-- \/ Yoast SEO plugin. -->","yoast_head_json":{"title":"Careers - Jobs at Bondi Platform - Bondi AI Ltd","robots":{"index":"noindex","follow":"follow","max-snippet":"max-snippet:-1","max-image-preview":"max-image-preview:large","max-video-preview":"max-video-preview:-1"},"og_locale":"de_DE","og_type":"article","og_title":"Careers - Jobs at Bondi Platform - Bondi AI Ltd","og_description":"Our company is a collective of amazing people striving to build delightful products. Looking for a challenging and rewarding career in internet technology and security? Look no further than our company! We are a team of innovative and dedicated professionals who are passionate about delivering the latest in technology and security solutions to our clients. [&hellip;]","og_url":"https:\/\/bondi.ai\/de\/careers\/","og_site_name":"Bondi AI Ltd","article_publisher":"https:\/\/facebook.com\/bondisuite","article_modified_time":"2023-04-12T15:49:38+00:00","og_image":[{"width":2560,"height":1707,"url":"https:\/\/bondi.ai\/wp-content\/uploads\/2021\/01\/domenico-loia-hGV2TfOh0ns-unsplash-scaled.jpg","type":"image\/jpeg"}],"twitter_card":"summary_large_image","twitter_site":"@bondisuite","twitter_misc":{"Gesch\u00e4tzte Lesezeit":"3\u00a0Minuten"},"schema":{"@context":"https:\/\/schema.org","@graph":[{"@type":"WebPage","@id":"https:\/\/bondi.ai\/careers\/","url":"https:\/\/bondi.ai\/careers\/","name":"Careers - Jobs at Bondi Platform - Bondi AI Ltd","isPartOf":{"@id":"https:\/\/bondi.ai\/#website"},"datePublished":"2021-01-06T15:17:47+00:00","dateModified":"2023-04-12T15:49:38+00:00","breadcrumb":{"@id":"https:\/\/bondi.ai\/careers\/#breadcrumb"},"inLanguage":"de","potentialAction":[{"@type":"ReadAction","target":["https:\/\/bondi.ai\/careers\/"]}]},{"@type":"BreadcrumbList","@id":"https:\/\/bondi.ai\/careers\/#breadcrumb","itemListElement":[{"@type":"ListItem","position":1,"name":"Home","item":"https:\/\/bondi.ai\/"},{"@type":"ListItem","position":2,"name":"Careers &#8211; Jobs at Bondi Platform"}]},{"@type":"WebSite","@id":"https:\/\/bondi.ai\/#website","url":"https:\/\/bondi.ai\/","name":"Bondi Platform Ltd","description":"Secure digital systems and services that utilise smart technology.","publisher":{"@id":"https:\/\/bondi.ai\/#organization"},"alternateName":"Bondisuite","potentialAction":[{"@type":"SearchAction","target":{"@type":"EntryPoint","urlTemplate":"https:\/\/bondi.ai\/?s={search_term_string}"},"query-input":"required name=search_term_string"}],"inLanguage":"de"},{"@type":"Organization","@id":"https:\/\/bondi.ai\/#organization","name":"Bondi Platform Limited","alternateName":"Bondisuite","url":"https:\/\/bondi.ai\/","logo":{"@type":"ImageObject","inLanguage":"de","@id":"https:\/\/bondi.ai\/#\/schema\/logo\/image\/","url":"https:\/\/bondi.ai\/wp-content\/uploads\/2020\/12\/cropped-Bondi-Platform-450x273-1.png","contentUrl":"https:\/\/bondi.ai\/wp-content\/uploads\/2020\/12\/cropped-Bondi-Platform-450x273-1.png","width":459,"height":271,"caption":"Bondi Platform Limited"},"image":{"@id":"https:\/\/bondi.ai\/#\/schema\/logo\/image\/"},"sameAs":["https:\/\/facebook.com\/bondisuite","https:\/\/twitter.com\/bondisuite","https:\/\/linkedin.com\/company\/bondi-platform-ltd"]}]}},"_links":{"self":[{"href":"https:\/\/bondi.ai\/de\/wp-json\/wp\/v2\/pages\/922"}],"collection":[{"href":"https:\/\/bondi.ai\/de\/wp-json\/wp\/v2\/pages"}],"about":[{"href":"https:\/\/bondi.ai\/de\/wp-json\/wp\/v2\/types\/page"}],"author":[{"embeddable":true,"href":"https:\/\/bondi.ai\/de\/wp-json\/wp\/v2\/users\/1"}],"replies":[{"embeddable":true,"href":"https:\/\/bondi.ai\/de\/wp-json\/wp\/v2\/comments?post=922"}],"version-history":[{"count":80,"href":"https:\/\/bondi.ai\/de\/wp-json\/wp\/v2\/pages\/922\/revisions"}],"predecessor-version":[{"id":3838,"href":"https:\/\/bondi.ai\/de\/wp-json\/wp\/v2\/pages\/922\/revisions\/3838"}],"wp:attachment":[{"href":"https:\/\/bondi.ai\/de\/wp-json\/wp\/v2\/media?parent=922"}],"curies":[{"name":"wp","href":"https:\/\/api.w.org\/{rel}","templated":true}]}}