{"id":1356,"date":"2021-01-12T15:20:55","date_gmt":"2021-01-12T15:20:55","guid":{"rendered":"https:\/\/bondiplatform.com\/?page_id=1356"},"modified":"2023-07-13T10:32:35","modified_gmt":"2023-07-13T10:32:35","slug":"cookies-policy","status":"publish","type":"page","link":"https:\/\/bondi.ai\/es\/cookies-policy\/","title":{"rendered":"Pol\u00edtica de cookies"},"content":{"rendered":"<div data-elementor-type=\"wp-page\" data-elementor-id=\"1356\" class=\"elementor elementor-1356\" data-elementor-post-type=\"page\">\n\t\t\t\t\t\t<section class=\"has_eae_slider elementor-section elementor-top-section elementor-element elementor-element-7fc9b1a9 elementor-section-boxed elementor-section-height-default elementor-section-height-default\" data-eae-slider=\"61159\" data-id=\"7fc9b1a9\" data-element_type=\"section\" data-settings=\"{&quot;background_background&quot;:&quot;classic&quot;}\">\n\t\t\t\t\t\t<div class=\"elementor-container elementor-column-gap-default\">\n\t\t\t\t\t<div class=\"has_eae_slider elementor-column elementor-col-100 elementor-top-column elementor-element elementor-element-6ca6b6ef\" data-eae-slider=\"76442\" data-id=\"6ca6b6ef\" data-element_type=\"column\">\n\t\t\t<div class=\"elementor-widget-wrap elementor-element-populated\">\n\t\t\t\t\t\t<div class=\"elementor-element elementor-element-91e287d elementor-widget elementor-widget-heading\" data-id=\"91e287d\" data-element_type=\"widget\" data-widget_type=\"heading.default\">\n\t\t\t\t<div class=\"elementor-widget-container\">\n\t\t\t<h2 class=\"elementor-heading-title elementor-size-default\">Pol\u00edtica de cookies<\/h2>\t\t<\/div>\n\t\t\t\t<\/div>\n\t\t\t\t<div class=\"elementor-element elementor-element-6f4fbd7 elementor-widget elementor-widget-heading\" data-id=\"6f4fbd7\" data-element_type=\"widget\" data-widget_type=\"heading.default\">\n\t\t\t\t<div class=\"elementor-widget-container\">\n\t\t\t<h2 class=\"elementor-heading-title elementor-size-default\">Actualizado el 21 de enero de 2011<\/h2>\t\t<\/div>\n\t\t\t\t<\/div>\n\t\t\t\t<div class=\"elementor-element elementor-element-65aa54a2 elementor-widget elementor-widget-text-editor\" data-id=\"65aa54a2\" data-element_type=\"widget\" data-widget_type=\"text-editor.default\">\n\t\t\t\t<div class=\"elementor-widget-container\">\n\t\t\t\t\t\t\t<p><span style=\"font-weight: 400;\">Utilizamos cookies para hacer nuestros sitios web m\u00e1s f\u00e1ciles de usar. Averig\u00fce sobre los principales tipos de cookies que usamos, y para qu\u00e9 las usamos.<\/span><span style=\"font-weight: 400;\"><br \/><\/span><span style=\"font-weight: 400;\"><br \/><\/span><span style=\"font-weight: 400;\">Los datos que recopilamos mediante las cookies nos ayudan a entender mejor a nuestros clientes para poder ofrecer una experiencia de usuario m\u00e1s centrada. Utilizando el conocimiento de sus visitas anteriores a nuestro sitio web, <\/span><span style=\"font-weight: 400;\">Bondi AI Ltd<\/span><span style=\"font-weight: 400;\"> puede mejorar las visitas posteriores adaptando nuestro contenido a sus necesidades.<\/span><\/p><p><span style=\"font-weight: 400;\">Utilizamos cookies principalmente porque queremos que nuestros sitios web y aplicaciones m\u00f3viles sean f\u00e1ciles de usar, y nos interesa el comportamiento de los usuarios an\u00f3nimos. Por lo general, nuestras cookies no almacenan informaci\u00f3n sensible o de identificaci\u00f3n personal como su nombre y direcci\u00f3n o los datos de su tarjeta de cr\u00e9dito.<\/span><\/p><p><span style=\"font-weight: 400;\">En el improbable caso de que nuestros sitios web utilicen cookies para almacenar informaci\u00f3n personal sobre usted, <\/span><span style=\"font-weight: 400;\">Bondi AI Ltd<\/span><span style=\"font-weight: 400;\"> encripta los datos personales para evitar su uso no autorizado por otras personas.<\/span><\/p><p><span style=\"font-weight: 400;\">Aqu\u00ed hay una lista de los principales tipos de galletas que usamos, y para qu\u00e9 las usamos. Las hemos descrito usando las categor\u00edas recomendadas por la C\u00e1mara de Comercio Internacional en la Gu\u00eda de Galletas de la CCI del Reino Unido.<\/span><\/p><p><span style=\"font-weight: 400;\">(Cuando mencionamos \"cookies\", tambi\u00e9n nos referimos a las balizas web y otras tecnolog\u00edas que recogen informaci\u00f3n de forma similar a las cookies de los sitios web o los correos electr\u00f3nicos. Cuando mencionamos \"sitios web\", tambi\u00e9n nos referimos a aplicaciones m\u00f3viles y correos electr\u00f3nicos).<\/span><\/p><h4><strong>Galletas estrictamente necesarias<\/strong><\/h4><p><span style=\"font-weight: 400;\">Estas cookies son esenciales para permitirle moverse por el sitio web y utilizar sus caracter\u00edsticas, como el acceso a \u00e1reas seguras del sitio web. Sin ellas, los servicios de cookies que ha solicitado, como las cestas de la compra o la facturaci\u00f3n electr\u00f3nica, no se pueden proporcionar. Debido a que estas cookies son estrictamente necesarias, no necesitamos pedir su consentimiento para utilizarlas.<\/span><\/p><h4><strong>Galletas de rendimiento<\/strong><\/h4><p><span style=\"font-weight: 400;\">Estas cookies recopilan informaci\u00f3n sobre c\u00f3mo los visitantes utilizan un sitio web, por ejemplo, qu\u00e9 p\u00e1ginas visitan m\u00e1s a menudo los visitantes, y le permiten almacenar art\u00edculos en su cesta de la compra entre las visitas. Tambi\u00e9n pueden mostrarnos qu\u00e9 correo electr\u00f3nico o p\u00e1gina web visitaron los visitantes para visitar nuestro sitio web, y si abri\u00f3 un correo electr\u00f3nico que le enviamos.\u00a0<\/span><\/p><p><span style=\"font-weight: 400;\">Algunas de ellas son cookies anal\u00edticas, establecidas con software de an\u00e1lisis web de terceros, que nos permiten monitorear el tr\u00e1fico de nuestro sitio web. Por ejemplo, utilizamos las cookies de Google Analytics y de Universal Analytics para ayudarnos a hacerlo. Estas cookies anal\u00edticas tambi\u00e9n pueden indicarnos cu\u00e1ntos de nuestros visitantes son hombres o mujeres y pueden resumir el n\u00famero de visitantes que se encuentran dentro de ciertos rangos de edad, o ciertas categor\u00edas de inter\u00e9s. Sin embargo, este tipo de informaci\u00f3n no est\u00e1 vinculada a ning\u00fan individuo; s\u00f3lo nos muestra el porcentaje de nuestros visitantes que pertenecen a determinadas categor\u00edas.<\/span><\/p><p><span style=\"font-weight: 400;\">Averig\u00fce m\u00e1s sobre c\u00f3mo utiliza Google sus datos (enlace 1) u opte por que no se env\u00eden sus datos a Google (enlace 2)<\/span><\/p><p><span style=\"font-weight: 400;\">Enlace 1: <\/span><a href=\"http:\/\/www.google.com\/policies\/privacy\/partners\/\"><span style=\"font-weight: 400;\">http:\/\/www.google.com\/policies\/privacy\/partners\/<\/span><\/a><\/p><p><span style=\"font-weight: 400;\">Enlace 2: <a href=\"https:\/\/support.google.com\/analytics\/answer\/181881?hl=en\">https:\/\/support.google.com\/analytics\/answer\/181881?hl=en<\/a><\/span><\/p><p><span style=\"font-weight: 400;\">No transmitiremos estos datos a terceros de manera que puedan identificar a los visitantes personalmente. Sin embargo, podemos asociar estos datos de la cookie con otros datos de identificaci\u00f3n personal enviados por usted (por ejemplo, cuando env\u00eda un formulario, o completa parcialmente un formulario, o deja art\u00edculos en su cesta de la compra), con el fin de asegurarnos de que nuestras comunicaciones son tan relevantes para usted como sea posible.\u00a0<\/span><\/p><p><span style=\"font-weight: 400;\">A veces podemos utilizar estos datos para destacar <\/span><span style=\"font-weight: 400;\">Bondi AI Ltd<\/span><span style=\"font-weight: 400;\"> productos o servicios que pensamos ser\u00e1n de su inter\u00e9s bas\u00e1ndonos en su uso de nuestros sitios web, o para ponernos en contacto con usted y ofrecerle ayuda si parece tener dificultades para completar un pedido.\u00a0<\/span><\/p><p><span style=\"font-weight: 400;\">Tambi\u00e9n podemos utilizar cookies de terceros durante las transacciones de comercio electr\u00f3nico para ayudar a prevenir el fraude.\u00a0<\/span><\/p><p><b>Utilizando <\/b><b>Bondi AI Ltd<\/b><b> sitios web, usted acepta que podamos colocar estos tipos de cookies en su dispositivo<\/b><span style=\"font-weight: 400;\">.<\/span><\/p><h4><strong>Cookies de funcionalidad<\/strong><\/h4><p><span style=\"font-weight: 400;\">Estas cookies permiten que el sitio web recuerde las elecciones que usted hace (como su nombre de usuario, idioma o la regi\u00f3n en la que se encuentra) y proporcionan caracter\u00edsticas mejoradas y m\u00e1s personales. Por ejemplo, estas cookies pueden utilizarse para recordar los cambios que ha realizado en el tama\u00f1o del texto, las fuentes y otras partes de las p\u00e1ginas web que puede personalizar.\u00a0<\/span><\/p><p><span style=\"font-weight: 400;\">Tambi\u00e9n pueden utilizarse para proporcionar servicios que usted haya solicitado, como ver un v\u00eddeo o comentar un blog. La informaci\u00f3n que estas cookies recopilan puede ser an\u00f3nima y no pueden rastrear su actividad de navegaci\u00f3n en otros sitios web.\u00a0<\/span><\/p><p><b>Utilizando <\/b><b>Bondi AI Ltd<\/b><b> usted acepta que podamos colocar este tipo de cookies en su dispositivo.<\/b><\/p><h4><b>\u00bfRastreamos a los visitantes y usuarios?<\/b><\/h4><p><span style=\"font-weight: 400;\">Nuestros correos electr\u00f3nicos pueden contener un \"p\u00edxel de baliza web\" para decirnos si nuestros correos electr\u00f3nicos se abren y verificar cualquier clic a trav\u00e9s de los enlaces o anuncios dentro del correo electr\u00f3nico.<\/span><\/p><p><span style=\"font-weight: 400;\">Podemos utilizar esta informaci\u00f3n con fines como determinar cu\u00e1les de nuestros correos electr\u00f3nicos son m\u00e1s interesantes para los usuarios, y para preguntar si los usuarios que no abren nuestros correos electr\u00f3nicos desean seguir recibi\u00e9ndolos.<\/span><\/p><p><span style=\"font-weight: 400;\">El p\u00edxel se eliminar\u00e1 cuando elimines el correo electr\u00f3nico. Si no desea que el p\u00edxel se descargue en su dispositivo, debe leer el correo electr\u00f3nico en vista de texto simple o con las im\u00e1genes desactivadas.<\/span><\/p><p><span style=\"font-weight: 400;\">Utilizamos cookies de Pardot para rastrear el comportamiento de navegaci\u00f3n de los visitantes individuales del sitio web, como la actividad de visualizaci\u00f3n de p\u00e1ginas y el tiempo de impresi\u00f3n, con el fin de ayudarnos a controlar mejor el \u00e9xito de nuestro sitio web. Esta informaci\u00f3n se recopila para realizar mejoras en nuestro sitio web.<\/span><\/p><p><span style=\"font-weight: 400;\">La informaci\u00f3n personal se almacena en Pardot\/Salesforce s\u00f3lo si nuestros visitantes completan un formulario, por ejemplo, para registrarse en eventos, formularios de contacto\/solicitud o para suscribirse a nuestras comunicaciones por correo electr\u00f3nico.<\/span><\/p>\t\t\t\t\t\t<\/div>\n\t\t\t\t<\/div>\n\t\t\t\t\t<\/div>\n\t\t<\/div>\n\t\t\t\t\t<\/div>\n\t\t<\/section>\n\t\t\t\t<\/div>","protected":false},"excerpt":{"rendered":"<p>Pol\u00edtica de cookies Actualizada el 12\/01\/21 Utilizamos cookies para facilitar el uso de nuestros sitios web. Descubra los principales tipos de cookies que utilizamos y para qu\u00e9 las usamos. Los datos que recopilamos mediante las cookies nos ayudan a entender mejor a nuestros clientes para poder ofrecer una experiencia de usuario m\u00e1s centrada. Utilizando el conocimiento de [...]<\/p>","protected":false},"author":1,"featured_media":0,"parent":0,"menu_order":0,"comment_status":"closed","ping_status":"closed","template":"","meta":[],"yoast_head":"<!-- This site is optimized with the Yoast SEO plugin v20.8 - https:\/\/yoast.com\/wordpress\/plugins\/seo\/ -->\n<title>Cookies Policy - Bondi AI Ltd<\/title>\n<meta name=\"robots\" content=\"noindex, follow, max-snippet:-1, max-image-preview:large, max-video-preview:-1\" \/>\n<meta property=\"og:locale\" content=\"es_ES\" \/>\n<meta property=\"og:type\" content=\"article\" \/>\n<meta property=\"og:title\" content=\"Cookies Policy - Bondi AI Ltd\" \/>\n<meta property=\"og:description\" content=\"Cookies Policy Updated 12\/01\/21 We use cookies to make our websites more user-friendly. Find out about the main types of cookies we use, and what we use them for. The data we collect using cookies helps us understand our customers better so that we can provide a more focused user experience. Using the knowledge of [&hellip;]\" \/>\n<meta property=\"og:url\" content=\"https:\/\/bondi.ai\/es\/cookies-policy\/\" \/>\n<meta property=\"og:site_name\" content=\"Bondi AI Ltd\" \/>\n<meta property=\"article:publisher\" content=\"https:\/\/facebook.com\/bondisuite\" \/>\n<meta property=\"article:modified_time\" content=\"2023-07-13T10:32:35+00:00\" \/>\n<meta property=\"og:image\" content=\"https:\/\/bondi.ai\/wp-content\/uploads\/2021\/01\/domenico-loia-hGV2TfOh0ns-unsplash-scaled.jpg\" \/>\n\t<meta property=\"og:image:width\" content=\"2560\" \/>\n\t<meta property=\"og:image:height\" content=\"1707\" \/>\n\t<meta property=\"og:image:type\" content=\"image\/jpeg\" \/>\n<meta name=\"twitter:card\" content=\"summary_large_image\" \/>\n<meta name=\"twitter:site\" content=\"@bondisuite\" \/>\n<meta name=\"twitter:label1\" content=\"Tiempo de lectura\" \/>\n\t<meta name=\"twitter:data1\" content=\"4 minutos\" \/>\n<script type=\"application\/ld+json\" class=\"yoast-schema-graph\">{\"@context\":\"https:\/\/schema.org\",\"@graph\":[{\"@type\":\"WebPage\",\"@id\":\"https:\/\/bondi.ai\/cookies-policy\/\",\"url\":\"https:\/\/bondi.ai\/cookies-policy\/\",\"name\":\"Cookies Policy - Bondi AI Ltd\",\"isPartOf\":{\"@id\":\"https:\/\/bondi.ai\/#website\"},\"datePublished\":\"2021-01-12T15:20:55+00:00\",\"dateModified\":\"2023-07-13T10:32:35+00:00\",\"breadcrumb\":{\"@id\":\"https:\/\/bondi.ai\/cookies-policy\/#breadcrumb\"},\"inLanguage\":\"es\",\"potentialAction\":[{\"@type\":\"ReadAction\",\"target\":[\"https:\/\/bondi.ai\/cookies-policy\/\"]}]},{\"@type\":\"BreadcrumbList\",\"@id\":\"https:\/\/bondi.ai\/cookies-policy\/#breadcrumb\",\"itemListElement\":[{\"@type\":\"ListItem\",\"position\":1,\"name\":\"Home\",\"item\":\"https:\/\/bondi.ai\/\"},{\"@type\":\"ListItem\",\"position\":2,\"name\":\"Cookies Policy\"}]},{\"@type\":\"WebSite\",\"@id\":\"https:\/\/bondi.ai\/#website\",\"url\":\"https:\/\/bondi.ai\/\",\"name\":\"Bondi Platform Ltd\",\"description\":\"Secure digital systems and services that utilise smart technology.\",\"publisher\":{\"@id\":\"https:\/\/bondi.ai\/#organization\"},\"alternateName\":\"Bondisuite\",\"potentialAction\":[{\"@type\":\"SearchAction\",\"target\":{\"@type\":\"EntryPoint\",\"urlTemplate\":\"https:\/\/bondi.ai\/?s={search_term_string}\"},\"query-input\":\"required name=search_term_string\"}],\"inLanguage\":\"es\"},{\"@type\":\"Organization\",\"@id\":\"https:\/\/bondi.ai\/#organization\",\"name\":\"Bondi Platform Limited\",\"alternateName\":\"Bondisuite\",\"url\":\"https:\/\/bondi.ai\/\",\"logo\":{\"@type\":\"ImageObject\",\"inLanguage\":\"es\",\"@id\":\"https:\/\/bondi.ai\/#\/schema\/logo\/image\/\",\"url\":\"https:\/\/bondi.ai\/wp-content\/uploads\/2020\/12\/cropped-Bondi-Platform-450x273-1.png\",\"contentUrl\":\"https:\/\/bondi.ai\/wp-content\/uploads\/2020\/12\/cropped-Bondi-Platform-450x273-1.png\",\"width\":459,\"height\":271,\"caption\":\"Bondi Platform Limited\"},\"image\":{\"@id\":\"https:\/\/bondi.ai\/#\/schema\/logo\/image\/\"},\"sameAs\":[\"https:\/\/facebook.com\/bondisuite\",\"https:\/\/twitter.com\/bondisuite\",\"https:\/\/linkedin.com\/company\/bondi-platform-ltd\"]}]}<\/script>\n<!-- \/ Yoast SEO plugin. -->","yoast_head_json":{"title":"Cookies Policy - Bondi AI Ltd","robots":{"index":"noindex","follow":"follow","max-snippet":"max-snippet:-1","max-image-preview":"max-image-preview:large","max-video-preview":"max-video-preview:-1"},"og_locale":"es_ES","og_type":"article","og_title":"Cookies Policy - Bondi AI Ltd","og_description":"Cookies Policy Updated 12\/01\/21 We use cookies to make our websites more user-friendly. Find out about the main types of cookies we use, and what we use them for. The data we collect using cookies helps us understand our customers better so that we can provide a more focused user experience. Using the knowledge of [&hellip;]","og_url":"https:\/\/bondi.ai\/es\/cookies-policy\/","og_site_name":"Bondi AI Ltd","article_publisher":"https:\/\/facebook.com\/bondisuite","article_modified_time":"2023-07-13T10:32:35+00:00","og_image":[{"width":2560,"height":1707,"url":"https:\/\/bondi.ai\/wp-content\/uploads\/2021\/01\/domenico-loia-hGV2TfOh0ns-unsplash-scaled.jpg","type":"image\/jpeg"}],"twitter_card":"summary_large_image","twitter_site":"@bondisuite","twitter_misc":{"Tiempo de lectura":"4 minutos"},"schema":{"@context":"https:\/\/schema.org","@graph":[{"@type":"WebPage","@id":"https:\/\/bondi.ai\/cookies-policy\/","url":"https:\/\/bondi.ai\/cookies-policy\/","name":"Cookies Policy - Bondi AI Ltd","isPartOf":{"@id":"https:\/\/bondi.ai\/#website"},"datePublished":"2021-01-12T15:20:55+00:00","dateModified":"2023-07-13T10:32:35+00:00","breadcrumb":{"@id":"https:\/\/bondi.ai\/cookies-policy\/#breadcrumb"},"inLanguage":"es","potentialAction":[{"@type":"ReadAction","target":["https:\/\/bondi.ai\/cookies-policy\/"]}]},{"@type":"BreadcrumbList","@id":"https:\/\/bondi.ai\/cookies-policy\/#breadcrumb","itemListElement":[{"@type":"ListItem","position":1,"name":"Home","item":"https:\/\/bondi.ai\/"},{"@type":"ListItem","position":2,"name":"Cookies Policy"}]},{"@type":"WebSite","@id":"https:\/\/bondi.ai\/#website","url":"https:\/\/bondi.ai\/","name":"Bondi Platform Ltd","description":"Secure digital systems and services that utilise smart technology.","publisher":{"@id":"https:\/\/bondi.ai\/#organization"},"alternateName":"Bondisuite","potentialAction":[{"@type":"SearchAction","target":{"@type":"EntryPoint","urlTemplate":"https:\/\/bondi.ai\/?s={search_term_string}"},"query-input":"required name=search_term_string"}],"inLanguage":"es"},{"@type":"Organization","@id":"https:\/\/bondi.ai\/#organization","name":"Bondi Platform Limited","alternateName":"Bondisuite","url":"https:\/\/bondi.ai\/","logo":{"@type":"ImageObject","inLanguage":"es","@id":"https:\/\/bondi.ai\/#\/schema\/logo\/image\/","url":"https:\/\/bondi.ai\/wp-content\/uploads\/2020\/12\/cropped-Bondi-Platform-450x273-1.png","contentUrl":"https:\/\/bondi.ai\/wp-content\/uploads\/2020\/12\/cropped-Bondi-Platform-450x273-1.png","width":459,"height":271,"caption":"Bondi Platform Limited"},"image":{"@id":"https:\/\/bondi.ai\/#\/schema\/logo\/image\/"},"sameAs":["https:\/\/facebook.com\/bondisuite","https:\/\/twitter.com\/bondisuite","https:\/\/linkedin.com\/company\/bondi-platform-ltd"]}]}},"_links":{"self":[{"href":"https:\/\/bondi.ai\/es\/wp-json\/wp\/v2\/pages\/1356"}],"collection":[{"href":"https:\/\/bondi.ai\/es\/wp-json\/wp\/v2\/pages"}],"about":[{"href":"https:\/\/bondi.ai\/es\/wp-json\/wp\/v2\/types\/page"}],"author":[{"embeddable":true,"href":"https:\/\/bondi.ai\/es\/wp-json\/wp\/v2\/users\/1"}],"replies":[{"embeddable":true,"href":"https:\/\/bondi.ai\/es\/wp-json\/wp\/v2\/comments?post=1356"}],"version-history":[{"count":10,"href":"https:\/\/bondi.ai\/es\/wp-json\/wp\/v2\/pages\/1356\/revisions"}],"predecessor-version":[{"id":4181,"href":"https:\/\/bondi.ai\/es\/wp-json\/wp\/v2\/pages\/1356\/revisions\/4181"}],"wp:attachment":[{"href":"https:\/\/bondi.ai\/es\/wp-json\/wp\/v2\/media?parent=1356"}],"curies":[{"name":"wp","href":"https:\/\/api.w.org\/{rel}","templated":true}]}}