{"id":2854,"date":"2021-01-29T15:58:03","date_gmt":"2021-01-29T15:58:03","guid":{"rendered":"https:\/\/bondiplatform.com\/?page_id=2854"},"modified":"2023-07-13T14:34:45","modified_gmt":"2023-07-13T14:34:45","slug":"imprint","status":"publish","type":"page","link":"https:\/\/bondi.ai\/es\/imprint\/","title":{"rendered":"Pie de imprenta - Bondi Platform Ltd"},"content":{"rendered":"<div data-elementor-type=\"wp-page\" data-elementor-id=\"2854\" class=\"elementor elementor-2854\" data-elementor-post-type=\"page\">\n\t\t\t\t\t\t<section class=\"has_eae_slider elementor-section elementor-top-section elementor-element elementor-element-6146fa78 elementor-section-boxed elementor-section-height-default elementor-section-height-default\" data-eae-slider=\"50608\" data-id=\"6146fa78\" data-element_type=\"section\">\n\t\t\t\t\t\t<div class=\"elementor-container elementor-column-gap-default\">\n\t\t\t\t\t<div class=\"has_eae_slider elementor-column elementor-col-100 elementor-top-column elementor-element elementor-element-396df847\" data-eae-slider=\"50630\" data-id=\"396df847\" data-element_type=\"column\">\n\t\t\t<div class=\"elementor-widget-wrap elementor-element-populated\">\n\t\t\t\t\t\t<div class=\"elementor-element elementor-element-644f40dd elementor-widget elementor-widget-heading\" data-id=\"644f40dd\" data-element_type=\"widget\" data-widget_type=\"heading.default\">\n\t\t\t\t<div class=\"elementor-widget-container\">\n\t\t\t<h2 class=\"elementor-heading-title elementor-size-default\">Bondi AI Ltd<\/h2>\t\t<\/div>\n\t\t\t\t<\/div>\n\t\t\t\t<div class=\"elementor-element elementor-element-af92971 elementor-widget elementor-widget-heading\" data-id=\"af92971\" data-element_type=\"widget\" data-widget_type=\"heading.default\">\n\t\t\t\t<div class=\"elementor-widget-container\">\n\t\t\t<h2 class=\"elementor-heading-title elementor-size-default\">Impresionante<\/h2>\t\t<\/div>\n\t\t\t\t<\/div>\n\t\t\t\t<div class=\"elementor-element elementor-element-6ad3dc75 elementor-widget elementor-widget-heading\" data-id=\"6ad3dc75\" data-element_type=\"widget\" data-widget_type=\"heading.default\">\n\t\t\t\t<div class=\"elementor-widget-container\">\n\t\t\t<h2 class=\"elementor-heading-title elementor-size-default\">\u00danase a nosotros en el camino hacia un futuro lucrativo.<\/h2>\t\t<\/div>\n\t\t\t\t<\/div>\n\t\t\t\t<div class=\"elementor-element elementor-element-1e7f2ad8 elementor-widget-divider--view-line elementor-widget elementor-widget-divider\" data-id=\"1e7f2ad8\" data-element_type=\"widget\" data-widget_type=\"divider.default\">\n\t\t\t\t<div class=\"elementor-widget-container\">\n\t\t\t\t\t<div class=\"elementor-divider\">\n\t\t\t<span class=\"elementor-divider-separator\">\n\t\t\t\t\t\t<\/span>\n\t\t<\/div>\n\t\t\t\t<\/div>\n\t\t\t\t<\/div>\n\t\t\t\t\t<\/div>\n\t\t<\/div>\n\t\t\t\t\t<\/div>\n\t\t<\/section>\n\t\t\t\t<section class=\"has_eae_slider elementor-section elementor-top-section elementor-element elementor-element-db86a46 elementor-section-boxed elementor-section-height-default elementor-section-height-default\" data-eae-slider=\"70691\" data-id=\"db86a46\" data-element_type=\"section\">\n\t\t\t\t\t\t<div class=\"elementor-container elementor-column-gap-default\">\n\t\t\t\t\t<div class=\"has_eae_slider elementor-column elementor-col-100 elementor-top-column elementor-element elementor-element-f475f45\" data-eae-slider=\"96361\" data-id=\"f475f45\" data-element_type=\"column\">\n\t\t\t<div class=\"elementor-widget-wrap elementor-element-populated\">\n\t\t\t\t\t\t<div class=\"elementor-element elementor-element-c7b7db1 elementor-widget elementor-widget-text-editor\" data-id=\"c7b7db1\" data-element_type=\"widget\" data-widget_type=\"text-editor.default\">\n\t\t\t\t<div class=\"elementor-widget-container\">\n\t\t\t\t\t\t\t<p><strong>Bondi AI Limited<\/strong><\/p><p>1\/1A Calle Telegraph<\/p><p>Londres<\/p><p>EC2R 7AR<\/p><p><strong>Representado por<\/strong>:<\/p><p>Marco Pissarello<\/p>\t\t\t\t\t\t<\/div>\n\t\t\t\t<\/div>\n\t\t\t\t\t<\/div>\n\t\t<\/div>\n\t\t\t\t\t<\/div>\n\t\t<\/section>\n\t\t\t\t<section class=\"has_eae_slider elementor-section elementor-top-section elementor-element elementor-element-0bd7a3e elementor-section-boxed elementor-section-height-default elementor-section-height-default\" data-eae-slider=\"79522\" data-id=\"0bd7a3e\" data-element_type=\"section\">\n\t\t\t\t\t\t<div class=\"elementor-container elementor-column-gap-default\">\n\t\t\t\t\t<div class=\"has_eae_slider elementor-column elementor-col-100 elementor-top-column elementor-element elementor-element-8b18b9a\" data-eae-slider=\"69378\" data-id=\"8b18b9a\" data-element_type=\"column\">\n\t\t\t<div class=\"elementor-widget-wrap elementor-element-populated\">\n\t\t\t\t\t\t<div class=\"elementor-element elementor-element-2eecd8f elementor-widget elementor-widget-text-editor\" data-id=\"2eecd8f\" data-element_type=\"widget\" data-widget_type=\"text-editor.default\">\n\t\t\t\t<div class=\"elementor-widget-container\">\n\t\t\t\t\t\t\t<p><strong>Datos de contacto<\/strong><\/p><p>Tel: +44 (0)203 769 1349<\/p><p>Correo electr\u00f3nico: sales@bondi.ai, info@bondi.ai<\/p>\t\t\t\t\t\t<\/div>\n\t\t\t\t<\/div>\n\t\t\t\t\t<\/div>\n\t\t<\/div>\n\t\t\t\t\t<\/div>\n\t\t<\/section>\n\t\t\t\t<section class=\"has_eae_slider elementor-section elementor-top-section elementor-element elementor-element-4a052d2 elementor-section-boxed elementor-section-height-default elementor-section-height-default\" data-eae-slider=\"94466\" data-id=\"4a052d2\" data-element_type=\"section\">\n\t\t\t\t\t\t<div class=\"elementor-container elementor-column-gap-default\">\n\t\t\t\t\t<div class=\"has_eae_slider elementor-column elementor-col-100 elementor-top-column elementor-element elementor-element-1305423\" data-eae-slider=\"24000\" data-id=\"1305423\" data-element_type=\"column\">\n\t\t\t<div class=\"elementor-widget-wrap elementor-element-populated\">\n\t\t\t\t\t\t<div class=\"elementor-element elementor-element-8ef2987 elementor-widget elementor-widget-text-editor\" data-id=\"8ef2987\" data-element_type=\"widget\" data-widget_type=\"text-editor.default\">\n\t\t\t\t<div class=\"elementor-widget-container\">\n\t\t\t\t\t\t\t<p><strong>N\u00famero de registro comercial:<\/strong>\u00a0#12778031<\/p><p><strong>Registrado en:<\/strong> Inglaterra<\/p><p><strong>N\u00famero de IVA:\u00a0<\/strong>362 0093 28<\/p>\t\t\t\t\t\t<\/div>\n\t\t\t\t<\/div>\n\t\t\t\t\t<\/div>\n\t\t<\/div>\n\t\t\t\t\t<\/div>\n\t\t<\/section>\n\t\t\t\t<section class=\"has_eae_slider elementor-section elementor-top-section elementor-element elementor-element-0bcee9e elementor-section-boxed elementor-section-height-default elementor-section-height-default\" data-eae-slider=\"80664\" data-id=\"0bcee9e\" data-element_type=\"section\">\n\t\t\t\t\t\t<div class=\"elementor-container elementor-column-gap-default\">\n\t\t\t\t\t<div class=\"has_eae_slider elementor-column elementor-col-100 elementor-top-column elementor-element elementor-element-f193f47\" data-eae-slider=\"45475\" data-id=\"f193f47\" data-element_type=\"column\">\n\t\t\t<div class=\"elementor-widget-wrap elementor-element-populated\">\n\t\t\t\t\t\t<div class=\"elementor-element elementor-element-17f8fc8 elementor-widget elementor-widget-text-editor\" data-id=\"17f8fc8\" data-element_type=\"widget\" data-widget_type=\"text-editor.default\">\n\t\t\t\t<div class=\"elementor-widget-container\">\n\t\t\t\t\t\t\t<p><strong>Descargo de responsabilidad<\/strong><\/p>\t\t\t\t\t\t<\/div>\n\t\t\t\t<\/div>\n\t\t\t\t\t<\/div>\n\t\t<\/div>\n\t\t\t\t\t<\/div>\n\t\t<\/section>\n\t\t\t\t<section class=\"has_eae_slider elementor-section elementor-top-section elementor-element elementor-element-49b3cd6 elementor-section-boxed elementor-section-height-default elementor-section-height-default\" data-eae-slider=\"68684\" data-id=\"49b3cd6\" data-element_type=\"section\">\n\t\t\t\t\t\t<div class=\"elementor-container elementor-column-gap-default\">\n\t\t\t\t\t<div class=\"has_eae_slider elementor-column elementor-col-100 elementor-top-column elementor-element elementor-element-984453e\" data-eae-slider=\"94082\" data-id=\"984453e\" data-element_type=\"column\">\n\t\t\t<div class=\"elementor-widget-wrap elementor-element-populated\">\n\t\t\t\t\t\t<div class=\"elementor-element elementor-element-f4766e8 elementor-widget elementor-widget-text-editor\" data-id=\"f4766e8\" data-element_type=\"widget\" data-widget_type=\"text-editor.default\">\n\t\t\t\t<div class=\"elementor-widget-container\">\n\t\t\t\t\t\t\t<p>Los contenidos de este sitio se han creado con el m\u00e1ximo cuidado. Sin embargo, el proveedor de este sitio web no asume ninguna responsabilidad por la actualidad, integridad y exactitud de las p\u00e1ginas y contenidos proporcionados. La eliminaci\u00f3n o el bloqueo de estos contenidos tiene lugar inmediatamente despu\u00e9s de tener conocimiento de una violaci\u00f3n concreta de la ley. El uso de los contenidos de este sitio web se realiza por cuenta y riesgo del usuario. El sitio web puede contener \"enlaces externos\" (hiperv\u00ednculos) a otros sitios web sobre cuyo contenido el proveedor de este sitio web no tiene ninguna influencia. El proveedor de este sitio web no es responsable de estos enlaces externos ni de sus contenidos. El proveedor respectivo de los sitios es responsable del contenido y la exactitud de los sitios enlazados y su informaci\u00f3n. En el momento de establecer el enlace, no se apreciaba ninguna infracci\u00f3n legal. Si tuvi\u00e9ramos conocimiento de alguna infracci\u00f3n legal, eliminar\u00edamos dichos enlaces inmediatamente.<\/p>\t\t\t\t\t\t<\/div>\n\t\t\t\t<\/div>\n\t\t\t\t\t<\/div>\n\t\t<\/div>\n\t\t\t\t\t<\/div>\n\t\t<\/section>\n\t\t\t\t<\/div>","protected":false},"excerpt":{"rendered":"<p>Bondi AI Ltd Impressum Join us on a path to a lucrative future. Bondi AI Limited 1\/1A Telegraph Street London EC2R 7AR Represented by: Marco Pissarello Contact Details Tel: +44 (0)203 769 1349 Email: sales@bondi.ai, info@bondi.ai Commercial Registration Number:\u00a0#12778031 Registered in: England VAT Number:\u00a0362 0093 28 Disclaimer The contents of this site were created with [&hellip;]<\/p>","protected":false},"author":1,"featured_media":0,"parent":0,"menu_order":0,"comment_status":"closed","ping_status":"closed","template":"","meta":[],"yoast_head":"<!-- This site is optimized with the Yoast SEO plugin v20.8 - https:\/\/yoast.com\/wordpress\/plugins\/seo\/ -->\n<title>Imprint - Bondi Platform Ltd - Bondi AI Ltd<\/title>\n<meta name=\"robots\" content=\"noindex, follow, max-snippet:-1, max-image-preview:large, max-video-preview:-1\" \/>\n<meta property=\"og:locale\" content=\"es_ES\" \/>\n<meta property=\"og:type\" content=\"article\" \/>\n<meta property=\"og:title\" content=\"Imprint - Bondi Platform Ltd - Bondi AI Ltd\" \/>\n<meta property=\"og:description\" content=\"Bondi AI Ltd Impressum Join us on a path to a lucrative future. Bondi AI Limited 1\/1A Telegraph Street London EC2R 7AR Represented by: Marco Pissarello Contact Details Tel: +44 (0)203 769 1349 Email: sales@bondi.ai, info@bondi.ai Commercial Registration Number:\u00a0#12778031 Registered in: England VAT Number:\u00a0362 0093 28 Disclaimer The contents of this site were created with [&hellip;]\" \/>\n<meta property=\"og:url\" content=\"https:\/\/bondi.ai\/es\/imprint\/\" \/>\n<meta property=\"og:site_name\" content=\"Bondi AI Ltd\" \/>\n<meta property=\"article:publisher\" content=\"https:\/\/facebook.com\/bondisuite\" \/>\n<meta property=\"article:modified_time\" content=\"2023-07-13T14:34:45+00:00\" \/>\n<meta property=\"og:image\" content=\"https:\/\/bondi.ai\/wp-content\/uploads\/2021\/01\/domenico-loia-hGV2TfOh0ns-unsplash-scaled.jpg\" \/>\n\t<meta property=\"og:image:width\" content=\"2560\" \/>\n\t<meta property=\"og:image:height\" content=\"1707\" \/>\n\t<meta property=\"og:image:type\" content=\"image\/jpeg\" \/>\n<meta name=\"twitter:card\" content=\"summary_large_image\" \/>\n<meta name=\"twitter:site\" content=\"@bondisuite\" \/>\n<meta name=\"twitter:label1\" content=\"Tiempo de lectura\" \/>\n\t<meta name=\"twitter:data1\" content=\"1 minuto\" \/>\n<script type=\"application\/ld+json\" class=\"yoast-schema-graph\">{\"@context\":\"https:\/\/schema.org\",\"@graph\":[{\"@type\":\"WebPage\",\"@id\":\"https:\/\/bondi.ai\/imprint\/\",\"url\":\"https:\/\/bondi.ai\/imprint\/\",\"name\":\"Imprint - Bondi Platform Ltd - Bondi AI Ltd\",\"isPartOf\":{\"@id\":\"https:\/\/bondi.ai\/#website\"},\"datePublished\":\"2021-01-29T15:58:03+00:00\",\"dateModified\":\"2023-07-13T14:34:45+00:00\",\"breadcrumb\":{\"@id\":\"https:\/\/bondi.ai\/imprint\/#breadcrumb\"},\"inLanguage\":\"es\",\"potentialAction\":[{\"@type\":\"ReadAction\",\"target\":[\"https:\/\/bondi.ai\/imprint\/\"]}]},{\"@type\":\"BreadcrumbList\",\"@id\":\"https:\/\/bondi.ai\/imprint\/#breadcrumb\",\"itemListElement\":[{\"@type\":\"ListItem\",\"position\":1,\"name\":\"Home\",\"item\":\"https:\/\/bondi.ai\/\"},{\"@type\":\"ListItem\",\"position\":2,\"name\":\"Imprint &#8211; Bondi Platform Ltd\"}]},{\"@type\":\"WebSite\",\"@id\":\"https:\/\/bondi.ai\/#website\",\"url\":\"https:\/\/bondi.ai\/\",\"name\":\"Bondi Platform Ltd\",\"description\":\"Secure digital systems and services that utilise smart technology.\",\"publisher\":{\"@id\":\"https:\/\/bondi.ai\/#organization\"},\"alternateName\":\"Bondisuite\",\"potentialAction\":[{\"@type\":\"SearchAction\",\"target\":{\"@type\":\"EntryPoint\",\"urlTemplate\":\"https:\/\/bondi.ai\/?s={search_term_string}\"},\"query-input\":\"required name=search_term_string\"}],\"inLanguage\":\"es\"},{\"@type\":\"Organization\",\"@id\":\"https:\/\/bondi.ai\/#organization\",\"name\":\"Bondi Platform Limited\",\"alternateName\":\"Bondisuite\",\"url\":\"https:\/\/bondi.ai\/\",\"logo\":{\"@type\":\"ImageObject\",\"inLanguage\":\"es\",\"@id\":\"https:\/\/bondi.ai\/#\/schema\/logo\/image\/\",\"url\":\"https:\/\/bondi.ai\/wp-content\/uploads\/2020\/12\/cropped-Bondi-Platform-450x273-1.png\",\"contentUrl\":\"https:\/\/bondi.ai\/wp-content\/uploads\/2020\/12\/cropped-Bondi-Platform-450x273-1.png\",\"width\":459,\"height\":271,\"caption\":\"Bondi Platform Limited\"},\"image\":{\"@id\":\"https:\/\/bondi.ai\/#\/schema\/logo\/image\/\"},\"sameAs\":[\"https:\/\/facebook.com\/bondisuite\",\"https:\/\/twitter.com\/bondisuite\",\"https:\/\/linkedin.com\/company\/bondi-platform-ltd\"]}]}<\/script>\n<!-- \/ Yoast SEO plugin. -->","yoast_head_json":{"title":"Imprint - Bondi Platform Ltd - Bondi AI Ltd","robots":{"index":"noindex","follow":"follow","max-snippet":"max-snippet:-1","max-image-preview":"max-image-preview:large","max-video-preview":"max-video-preview:-1"},"og_locale":"es_ES","og_type":"article","og_title":"Imprint - Bondi Platform Ltd - Bondi AI Ltd","og_description":"Bondi AI Ltd Impressum Join us on a path to a lucrative future. Bondi AI Limited 1\/1A Telegraph Street London EC2R 7AR Represented by: Marco Pissarello Contact Details Tel: +44 (0)203 769 1349 Email: sales@bondi.ai, info@bondi.ai Commercial Registration Number:\u00a0#12778031 Registered in: England VAT Number:\u00a0362 0093 28 Disclaimer The contents of this site were created with [&hellip;]","og_url":"https:\/\/bondi.ai\/es\/imprint\/","og_site_name":"Bondi AI Ltd","article_publisher":"https:\/\/facebook.com\/bondisuite","article_modified_time":"2023-07-13T14:34:45+00:00","og_image":[{"width":2560,"height":1707,"url":"https:\/\/bondi.ai\/wp-content\/uploads\/2021\/01\/domenico-loia-hGV2TfOh0ns-unsplash-scaled.jpg","type":"image\/jpeg"}],"twitter_card":"summary_large_image","twitter_site":"@bondisuite","twitter_misc":{"Tiempo de lectura":"1 minuto"},"schema":{"@context":"https:\/\/schema.org","@graph":[{"@type":"WebPage","@id":"https:\/\/bondi.ai\/imprint\/","url":"https:\/\/bondi.ai\/imprint\/","name":"Imprint - Bondi Platform Ltd - Bondi AI Ltd","isPartOf":{"@id":"https:\/\/bondi.ai\/#website"},"datePublished":"2021-01-29T15:58:03+00:00","dateModified":"2023-07-13T14:34:45+00:00","breadcrumb":{"@id":"https:\/\/bondi.ai\/imprint\/#breadcrumb"},"inLanguage":"es","potentialAction":[{"@type":"ReadAction","target":["https:\/\/bondi.ai\/imprint\/"]}]},{"@type":"BreadcrumbList","@id":"https:\/\/bondi.ai\/imprint\/#breadcrumb","itemListElement":[{"@type":"ListItem","position":1,"name":"Home","item":"https:\/\/bondi.ai\/"},{"@type":"ListItem","position":2,"name":"Imprint &#8211; Bondi Platform Ltd"}]},{"@type":"WebSite","@id":"https:\/\/bondi.ai\/#website","url":"https:\/\/bondi.ai\/","name":"Bondi Platform Ltd","description":"Secure digital systems and services that utilise smart technology.","publisher":{"@id":"https:\/\/bondi.ai\/#organization"},"alternateName":"Bondisuite","potentialAction":[{"@type":"SearchAction","target":{"@type":"EntryPoint","urlTemplate":"https:\/\/bondi.ai\/?s={search_term_string}"},"query-input":"required name=search_term_string"}],"inLanguage":"es"},{"@type":"Organization","@id":"https:\/\/bondi.ai\/#organization","name":"Bondi Platform Limited","alternateName":"Bondisuite","url":"https:\/\/bondi.ai\/","logo":{"@type":"ImageObject","inLanguage":"es","@id":"https:\/\/bondi.ai\/#\/schema\/logo\/image\/","url":"https:\/\/bondi.ai\/wp-content\/uploads\/2020\/12\/cropped-Bondi-Platform-450x273-1.png","contentUrl":"https:\/\/bondi.ai\/wp-content\/uploads\/2020\/12\/cropped-Bondi-Platform-450x273-1.png","width":459,"height":271,"caption":"Bondi Platform Limited"},"image":{"@id":"https:\/\/bondi.ai\/#\/schema\/logo\/image\/"},"sameAs":["https:\/\/facebook.com\/bondisuite","https:\/\/twitter.com\/bondisuite","https:\/\/linkedin.com\/company\/bondi-platform-ltd"]}]}},"_links":{"self":[{"href":"https:\/\/bondi.ai\/es\/wp-json\/wp\/v2\/pages\/2854"}],"collection":[{"href":"https:\/\/bondi.ai\/es\/wp-json\/wp\/v2\/pages"}],"about":[{"href":"https:\/\/bondi.ai\/es\/wp-json\/wp\/v2\/types\/page"}],"author":[{"embeddable":true,"href":"https:\/\/bondi.ai\/es\/wp-json\/wp\/v2\/users\/1"}],"replies":[{"embeddable":true,"href":"https:\/\/bondi.ai\/es\/wp-json\/wp\/v2\/comments?post=2854"}],"version-history":[{"count":22,"href":"https:\/\/bondi.ai\/es\/wp-json\/wp\/v2\/pages\/2854\/revisions"}],"predecessor-version":[{"id":4215,"href":"https:\/\/bondi.ai\/es\/wp-json\/wp\/v2\/pages\/2854\/revisions\/4215"}],"wp:attachment":[{"href":"https:\/\/bondi.ai\/es\/wp-json\/wp\/v2\/media?parent=2854"}],"curies":[{"name":"wp","href":"https:\/\/api.w.org\/{rel}","templated":true}]}}