{"id":3,"date":"2020-11-23T22:41:58","date_gmt":"2020-11-23T22:41:58","guid":{"rendered":"https:\/\/bondiplatform.com\/?page_id=3"},"modified":"2023-07-13T11:12:52","modified_gmt":"2023-07-13T11:12:52","slug":"privacy-policy","status":"publish","type":"page","link":"https:\/\/bondi.ai\/es\/privacy-policy\/","title":{"rendered":"Pol\u00edtica de privacidad"},"content":{"rendered":"<div data-elementor-type=\"wp-page\" data-elementor-id=\"3\" class=\"elementor elementor-3\" data-elementor-post-type=\"page\">\n\t\t\t\t\t\t<section class=\"has_eae_slider elementor-section elementor-top-section elementor-element elementor-element-7fc9b1a9 elementor-section-boxed elementor-section-height-default elementor-section-height-default\" data-eae-slider=\"1602\" data-id=\"7fc9b1a9\" data-element_type=\"section\" data-settings=\"{&quot;background_background&quot;:&quot;classic&quot;}\">\n\t\t\t\t\t\t<div class=\"elementor-container elementor-column-gap-default\">\n\t\t\t\t\t<div class=\"has_eae_slider elementor-column elementor-col-100 elementor-top-column elementor-element elementor-element-6ca6b6ef\" data-eae-slider=\"75706\" data-id=\"6ca6b6ef\" data-element_type=\"column\">\n\t\t\t<div class=\"elementor-widget-wrap elementor-element-populated\">\n\t\t\t\t\t\t<div class=\"elementor-element elementor-element-91e287d elementor-widget elementor-widget-heading\" data-id=\"91e287d\" data-element_type=\"widget\" data-widget_type=\"heading.default\">\n\t\t\t\t<div class=\"elementor-widget-container\">\n\t\t\t<h2 class=\"elementor-heading-title elementor-size-default\">Pol\u00edtica de privacidad<\/h2>\t\t<\/div>\n\t\t\t\t<\/div>\n\t\t\t\t<div class=\"elementor-element elementor-element-65aa54a2 elementor-widget elementor-widget-text-editor\" data-id=\"65aa54a2\" data-element_type=\"widget\" data-widget_type=\"text-editor.default\">\n\t\t\t\t<div class=\"elementor-widget-container\">\n\t\t\t\t\t\t\t<p><span style=\"font-weight: 400;\">Internet es una herramienta asombrosa. Tiene el poder de cambiar nuestra forma de vida, y hoy empezamos a ver ese potencial. Con s\u00f3lo unos clics de rat\u00f3n, puede seguir las noticias, buscar datos, comprar bienes y servicios y comunicarse con otras personas de todo el mundo. Para Bondi AI Ltd. es importante ayudar a nuestros clientes a conservar su intimidad cuando aprovechan todo lo que ofrece Internet.<\/span><\/p><p><span style=\"font-weight: 400;\">Creemos que su negocio no es el de nadie m\u00e1s. Su privacidad es importante para usted y para nosotros. Por eso protegeremos la informaci\u00f3n que comparta con nosotros. Para proteger su privacidad, Bondi AI Ltd. sigue diferentes principios de acuerdo con las pr\u00e1cticas mundiales en materia de privacidad del cliente y protecci\u00f3n de datos.<\/span><\/p><ul><li style=\"font-weight: 400;\" aria-level=\"1\"><span style=\"font-weight: 400;\">No venderemos ni daremos su nombre, direcci\u00f3n postal, n\u00famero de tel\u00e9fono, direcci\u00f3n de correo electr\u00f3nico o cualquier otra informaci\u00f3n a nadie.<\/span><\/li><li style=\"font-weight: 400;\" aria-level=\"1\"><span style=\"font-weight: 400;\">Utilizaremos medidas de seguridad de \u00faltima generaci\u00f3n para proteger su informaci\u00f3n de usuarios no autorizados.<\/span><\/li><\/ul><h4><b>AVISO<\/b><\/h4><p><span style=\"font-weight: 400;\">Le preguntaremos cuando necesitemos informaci\u00f3n que lo identifique personalmente (informaci\u00f3n personal) o que nos permita contactarlo. Por lo general, esta informaci\u00f3n se solicita cuando crea un ID de registro en el sitio o cuando descarga software gratuito, participa en un concurso, solicita boletines de noticias por correo electr\u00f3nico o se une a un sitio premium de acceso limitado. Utilizamos su informaci\u00f3n personal para cuatro prop\u00f3sitos principales:<\/span><\/p><ul><li style=\"font-weight: 400;\" aria-level=\"1\"><span style=\"font-weight: 400;\">\u00a0Para facilitarle el uso del sitio al no tener que introducir la informaci\u00f3n m\u00e1s de una vez.<\/span><\/li><li style=\"font-weight: 400;\" aria-level=\"1\"><span style=\"font-weight: 400;\">Para ayudarle a encontrar r\u00e1pidamente software, servicios o informaci\u00f3n.<\/span><\/li><li style=\"font-weight: 400;\" aria-level=\"1\"><span style=\"font-weight: 400;\">\u00a0Para ayudarnos a crear el contenido m\u00e1s relevante para usted.<\/span><\/li><li style=\"font-weight: 400;\" aria-level=\"1\"><span style=\"font-weight: 400;\">Para avisarle de actualizaciones de productos, ofertas especiales, informaci\u00f3n actualizada y otros servicios nuevos de Bondi AI Ltd.<\/span><\/li><\/ul><h4><b>CONSENTIMIENTO<\/b><\/h4><p><span style=\"font-weight: 400;\">Si decide no registrarse ni proporcionar informaci\u00f3n personal, puede seguir utilizando la mayor parte de BondiSuite. Pero no podr\u00e1 acceder a las \u00e1reas que requieren registro.<\/span><\/p><p><span style=\"font-weight: 400;\">Si decide registrarse, podr\u00e1 seleccionar el tipo de informaci\u00f3n que desea recibir de nosotros suscribi\u00e9ndose a diversos servicios, como nuestros boletines electr\u00f3nicos. Si no desea que nos comuniquemos con usted en relaci\u00f3n con otras ofertas sobre productos, programas, eventos o servicios de Bondi AI Ltd. por correo electr\u00f3nico, correo postal o tel\u00e9fono, puede seleccionar la opci\u00f3n que indica que no desea recibir mensajes de marketing de Bondi AI Ltd..<\/span><\/p><p><span style=\"font-weight: 400;\">Bondi AI Ltd. permite ocasionalmente que otras empresas ofrezcan a nuestros clientes registrados informaci\u00f3n sobre sus productos y servicios, utilizando \u00fanicamente el correo postal. Si no desea recibir estas ofertas, puede seleccionar la opci\u00f3n que indica que no desea recibir material de marketing de terceros.<\/span><\/p><h4><b>ACCESO<\/b><\/h4><p><span style=\"font-weight: 400;\">Le proporcionaremos los medios para asegurar que su informaci\u00f3n personal sea correcta y est\u00e9 actualizada. Puede revisar y actualizar esta informaci\u00f3n en cualquier momento en el Centro de Visitantes. All\u00ed, usted puede:<\/span><\/p><ul><li style=\"font-weight: 400;\" aria-level=\"1\"><span style=\"font-weight: 400;\">Ver y editar la informaci\u00f3n personal que ya nos ha dado.<\/span><\/li><li style=\"font-weight: 400;\" aria-level=\"1\"><span style=\"font-weight: 400;\">D\u00edganos si quiere que le enviemos informaci\u00f3n de marketing o si quiere que terceros le env\u00eden sus ofertas por correo postal.<\/span><\/li><li style=\"font-weight: 400;\" aria-level=\"1\"><span style=\"font-weight: 400;\">Suscr\u00edbase a los boletines electr\u00f3nicos sobre nuestros servicios y productos.<\/span><\/li><li style=\"font-weight: 400;\" aria-level=\"1\"><span style=\"font-weight: 400;\">Reg\u00edstrese. Una vez que se registre, no tendr\u00e1 que volver a hacerlo. Vayas donde vayas en BondiSuite, tu informaci\u00f3n se queda contigo.<\/span><\/li><\/ul><h4><b>SEGURIDAD<\/b><\/h4><p><span style=\"font-weight: 400;\">Bondi AI Ltd. ha adoptado medidas estrictas para proteger la seguridad de sus datos personales y garantizar que se respeten sus decisiones sobre el uso previsto de los mismos. Tomamos fuertes precauciones para proteger sus datos de p\u00e9rdida, uso indebido, acceso no autorizado o divulgaci\u00f3n, alteraci\u00f3n o destrucci\u00f3n.<\/span><\/p><p><span style=\"font-weight: 400;\">Garantizamos que sus transacciones de comercio electr\u00f3nico son 100% seguras. Cuando realiza pedidos o accede a la informaci\u00f3n de su cuenta personal, utiliza el software de servidor seguro SSL, que encripta su informaci\u00f3n personal antes de enviarla por Internet. SSL es una de las tecnolog\u00edas de encriptaci\u00f3n m\u00e1s seguras que existen.<\/span><\/p><p><span style=\"font-weight: 400;\">Adem\u00e1s, sus transacciones est\u00e1n garantizadas por la Ley de Facturaci\u00f3n Justa del Cr\u00e9dito. Esta ley establece que su banco no puede responsabilizarle de m\u00e1s de $50,00 en cargos fraudulentos en su tarjeta de cr\u00e9dito. Si su banco le hace responsable de $50,00 o menos, cubriremos su responsabilidad siempre que el uso no autorizado y fraudulento de su tarjeta de cr\u00e9dito se haya producido sin su culpa y a partir de las compras realizadas a trav\u00e9s de nuestro servidor seguro. En caso de uso no autorizado de su tarjeta de cr\u00e9dito, deber\u00e1 notificarlo a su proveedor de tarjetas de cr\u00e9dito de acuerdo con sus normas y procedimientos de notificaci\u00f3n.<\/span><\/p><p><span style=\"font-weight: 400;\">Bondi AI Ltd. protege estrictamente la seguridad de sus datos personales y respeta su elecci\u00f3n en cuanto al uso previsto de los mismos. Protegemos cuidadosamente sus datos contra p\u00e9rdida, uso indebido, acceso o divulgaci\u00f3n no autorizados, alteraci\u00f3n o destrucci\u00f3n.<\/span><\/p><p><span style=\"font-weight: 400;\">Su informaci\u00f3n personal nunca se comparte fuera de la empresa sin su permiso, excepto en las condiciones explicadas anteriormente. Dentro de la empresa, los datos se almacenan en servidores controlados por contrase\u00f1a con acceso limitado. Su informaci\u00f3n puede almacenarse y procesarse en Bondi AI Ltd. o en cualquier otro pa\u00eds en el que se encuentren sus filiales, afiliados o agentes.<\/span><\/p><p><span style=\"font-weight: 400;\">Tambi\u00e9n tiene un papel importante en la protecci\u00f3n de su informaci\u00f3n. Nadie puede ver o editar su informaci\u00f3n personal sin conocer su nombre de usuario y contrase\u00f1a, as\u00ed que no los comparta con otros.<\/span><\/p><h4><b>AVISO A LOS PADRES<\/b><\/h4><p><span style=\"font-weight: 400;\">Padres o tutores: queremos ayudarles a proteger la privacidad de sus hijos. Les animamos a que hablen con sus hijos sobre el uso seguro y responsable de su informaci\u00f3n personal cuando utilicen Internet.<\/span><\/p><p><span style=\"font-weight: 400;\">El sitio de Bondi AI Ltd. no publica contenidos dirigidos a los ni\u00f1os. Sin embargo, si le preocupa que sus hijos proporcionen a Bondi AI Ltd. cualquier informaci\u00f3n personal sin su consentimiento, Bondi AI Ltd. eliminar\u00e1 todos los datos previa solicitud, correo electr\u00f3nico info@bondiai.com.<\/span><\/p><h4><b>ENFOQUE<\/b><\/h4><p><span style=\"font-weight: 400;\">Si por alguna raz\u00f3n cree que Bondi AI Ltd. no ha respetado estos principios, notif\u00edquenoslo por correo electr\u00f3nico a , y haremos todo lo posible por determinar y corregir el problema con prontitud. Aseg\u00farese de que las palabras Pol\u00edtica de privacidad figuran en la l\u00ednea de asunto.<\/span><\/p><h4><b>REGISTRO ELECTR\u00d3NICO DE PRODUCTOS<\/b><\/h4><p><span style=\"font-weight: 400;\">Cuando usted compra e instala un nuevo producto, podemos pedirle que registre su compra electr\u00f3nicamente. Cuando lo hace, fusionamos su informaci\u00f3n de registro con cualquier informaci\u00f3n que ya haya dejado con nosotros (a esa informaci\u00f3n la llamamos su perfil personal). Si no se ha registrado previamente con nosotros, creamos un perfil personal para usted a partir de la informaci\u00f3n de registro de su producto. Si alguna vez quiere revisar o actualizar esa informaci\u00f3n, puede visitar el Centro de Perfiles, hacer clic en Actualizar Perfil y editar cualquier informaci\u00f3n personal de su perfil. Si a\u00fan no ha creado un ID de registro, le pediremos que lo haga. Esto garantiza que s\u00f3lo usted pueda acceder a su informaci\u00f3n.<\/span><\/p><h4><b>PERFILES DE CLIENTES<\/b><\/h4><p><span style=\"font-weight: 400;\">Como ya se ha mencionado, cada cliente registrado tiene un perfil personal \u00fanico. A cada perfil se le asigna un n\u00famero de identificaci\u00f3n personal \u00fanico, lo que nos ayuda a asegurarnos de que s\u00f3lo usted puede acceder a su perfil.<\/span><\/p><p><span style=\"font-weight: 400;\">Cuando se registra, creamos su perfil, le asignamos un n\u00famero de identificaci\u00f3n personal, y luego enviamos este n\u00famero de identificaci\u00f3n personal a su disco duro en forma de cookie, que es un fragmento de c\u00f3digo muy peque\u00f1o. Este c\u00f3digo es exclusivamente suyo. Es su pasaporte para viajar sin problemas a trav\u00e9s de BondiSuite, permiti\u00e9ndole descargar software gratuito, pedir boletines gratuitos y visitar sitios premium sin tener que rellenar formularios de registro con la informaci\u00f3n que ya ha proporcionado. Incluso si cambia de ordenador, no tendr\u00e1 que volver a registrarse: s\u00f3lo tiene que utilizar su ID de registro para identificarse.<\/span><\/p><h4><b>LO QUE HACEMOS CON LA INFORMACI\u00d3N QUE COMPARTES<\/b><\/h4><p><span style=\"font-weight: 400;\">Cuando se une a nosotros, nos proporciona su informaci\u00f3n de contacto, incluyendo su nombre y direcci\u00f3n de correo electr\u00f3nico. Utilizamos esta informaci\u00f3n para enviarle actualizaciones sobre su pedido, cuestionarios para medir su satisfacci\u00f3n con nuestro servicio y anuncios sobre nuevos e interesantes servicios que ofrecemos. Cuando nos hace un pedido, le pedimos su n\u00famero de tarjeta de cr\u00e9dito y su direcci\u00f3n de facturaci\u00f3n. Esta informaci\u00f3n la utilizamos \u00fanicamente para facturar el producto o los productos que pida en ese momento. Para su comodidad, guardamos la informaci\u00f3n de facturaci\u00f3n por si quiere volver a hacernos un pedido, pero no volvemos a utilizar esta informaci\u00f3n sin su permiso.<\/span><\/p><p><span style=\"font-weight: 400;\">Ocasionalmente contratamos a otras empresas para que proporcionen servicios limitados en nuestro nombre, incluyendo el empaquetado, el env\u00edo y la entrega de las compras, la respuesta a las preguntas de los clientes sobre los productos o servicios, el env\u00edo de correo postal y el procesamiento de la inscripci\u00f3n a los eventos. S\u00f3lo proporcionaremos a esas empresas la informaci\u00f3n que necesitan para prestar el servicio, y se les proh\u00edbe utilizar esa informaci\u00f3n para cualquier otro prop\u00f3sito.<\/span><\/p><p><span style=\"font-weight: 400;\">Bondi AI Ltd. divulgar\u00e1 su informaci\u00f3n personal, sin previo aviso, s\u00f3lo si as\u00ed lo exige la ley o en la creencia de buena fe de que dicha acci\u00f3n es necesaria para: (a) cumplir con los edictos de la ley o con un proceso legal notificado a Bondi AI Ltd. o al sitio; (b) proteger y defender los derechos o la propiedad de Bondi AI Ltd. y su familia de sitios web, y, (c) actuar en circunstancias urgentes para proteger la seguridad personal de los usuarios de Bondi AI Ltd., sus sitios web o el p\u00fablico.<\/span><\/p>\t\t\t\t\t\t<\/div>\n\t\t\t\t<\/div>\n\t\t\t\t\t<\/div>\n\t\t<\/div>\n\t\t\t\t\t<\/div>\n\t\t<\/section>\n\t\t\t\t<\/div>","protected":false},"excerpt":{"rendered":"<p>Pol\u00edtica de privacidad Internet es una herramienta incre\u00edble. Tiene el poder de cambiar nuestra forma de vida, y hoy empezamos a ver ese potencial. Con s\u00f3lo unos pocos clics de rat\u00f3n, puedes seguir las noticias, buscar datos, comprar bienes y servicios y comunicarte con otras personas de todo el mundo. Es importante para Bondi [...]<\/p>","protected":false},"author":1,"featured_media":0,"parent":0,"menu_order":0,"comment_status":"closed","ping_status":"closed","template":"","meta":[],"yoast_head":"<!-- This site is optimized with the Yoast SEO plugin v20.8 - https:\/\/yoast.com\/wordpress\/plugins\/seo\/ -->\n<title>Privacy Policy - Bondi AI Ltd<\/title>\n<meta name=\"robots\" content=\"noindex, follow, max-snippet:-1, max-image-preview:large, max-video-preview:-1\" \/>\n<meta property=\"og:locale\" content=\"es_ES\" \/>\n<meta property=\"og:type\" content=\"article\" \/>\n<meta property=\"og:title\" content=\"Privacy Policy - Bondi AI Ltd\" \/>\n<meta property=\"og:description\" content=\"Privacy Policy The Internet is an amazing tool. It has the power to change the way we live, and we\u2019re starting to see that potential today. With only a few mouse-clicks, you can follow the news, look up facts, buy goods and services, and communicate with others from around the world. It\u2019s important to Bondi [&hellip;]\" \/>\n<meta property=\"og:url\" content=\"https:\/\/bondi.ai\/es\/privacy-policy\/\" \/>\n<meta property=\"og:site_name\" content=\"Bondi AI Ltd\" \/>\n<meta property=\"article:publisher\" content=\"https:\/\/facebook.com\/bondisuite\" \/>\n<meta property=\"article:modified_time\" content=\"2023-07-13T11:12:52+00:00\" \/>\n<meta property=\"og:image\" content=\"https:\/\/bondi.ai\/wp-content\/uploads\/2021\/01\/domenico-loia-hGV2TfOh0ns-unsplash-scaled.jpg\" \/>\n\t<meta property=\"og:image:width\" content=\"2560\" \/>\n\t<meta property=\"og:image:height\" content=\"1707\" \/>\n\t<meta property=\"og:image:type\" content=\"image\/jpeg\" \/>\n<meta name=\"twitter:card\" content=\"summary_large_image\" \/>\n<meta name=\"twitter:site\" content=\"@bondisuite\" \/>\n<meta name=\"twitter:label1\" content=\"Tiempo de lectura\" \/>\n\t<meta name=\"twitter:data1\" content=\"7 minutos\" \/>\n<script type=\"application\/ld+json\" class=\"yoast-schema-graph\">{\"@context\":\"https:\/\/schema.org\",\"@graph\":[{\"@type\":\"WebPage\",\"@id\":\"https:\/\/bondi.ai\/privacy-policy\/\",\"url\":\"https:\/\/bondi.ai\/privacy-policy\/\",\"name\":\"Privacy Policy - Bondi AI Ltd\",\"isPartOf\":{\"@id\":\"https:\/\/bondi.ai\/#website\"},\"datePublished\":\"2020-11-23T22:41:58+00:00\",\"dateModified\":\"2023-07-13T11:12:52+00:00\",\"breadcrumb\":{\"@id\":\"https:\/\/bondi.ai\/privacy-policy\/#breadcrumb\"},\"inLanguage\":\"es\",\"potentialAction\":[{\"@type\":\"ReadAction\",\"target\":[\"https:\/\/bondi.ai\/privacy-policy\/\"]}]},{\"@type\":\"BreadcrumbList\",\"@id\":\"https:\/\/bondi.ai\/privacy-policy\/#breadcrumb\",\"itemListElement\":[{\"@type\":\"ListItem\",\"position\":1,\"name\":\"Home\",\"item\":\"https:\/\/bondi.ai\/\"},{\"@type\":\"ListItem\",\"position\":2,\"name\":\"Privacy Policy\"}]},{\"@type\":\"WebSite\",\"@id\":\"https:\/\/bondi.ai\/#website\",\"url\":\"https:\/\/bondi.ai\/\",\"name\":\"Bondi Platform Ltd\",\"description\":\"Secure digital systems and services that utilise smart technology.\",\"publisher\":{\"@id\":\"https:\/\/bondi.ai\/#organization\"},\"alternateName\":\"Bondisuite\",\"potentialAction\":[{\"@type\":\"SearchAction\",\"target\":{\"@type\":\"EntryPoint\",\"urlTemplate\":\"https:\/\/bondi.ai\/?s={search_term_string}\"},\"query-input\":\"required name=search_term_string\"}],\"inLanguage\":\"es\"},{\"@type\":\"Organization\",\"@id\":\"https:\/\/bondi.ai\/#organization\",\"name\":\"Bondi Platform Limited\",\"alternateName\":\"Bondisuite\",\"url\":\"https:\/\/bondi.ai\/\",\"logo\":{\"@type\":\"ImageObject\",\"inLanguage\":\"es\",\"@id\":\"https:\/\/bondi.ai\/#\/schema\/logo\/image\/\",\"url\":\"https:\/\/bondi.ai\/wp-content\/uploads\/2020\/12\/cropped-Bondi-Platform-450x273-1.png\",\"contentUrl\":\"https:\/\/bondi.ai\/wp-content\/uploads\/2020\/12\/cropped-Bondi-Platform-450x273-1.png\",\"width\":459,\"height\":271,\"caption\":\"Bondi Platform Limited\"},\"image\":{\"@id\":\"https:\/\/bondi.ai\/#\/schema\/logo\/image\/\"},\"sameAs\":[\"https:\/\/facebook.com\/bondisuite\",\"https:\/\/twitter.com\/bondisuite\",\"https:\/\/linkedin.com\/company\/bondi-platform-ltd\"]}]}<\/script>\n<!-- \/ Yoast SEO plugin. -->","yoast_head_json":{"title":"Privacy Policy - Bondi AI Ltd","robots":{"index":"noindex","follow":"follow","max-snippet":"max-snippet:-1","max-image-preview":"max-image-preview:large","max-video-preview":"max-video-preview:-1"},"og_locale":"es_ES","og_type":"article","og_title":"Privacy Policy - Bondi AI Ltd","og_description":"Privacy Policy The Internet is an amazing tool. It has the power to change the way we live, and we\u2019re starting to see that potential today. With only a few mouse-clicks, you can follow the news, look up facts, buy goods and services, and communicate with others from around the world. It\u2019s important to Bondi [&hellip;]","og_url":"https:\/\/bondi.ai\/es\/privacy-policy\/","og_site_name":"Bondi AI Ltd","article_publisher":"https:\/\/facebook.com\/bondisuite","article_modified_time":"2023-07-13T11:12:52+00:00","og_image":[{"width":2560,"height":1707,"url":"https:\/\/bondi.ai\/wp-content\/uploads\/2021\/01\/domenico-loia-hGV2TfOh0ns-unsplash-scaled.jpg","type":"image\/jpeg"}],"twitter_card":"summary_large_image","twitter_site":"@bondisuite","twitter_misc":{"Tiempo de lectura":"7 minutos"},"schema":{"@context":"https:\/\/schema.org","@graph":[{"@type":"WebPage","@id":"https:\/\/bondi.ai\/privacy-policy\/","url":"https:\/\/bondi.ai\/privacy-policy\/","name":"Privacy Policy - Bondi AI Ltd","isPartOf":{"@id":"https:\/\/bondi.ai\/#website"},"datePublished":"2020-11-23T22:41:58+00:00","dateModified":"2023-07-13T11:12:52+00:00","breadcrumb":{"@id":"https:\/\/bondi.ai\/privacy-policy\/#breadcrumb"},"inLanguage":"es","potentialAction":[{"@type":"ReadAction","target":["https:\/\/bondi.ai\/privacy-policy\/"]}]},{"@type":"BreadcrumbList","@id":"https:\/\/bondi.ai\/privacy-policy\/#breadcrumb","itemListElement":[{"@type":"ListItem","position":1,"name":"Home","item":"https:\/\/bondi.ai\/"},{"@type":"ListItem","position":2,"name":"Privacy Policy"}]},{"@type":"WebSite","@id":"https:\/\/bondi.ai\/#website","url":"https:\/\/bondi.ai\/","name":"Bondi Platform Ltd","description":"Secure digital systems and services that utilise smart technology.","publisher":{"@id":"https:\/\/bondi.ai\/#organization"},"alternateName":"Bondisuite","potentialAction":[{"@type":"SearchAction","target":{"@type":"EntryPoint","urlTemplate":"https:\/\/bondi.ai\/?s={search_term_string}"},"query-input":"required name=search_term_string"}],"inLanguage":"es"},{"@type":"Organization","@id":"https:\/\/bondi.ai\/#organization","name":"Bondi Platform Limited","alternateName":"Bondisuite","url":"https:\/\/bondi.ai\/","logo":{"@type":"ImageObject","inLanguage":"es","@id":"https:\/\/bondi.ai\/#\/schema\/logo\/image\/","url":"https:\/\/bondi.ai\/wp-content\/uploads\/2020\/12\/cropped-Bondi-Platform-450x273-1.png","contentUrl":"https:\/\/bondi.ai\/wp-content\/uploads\/2020\/12\/cropped-Bondi-Platform-450x273-1.png","width":459,"height":271,"caption":"Bondi Platform Limited"},"image":{"@id":"https:\/\/bondi.ai\/#\/schema\/logo\/image\/"},"sameAs":["https:\/\/facebook.com\/bondisuite","https:\/\/twitter.com\/bondisuite","https:\/\/linkedin.com\/company\/bondi-platform-ltd"]}]}},"_links":{"self":[{"href":"https:\/\/bondi.ai\/es\/wp-json\/wp\/v2\/pages\/3"}],"collection":[{"href":"https:\/\/bondi.ai\/es\/wp-json\/wp\/v2\/pages"}],"about":[{"href":"https:\/\/bondi.ai\/es\/wp-json\/wp\/v2\/types\/page"}],"author":[{"embeddable":true,"href":"https:\/\/bondi.ai\/es\/wp-json\/wp\/v2\/users\/1"}],"replies":[{"embeddable":true,"href":"https:\/\/bondi.ai\/es\/wp-json\/wp\/v2\/comments?post=3"}],"version-history":[{"count":36,"href":"https:\/\/bondi.ai\/es\/wp-json\/wp\/v2\/pages\/3\/revisions"}],"predecessor-version":[{"id":4194,"href":"https:\/\/bondi.ai\/es\/wp-json\/wp\/v2\/pages\/3\/revisions\/4194"}],"wp:attachment":[{"href":"https:\/\/bondi.ai\/es\/wp-json\/wp\/v2\/media?parent=3"}],"curies":[{"name":"wp","href":"https:\/\/api.w.org\/{rel}","templated":true}]}}