{"id":922,"date":"2021-01-06T15:17:47","date_gmt":"2021-01-06T15:17:47","guid":{"rendered":"https:\/\/bondiplatform.com\/?page_id=922"},"modified":"2023-04-12T15:49:38","modified_gmt":"2023-04-12T15:49:38","slug":"careers","status":"publish","type":"page","link":"https:\/\/bondi.ai\/es\/careers\/","title":{"rendered":"Empleo en la Plataforma Bondi"},"content":{"rendered":"<div data-elementor-type=\"wp-page\" data-elementor-id=\"922\" class=\"elementor elementor-922\" data-elementor-post-type=\"page\">\n\t\t\t\t\t\t<section class=\"has_eae_slider elementor-section elementor-top-section elementor-element elementor-element-5ebb2c80 elementor-section-content-middle elementor-section-boxed elementor-section-height-default elementor-section-height-default\" data-eae-slider=\"21979\" data-id=\"5ebb2c80\" data-element_type=\"section\" data-settings=\"{&quot;background_background&quot;:&quot;classic&quot;}\">\n\t\t\t\t\t\t<div class=\"elementor-container elementor-column-gap-no\">\n\t\t\t\t\t<div class=\"has_eae_slider elementor-column elementor-col-100 elementor-top-column elementor-element elementor-element-5682b1d\" data-eae-slider=\"88655\" data-id=\"5682b1d\" data-element_type=\"column\">\n\t\t\t<div class=\"elementor-widget-wrap elementor-element-populated\">\n\t\t\t\t\t\t<div class=\"elementor-element elementor-element-6d1e603b elementor-widget elementor-widget-heading\" data-id=\"6d1e603b\" data-element_type=\"widget\" data-widget_type=\"heading.default\">\n\t\t\t\t<div class=\"elementor-widget-container\">\n\t\t\t<h4 class=\"elementor-heading-title elementor-size-default\">Nuestra empresa es un colectivo de personas incre\u00edbles que se esfuerzan por crear productos deliciosos.<\/h4>\t\t<\/div>\n\t\t\t\t<\/div>\n\t\t\t\t<div class=\"elementor-element elementor-element-4bd9d921 elementor-widget elementor-widget-text-editor\" data-id=\"4bd9d921\" data-element_type=\"widget\" data-widget_type=\"text-editor.default\">\n\t\t\t\t<div class=\"elementor-widget-container\">\n\t\t\t\t\t\t\t<p>\u00bfBusca una carrera profesional estimulante y gratificante en el \u00e1mbito de la tecnolog\u00eda y la seguridad en Internet? Nuestra empresa es lo que busca. Somos un equipo de profesionales innovadores y dedicados, apasionados por ofrecer a nuestros clientes lo \u00faltimo en tecnolog\u00eda y soluciones de seguridad. Tanto si eres un profesional con experiencia como si acabas de iniciar tu carrera, te ofrecemos una serie de oportunidades que te ayudar\u00e1n a crecer y prosperar. \u00danase a nosotros y forme parte de un equipo din\u00e1mico y solidario, donde su talento ser\u00e1 reconocido y recompensado. Presente su candidatura hoy mismo y d\u00e9 el primer paso hacia una carrera apasionante y satisfactoria con nosotros.<\/p>\t\t\t\t\t\t<\/div>\n\t\t\t\t<\/div>\n\t\t\t\t<section class=\"has_eae_slider elementor-section elementor-inner-section elementor-element elementor-element-eb576c8 elementor-section-content-middle elementor-section-boxed elementor-section-height-default elementor-section-height-default\" data-eae-slider=\"58417\" data-id=\"eb576c8\" data-element_type=\"section\">\n\t\t\t\t\t\t<div class=\"elementor-container elementor-column-gap-no\">\n\t\t\t\t\t<div class=\"has_eae_slider elementor-column elementor-col-100 elementor-inner-column elementor-element elementor-element-178aec93\" data-eae-slider=\"77810\" data-id=\"178aec93\" data-element_type=\"column\">\n\t\t\t<div class=\"elementor-widget-wrap elementor-element-populated\">\n\t\t\t\t\t\t<div class=\"elementor-element elementor-element-10e77b37 elementor-widget elementor-widget-toggle\" data-id=\"10e77b37\" data-element_type=\"widget\" data-widget_type=\"toggle.default\">\n\t\t\t\t<div class=\"elementor-widget-container\">\n\t\t\t\t\t<div class=\"elementor-toggle\">\n\t\t\t\t\t\t\t<div class=\"elementor-toggle-item\">\n\t\t\t\t\t<div id=\"elementor-tab-title-2831\" class=\"elementor-tab-title\" data-tab=\"1\" role=\"button\" aria-controls=\"elementor-tab-content-2831\" aria-expanded=\"false\">\n\t\t\t\t\t\t\t\t\t\t\t\t<span class=\"elementor-toggle-icon elementor-toggle-icon-left\" aria-hidden=\"true\">\n\t\t\t\t\t\t\t\t\t\t\t\t\t\t\t<span class=\"elementor-toggle-icon-closed\"><svg class=\"e-font-icon-svg e-fas-caret-right\" viewbox=\"0 0 192 512\" xmlns=\"http:\/\/www.w3.org\/2000\/svg\"><path d=\"M0 384.662V127.338c0-17.818 21.543-26.741 34.142-14.142l128.662 128.662c7.81 7.81 7.81 20.474 0 28.284L34.142 398.804C21.543 411.404 0 402.48 0 384.662z\"><\/path><\/svg><\/span>\n\t\t\t\t\t\t\t\t<span class=\"elementor-toggle-icon-opened\"><svg class=\"elementor-toggle-icon-opened e-font-icon-svg e-fas-caret-up\" viewbox=\"0 0 320 512\" xmlns=\"http:\/\/www.w3.org\/2000\/svg\"><path d=\"M288.662 352H31.338c-17.818 0-26.741-21.543-14.142-34.142l128.662-128.662c7.81-7.81 20.474-7.81 28.284 0l128.662 128.662c12.6 12.599 3.676 34.142-14.142 34.142z\"><\/path><\/svg><\/span>\n\t\t\t\t\t\t\t\t\t\t\t\t\t<\/span>\n\t\t\t\t\t\t\t\t\t\t\t\t<a class=\"elementor-toggle-title\" tabindex=\"0\">Director de ventas<\/a>\n\t\t\t\t\t<\/div>\n\n\t\t\t\t\t<div id=\"elementor-tab-content-2831\" class=\"elementor-tab-content elementor-clearfix\" data-tab=\"1\" role=\"region\" aria-labelledby=\"elementor-tab-title-2831\"><p>Como Director de Ventas, ser\u00e1 responsable de impulsar las ventas de productos y servicios en nuestro sitio web. Trabajar\u00e1 en estrecha colaboraci\u00f3n con nuestros equipos de desarrollo de productos y marketing para desarrollar estrategias que permitan aumentar los ingresos y la cuota de mercado. Adem\u00e1s, supervisar\u00e1 al equipo de ventas, proporcionando orientaci\u00f3n y apoyo para garantizar que se alcancen los objetivos de ventas. Tambi\u00e9n establecer\u00e1 relaciones con clientes clave, identificando sus necesidades y proporcionando soluciones que satisfagan sus requisitos. El candidato ideal tendr\u00e1 una s\u00f3lida formaci\u00f3n t\u00e9cnica, excelentes dotes de comunicaci\u00f3n y liderazgo y un historial de \u00e9xito en ventas. Env\u00ede su carta de presentaci\u00f3n y curr\u00edculum v\u00edtae por correo electr\u00f3nico a <a href=\"mailto:info@bondivoice.com\">info@bondivoice.com<\/a>.\u00a0<\/p><\/div>\n\t\t\t\t<\/div>\n\t\t\t\t\t\t\t<div class=\"elementor-toggle-item\">\n\t\t\t\t\t<div id=\"elementor-tab-title-2832\" class=\"elementor-tab-title\" data-tab=\"2\" role=\"button\" aria-controls=\"elementor-tab-content-2832\" aria-expanded=\"false\">\n\t\t\t\t\t\t\t\t\t\t\t\t<span class=\"elementor-toggle-icon elementor-toggle-icon-left\" aria-hidden=\"true\">\n\t\t\t\t\t\t\t\t\t\t\t\t\t\t\t<span class=\"elementor-toggle-icon-closed\"><svg class=\"e-font-icon-svg e-fas-caret-right\" viewbox=\"0 0 192 512\" xmlns=\"http:\/\/www.w3.org\/2000\/svg\"><path d=\"M0 384.662V127.338c0-17.818 21.543-26.741 34.142-14.142l128.662 128.662c7.81 7.81 7.81 20.474 0 28.284L34.142 398.804C21.543 411.404 0 402.48 0 384.662z\"><\/path><\/svg><\/span>\n\t\t\t\t\t\t\t\t<span class=\"elementor-toggle-icon-opened\"><svg class=\"elementor-toggle-icon-opened e-font-icon-svg e-fas-caret-up\" viewbox=\"0 0 320 512\" xmlns=\"http:\/\/www.w3.org\/2000\/svg\"><path d=\"M288.662 352H31.338c-17.818 0-26.741-21.543-14.142-34.142l128.662-128.662c7.81-7.81 20.474-7.81 28.284 0l128.662 128.662c12.6 12.599 3.676 34.142-14.142 34.142z\"><\/path><\/svg><\/span>\n\t\t\t\t\t\t\t\t\t\t\t\t\t<\/span>\n\t\t\t\t\t\t\t\t\t\t\t\t<a class=\"elementor-toggle-title\" tabindex=\"0\">Representante de ventas<\/a>\n\t\t\t\t\t<\/div>\n\n\t\t\t\t\t<div id=\"elementor-tab-content-2832\" class=\"elementor-tab-content elementor-clearfix\" data-tab=\"2\" role=\"region\" aria-labelledby=\"elementor-tab-title-2832\"><p>Buscamos agentes de ventas en los siguientes pa\u00edses: <em>Regi\u00f3n escandinava<\/em>, <em>Alemania<\/em>, <em>Francia<\/em>, <em>Espa\u00f1a<\/em>, <em>Portugal<\/em>, <em>India<\/em>, <em>Indonesia<\/em>, <em>Vietnam y el Reino Unido<\/em>. Como representante de ventas de nuestra empresa, ser\u00e1 responsable de identificar y cerrar oportunidades de venta con clientes nuevos y existentes. Trabajar\u00e1 en estrecha colaboraci\u00f3n con nuestros equipos de marketing y desarrollo de productos para comprender nuestros productos y servicios y comunicar eficazmente su valor a los clientes potenciales. Tambi\u00e9n ser\u00e1 responsable de establecer y mantener relaciones con los clientes, responder a las consultas y proporcionar un servicio de atenci\u00f3n al cliente excepcional. El candidato ideal tendr\u00e1 un historial probado de \u00e9xito en ventas, grandes dotes de comunicaci\u00f3n y capacidad para trabajar de forma independiente y en equipo. Env\u00ede su carta de presentaci\u00f3n y curr\u00edculum v\u00edtae por correo electr\u00f3nico a <a href=\"mailto:info@bondivoice.com\">info@bondivoice.com<\/a>.\u00a0<\/p><\/div>\n\t\t\t\t<\/div>\n\t\t\t\t\t\t\t<div class=\"elementor-toggle-item\">\n\t\t\t\t\t<div id=\"elementor-tab-title-2833\" class=\"elementor-tab-title\" data-tab=\"3\" role=\"button\" aria-controls=\"elementor-tab-content-2833\" aria-expanded=\"false\">\n\t\t\t\t\t\t\t\t\t\t\t\t<span class=\"elementor-toggle-icon elementor-toggle-icon-left\" aria-hidden=\"true\">\n\t\t\t\t\t\t\t\t\t\t\t\t\t\t\t<span class=\"elementor-toggle-icon-closed\"><svg class=\"e-font-icon-svg e-fas-caret-right\" viewbox=\"0 0 192 512\" xmlns=\"http:\/\/www.w3.org\/2000\/svg\"><path d=\"M0 384.662V127.338c0-17.818 21.543-26.741 34.142-14.142l128.662 128.662c7.81 7.81 7.81 20.474 0 28.284L34.142 398.804C21.543 411.404 0 402.48 0 384.662z\"><\/path><\/svg><\/span>\n\t\t\t\t\t\t\t\t<span class=\"elementor-toggle-icon-opened\"><svg class=\"elementor-toggle-icon-opened e-font-icon-svg e-fas-caret-up\" viewbox=\"0 0 320 512\" xmlns=\"http:\/\/www.w3.org\/2000\/svg\"><path d=\"M288.662 352H31.338c-17.818 0-26.741-21.543-14.142-34.142l128.662-128.662c7.81-7.81 20.474-7.81 28.284 0l128.662 128.662c12.6 12.599 3.676 34.142-14.142 34.142z\"><\/path><\/svg><\/span>\n\t\t\t\t\t\t\t\t\t\t\t\t\t<\/span>\n\t\t\t\t\t\t\t\t\t\t\t\t<a class=\"elementor-toggle-title\" tabindex=\"0\">Desarrollador vueJS<\/a>\n\t\t\t\t\t<\/div>\n\n\t\t\t\t\t<div id=\"elementor-tab-content-2833\" class=\"elementor-tab-content elementor-clearfix\" data-tab=\"3\" role=\"region\" aria-labelledby=\"elementor-tab-title-2833\"><p>El candidato ideal ser\u00e1 responsable de conceptualizar y ejecutar un c\u00f3digo claro y de calidad para desarrollar el mejor software. Probar\u00e1 su c\u00f3digo, identificar\u00e1 los errores, e iterar\u00e1 para asegurar la calidad del c\u00f3digo. Tambi\u00e9n apoyar\u00e1 a nuestros clientes y socios en la resoluci\u00f3n de problemas de su software.<\/p><h4>Responsabilidades y calificaciones<\/h4><ul><li>Detectar y solucionar problemas de software<\/li><li>Escribir un c\u00f3digo de calidad claro para el software y las aplicaciones y realizar una revisi\u00f3n de la prueba<\/li><li>Desarrollar, implementar y probar las API Proporcionar informaci\u00f3n sobre los proyectos de desarrollo de software.<\/li><li>Experto de la VueJS<\/li><li>Comodidad al usar el desarrollo de la aplicaci\u00f3n NextCloud<\/li><li>Comodidad en el uso de lenguajes de programaci\u00f3n y bases de datos relacionales<\/li><li>Fuertes habilidades de depuraci\u00f3n y soluci\u00f3n de problemas<\/li><li>M\u00e1s de 3 a\u00f1os de experiencia en desarrollo<\/li><\/ul><p>Si est\u00e1 interesado, env\u00edenos un correo electr\u00f3nico a <a href=\"mailto:info@bondivoice.com\">info@bondivoice.com<\/a><\/p><\/div>\n\t\t\t\t<\/div>\n\t\t\t\t\t\t\t\t<\/div>\n\t\t\t\t<\/div>\n\t\t\t\t<\/div>\n\t\t\t\t\t<\/div>\n\t\t<\/div>\n\t\t\t\t\t<\/div>\n\t\t<\/section>\n\t\t\t\t\t<\/div>\n\t\t<\/div>\n\t\t\t\t\t<\/div>\n\t\t<\/section>\n\t\t\t\t<\/div>","protected":false},"excerpt":{"rendered":"<p>Our company is a collective of amazing people striving to build delightful products. Looking for a challenging and rewarding career in internet technology and security? Look no further than our company! We are a team of innovative and dedicated professionals who are passionate about delivering the latest in technology and security solutions to our clients. [&hellip;]<\/p>","protected":false},"author":1,"featured_media":0,"parent":0,"menu_order":0,"comment_status":"closed","ping_status":"closed","template":"","meta":[],"yoast_head":"<!-- This site is optimized with the Yoast SEO plugin v20.8 - https:\/\/yoast.com\/wordpress\/plugins\/seo\/ -->\n<title>Careers - Jobs at Bondi Platform - Bondi AI Ltd<\/title>\n<meta name=\"robots\" content=\"noindex, follow, max-snippet:-1, max-image-preview:large, max-video-preview:-1\" \/>\n<meta property=\"og:locale\" content=\"es_ES\" \/>\n<meta property=\"og:type\" content=\"article\" \/>\n<meta property=\"og:title\" content=\"Careers - Jobs at Bondi Platform - Bondi AI Ltd\" \/>\n<meta property=\"og:description\" content=\"Our company is a collective of amazing people striving to build delightful products. Looking for a challenging and rewarding career in internet technology and security? Look no further than our company! We are a team of innovative and dedicated professionals who are passionate about delivering the latest in technology and security solutions to our clients. [&hellip;]\" \/>\n<meta property=\"og:url\" content=\"https:\/\/bondi.ai\/es\/careers\/\" \/>\n<meta property=\"og:site_name\" content=\"Bondi AI Ltd\" \/>\n<meta property=\"article:publisher\" content=\"https:\/\/facebook.com\/bondisuite\" \/>\n<meta property=\"article:modified_time\" content=\"2023-04-12T15:49:38+00:00\" \/>\n<meta property=\"og:image\" content=\"https:\/\/bondi.ai\/wp-content\/uploads\/2021\/01\/domenico-loia-hGV2TfOh0ns-unsplash-scaled.jpg\" \/>\n\t<meta property=\"og:image:width\" content=\"2560\" \/>\n\t<meta property=\"og:image:height\" content=\"1707\" \/>\n\t<meta property=\"og:image:type\" content=\"image\/jpeg\" \/>\n<meta name=\"twitter:card\" content=\"summary_large_image\" \/>\n<meta name=\"twitter:site\" content=\"@bondisuite\" \/>\n<meta name=\"twitter:label1\" content=\"Tiempo de lectura\" \/>\n\t<meta name=\"twitter:data1\" content=\"3 minutos\" \/>\n<script type=\"application\/ld+json\" class=\"yoast-schema-graph\">{\"@context\":\"https:\/\/schema.org\",\"@graph\":[{\"@type\":\"WebPage\",\"@id\":\"https:\/\/bondi.ai\/careers\/\",\"url\":\"https:\/\/bondi.ai\/careers\/\",\"name\":\"Careers - Jobs at Bondi Platform - Bondi AI Ltd\",\"isPartOf\":{\"@id\":\"https:\/\/bondi.ai\/#website\"},\"datePublished\":\"2021-01-06T15:17:47+00:00\",\"dateModified\":\"2023-04-12T15:49:38+00:00\",\"breadcrumb\":{\"@id\":\"https:\/\/bondi.ai\/careers\/#breadcrumb\"},\"inLanguage\":\"es\",\"potentialAction\":[{\"@type\":\"ReadAction\",\"target\":[\"https:\/\/bondi.ai\/careers\/\"]}]},{\"@type\":\"BreadcrumbList\",\"@id\":\"https:\/\/bondi.ai\/careers\/#breadcrumb\",\"itemListElement\":[{\"@type\":\"ListItem\",\"position\":1,\"name\":\"Home\",\"item\":\"https:\/\/bondi.ai\/\"},{\"@type\":\"ListItem\",\"position\":2,\"name\":\"Careers &#8211; Jobs at Bondi Platform\"}]},{\"@type\":\"WebSite\",\"@id\":\"https:\/\/bondi.ai\/#website\",\"url\":\"https:\/\/bondi.ai\/\",\"name\":\"Bondi Platform Ltd\",\"description\":\"Secure digital systems and services that utilise smart technology.\",\"publisher\":{\"@id\":\"https:\/\/bondi.ai\/#organization\"},\"alternateName\":\"Bondisuite\",\"potentialAction\":[{\"@type\":\"SearchAction\",\"target\":{\"@type\":\"EntryPoint\",\"urlTemplate\":\"https:\/\/bondi.ai\/?s={search_term_string}\"},\"query-input\":\"required name=search_term_string\"}],\"inLanguage\":\"es\"},{\"@type\":\"Organization\",\"@id\":\"https:\/\/bondi.ai\/#organization\",\"name\":\"Bondi Platform Limited\",\"alternateName\":\"Bondisuite\",\"url\":\"https:\/\/bondi.ai\/\",\"logo\":{\"@type\":\"ImageObject\",\"inLanguage\":\"es\",\"@id\":\"https:\/\/bondi.ai\/#\/schema\/logo\/image\/\",\"url\":\"https:\/\/bondi.ai\/wp-content\/uploads\/2020\/12\/cropped-Bondi-Platform-450x273-1.png\",\"contentUrl\":\"https:\/\/bondi.ai\/wp-content\/uploads\/2020\/12\/cropped-Bondi-Platform-450x273-1.png\",\"width\":459,\"height\":271,\"caption\":\"Bondi Platform Limited\"},\"image\":{\"@id\":\"https:\/\/bondi.ai\/#\/schema\/logo\/image\/\"},\"sameAs\":[\"https:\/\/facebook.com\/bondisuite\",\"https:\/\/twitter.com\/bondisuite\",\"https:\/\/linkedin.com\/company\/bondi-platform-ltd\"]}]}<\/script>\n<!-- \/ Yoast SEO plugin. -->","yoast_head_json":{"title":"Careers - Jobs at Bondi Platform - Bondi AI Ltd","robots":{"index":"noindex","follow":"follow","max-snippet":"max-snippet:-1","max-image-preview":"max-image-preview:large","max-video-preview":"max-video-preview:-1"},"og_locale":"es_ES","og_type":"article","og_title":"Careers - Jobs at Bondi Platform - Bondi AI Ltd","og_description":"Our company is a collective of amazing people striving to build delightful products. Looking for a challenging and rewarding career in internet technology and security? Look no further than our company! We are a team of innovative and dedicated professionals who are passionate about delivering the latest in technology and security solutions to our clients. [&hellip;]","og_url":"https:\/\/bondi.ai\/es\/careers\/","og_site_name":"Bondi AI Ltd","article_publisher":"https:\/\/facebook.com\/bondisuite","article_modified_time":"2023-04-12T15:49:38+00:00","og_image":[{"width":2560,"height":1707,"url":"https:\/\/bondi.ai\/wp-content\/uploads\/2021\/01\/domenico-loia-hGV2TfOh0ns-unsplash-scaled.jpg","type":"image\/jpeg"}],"twitter_card":"summary_large_image","twitter_site":"@bondisuite","twitter_misc":{"Tiempo de lectura":"3 minutos"},"schema":{"@context":"https:\/\/schema.org","@graph":[{"@type":"WebPage","@id":"https:\/\/bondi.ai\/careers\/","url":"https:\/\/bondi.ai\/careers\/","name":"Careers - Jobs at Bondi Platform - Bondi AI Ltd","isPartOf":{"@id":"https:\/\/bondi.ai\/#website"},"datePublished":"2021-01-06T15:17:47+00:00","dateModified":"2023-04-12T15:49:38+00:00","breadcrumb":{"@id":"https:\/\/bondi.ai\/careers\/#breadcrumb"},"inLanguage":"es","potentialAction":[{"@type":"ReadAction","target":["https:\/\/bondi.ai\/careers\/"]}]},{"@type":"BreadcrumbList","@id":"https:\/\/bondi.ai\/careers\/#breadcrumb","itemListElement":[{"@type":"ListItem","position":1,"name":"Home","item":"https:\/\/bondi.ai\/"},{"@type":"ListItem","position":2,"name":"Careers &#8211; Jobs at Bondi Platform"}]},{"@type":"WebSite","@id":"https:\/\/bondi.ai\/#website","url":"https:\/\/bondi.ai\/","name":"Bondi Platform Ltd","description":"Secure digital systems and services that utilise smart technology.","publisher":{"@id":"https:\/\/bondi.ai\/#organization"},"alternateName":"Bondisuite","potentialAction":[{"@type":"SearchAction","target":{"@type":"EntryPoint","urlTemplate":"https:\/\/bondi.ai\/?s={search_term_string}"},"query-input":"required name=search_term_string"}],"inLanguage":"es"},{"@type":"Organization","@id":"https:\/\/bondi.ai\/#organization","name":"Bondi Platform Limited","alternateName":"Bondisuite","url":"https:\/\/bondi.ai\/","logo":{"@type":"ImageObject","inLanguage":"es","@id":"https:\/\/bondi.ai\/#\/schema\/logo\/image\/","url":"https:\/\/bondi.ai\/wp-content\/uploads\/2020\/12\/cropped-Bondi-Platform-450x273-1.png","contentUrl":"https:\/\/bondi.ai\/wp-content\/uploads\/2020\/12\/cropped-Bondi-Platform-450x273-1.png","width":459,"height":271,"caption":"Bondi Platform Limited"},"image":{"@id":"https:\/\/bondi.ai\/#\/schema\/logo\/image\/"},"sameAs":["https:\/\/facebook.com\/bondisuite","https:\/\/twitter.com\/bondisuite","https:\/\/linkedin.com\/company\/bondi-platform-ltd"]}]}},"_links":{"self":[{"href":"https:\/\/bondi.ai\/es\/wp-json\/wp\/v2\/pages\/922"}],"collection":[{"href":"https:\/\/bondi.ai\/es\/wp-json\/wp\/v2\/pages"}],"about":[{"href":"https:\/\/bondi.ai\/es\/wp-json\/wp\/v2\/types\/page"}],"author":[{"embeddable":true,"href":"https:\/\/bondi.ai\/es\/wp-json\/wp\/v2\/users\/1"}],"replies":[{"embeddable":true,"href":"https:\/\/bondi.ai\/es\/wp-json\/wp\/v2\/comments?post=922"}],"version-history":[{"count":80,"href":"https:\/\/bondi.ai\/es\/wp-json\/wp\/v2\/pages\/922\/revisions"}],"predecessor-version":[{"id":3838,"href":"https:\/\/bondi.ai\/es\/wp-json\/wp\/v2\/pages\/922\/revisions\/3838"}],"wp:attachment":[{"href":"https:\/\/bondi.ai\/es\/wp-json\/wp\/v2\/media?parent=922"}],"curies":[{"name":"wp","href":"https:\/\/api.w.org\/{rel}","templated":true}]}}