{"id":1356,"date":"2021-01-12T15:20:55","date_gmt":"2021-01-12T15:20:55","guid":{"rendered":"https:\/\/bondiplatform.com\/?page_id=1356"},"modified":"2023-07-13T10:32:35","modified_gmt":"2023-07-13T10:32:35","slug":"cookies-policy","status":"publish","type":"page","link":"https:\/\/bondi.ai\/fr\/cookies-policy\/","title":{"rendered":"Politique en mati\u00e8re de cookies"},"content":{"rendered":"<div data-elementor-type=\"wp-page\" data-elementor-id=\"1356\" class=\"elementor elementor-1356\" data-elementor-post-type=\"page\">\n\t\t\t\t\t\t<section class=\"has_eae_slider elementor-section elementor-top-section elementor-element elementor-element-7fc9b1a9 elementor-section-boxed elementor-section-height-default elementor-section-height-default\" data-eae-slider=\"18547\" data-id=\"7fc9b1a9\" data-element_type=\"section\" data-settings=\"{&quot;background_background&quot;:&quot;classic&quot;}\">\n\t\t\t\t\t\t<div class=\"elementor-container elementor-column-gap-default\">\n\t\t\t\t\t<div class=\"has_eae_slider elementor-column elementor-col-100 elementor-top-column elementor-element elementor-element-6ca6b6ef\" data-eae-slider=\"61877\" data-id=\"6ca6b6ef\" data-element_type=\"column\">\n\t\t\t<div class=\"elementor-widget-wrap elementor-element-populated\">\n\t\t\t\t\t\t<div class=\"elementor-element elementor-element-91e287d elementor-widget elementor-widget-heading\" data-id=\"91e287d\" data-element_type=\"widget\" data-widget_type=\"heading.default\">\n\t\t\t\t<div class=\"elementor-widget-container\">\n\t\t\t<h2 class=\"elementor-heading-title elementor-size-default\">Politique en mati\u00e8re de cookies<\/h2>\t\t<\/div>\n\t\t\t\t<\/div>\n\t\t\t\t<div class=\"elementor-element elementor-element-6f4fbd7 elementor-widget elementor-widget-heading\" data-id=\"6f4fbd7\" data-element_type=\"widget\" data-widget_type=\"heading.default\">\n\t\t\t\t<div class=\"elementor-widget-container\">\n\t\t\t<h2 class=\"elementor-heading-title elementor-size-default\">Mis \u00e0 jour le 12\/01\/21<\/h2>\t\t<\/div>\n\t\t\t\t<\/div>\n\t\t\t\t<div class=\"elementor-element elementor-element-65aa54a2 elementor-widget elementor-widget-text-editor\" data-id=\"65aa54a2\" data-element_type=\"widget\" data-widget_type=\"text-editor.default\">\n\t\t\t\t<div class=\"elementor-widget-container\">\n\t\t\t\t\t\t\t<p><span style=\"font-weight: 400;\">Nous utilisons des cookies pour rendre nos sites web plus conviviaux. D\u00e9couvrez les principaux types de cookies que nous utilisons, et \u00e0 quoi ils servent.<\/span><span style=\"font-weight: 400;\"><br \/><\/span><span style=\"font-weight: 400;\"><br \/><\/span><span style=\"font-weight: 400;\">Les donn\u00e9es que nous recueillons \u00e0 l'aide des cookies nous aident \u00e0 mieux comprendre nos clients afin de leur offrir une exp\u00e9rience plus cibl\u00e9e. En utilisant les connaissances acquises lors de vos pr\u00e9c\u00e9dentes visites sur notre site web, <\/span><span style=\"font-weight: 400;\">Bondi AI Ltd<\/span><span style=\"font-weight: 400;\"> peut am\u00e9liorer les visites ult\u00e9rieures en adaptant son contenu \u00e0 vos besoins.<\/span><\/p><p><span style=\"font-weight: 400;\">Nous utilisons des cookies principalement parce que nous voulons rendre nos sites web et nos applications mobiles conviviaux et que nous sommes int\u00e9ress\u00e9s par le comportement anonyme des utilisateurs. En r\u00e8gle g\u00e9n\u00e9rale, nos cookies ne stockent pas d'informations sensibles ou permettant de vous identifier personnellement, telles que vos nom et adresse ou les donn\u00e9es de votre carte de cr\u00e9dit.<\/span><\/p><p><span style=\"font-weight: 400;\">Dans le cas peu probable o\u00f9 nos sites web utilisent des cookies pour stocker des informations personnelles vous concernant, <\/span><span style=\"font-weight: 400;\">Bondi AI Ltd<\/span><span style=\"font-weight: 400;\"> crypte les donn\u00e9es personnelles pour emp\u00eacher leur utilisation non autoris\u00e9e par quelqu'un d'autre.<\/span><\/p><p><span style=\"font-weight: 400;\">Voici une liste des principaux types de cookies que nous utilisons, et \u00e0 quoi ils servent. Nous les avons d\u00e9crits en utilisant les cat\u00e9gories recommand\u00e9es par la Chambre de commerce internationale dans le guide des cookies de la CCI au Royaume-Uni.<\/span><\/p><p><span style=\"font-weight: 400;\">(Lorsque nous parlons de \"cookies\", nous entendons \u00e9galement les balises web et autres technologies qui collectent des informations de mani\u00e8re similaire aux cookies des sites web ou des courriels. Lorsque nous mentionnons les \"sites web\", nous entendons \u00e9galement les applications mobiles et les courriers \u00e9lectroniques).<\/span><\/p><h4><strong>Cookies strictement n\u00e9cessaires<\/strong><\/h4><p><span style=\"font-weight: 400;\">Ces cookies sont essentiels pour vous permettre de vous d\u00e9placer sur le site et d'utiliser ses fonctionnalit\u00e9s, comme l'acc\u00e8s aux zones s\u00e9curis\u00e9es du site. Sans eux, les services de cookies que vous avez demand\u00e9s, comme les paniers d'achat ou la facturation \u00e9lectronique, ne peuvent pas \u00eatre fournis. Comme ces cookies sont strictement n\u00e9cessaires, nous n'avons pas besoin de vous demander votre consentement pour les utiliser.<\/span><\/p><h4><strong>Cookies de performance<\/strong><\/h4><p><span style=\"font-weight: 400;\">Ces cookies collectent des informations sur la mani\u00e8re dont les visiteurs utilisent un site web, par exemple les pages que les visiteurs consultent le plus souvent, et ils vous permettent de stocker des articles dans votre panier entre deux visites. Ils peuvent \u00e9galement nous indiquer \u00e0 partir de quel courriel ou de quelle page web les visiteurs ont cliqu\u00e9 pour visiter notre site web, et si vous avez ouvert un courriel que nous vous avons envoy\u00e9.\u00a0<\/span><\/p><p><span style=\"font-weight: 400;\">Il s'agit en partie de cookies analytiques, d\u00e9finis \u00e0 l'aide de logiciels d'analyse web tiers, qui nous permettent de surveiller le trafic sur notre site web. Par exemple, nous utilisons les cookies de Google Analytics et Universal Analytics pour nous aider \u00e0 le faire. Ces cookies analytiques peuvent \u00e9galement nous indiquer combien de nos visiteurs sont des hommes ou des femmes et peuvent r\u00e9sumer le nombre de visiteurs qui se situent dans certaines tranches d'\u00e2ge ou certaines cat\u00e9gories d'int\u00e9r\u00eat. Toutefois, ce type d'information n'est pas li\u00e9 \u00e0 un individu en particulier ; il nous indique simplement quel pourcentage de nos visiteurs appartient \u00e0 telle ou telle cat\u00e9gorie.<\/span><\/p><p><span style=\"font-weight: 400;\">Pour en savoir plus sur la mani\u00e8re dont Google utilise vos donn\u00e9es (lien 1) ou pour refuser que vos donn\u00e9es soient envoy\u00e9es \u00e0 Google (lien 2)<\/span><\/p><p><span style=\"font-weight: 400;\">Lien 1 : <\/span><a href=\"http:\/\/www.google.com\/policies\/privacy\/partners\/\"><span style=\"font-weight: 400;\">http:\/\/www.google.com\/policies\/privacy\/partners\/<\/span><\/a><\/p><p><span style=\"font-weight: 400;\">Lien 2 : <a href=\"https:\/\/support.google.com\/analytics\/answer\/181881?hl=en\">https:\/\/support.google.com\/analytics\/answer\/181881?hl=en<\/a><\/span><\/p><p><span style=\"font-weight: 400;\">Nous ne transmettrons pas ces donn\u00e9es \u00e0 des tiers d'une mani\u00e8re qui leur permettrait d'identifier personnellement les visiteurs. Toutefois, nous pouvons associer ces donn\u00e9es de cookies \u00e0 d'autres donn\u00e9es d'identification personnelle que vous nous avez communiqu\u00e9es (par exemple, lorsque vous soumettez un formulaire, ou remplissez partiellement un formulaire, ou laissez des articles dans votre panier), afin de nous assurer que nos communications sont aussi pertinentes que possible pour vous.\u00a0<\/span><\/p><p><span style=\"font-weight: 400;\">Nous pouvons parfois utiliser ces donn\u00e9es pour mettre en \u00e9vidence <\/span><span style=\"font-weight: 400;\">Bondi AI Ltd<\/span><span style=\"font-weight: 400;\"> les produits ou services qui, selon nous, vous int\u00e9resseront en raison de votre utilisation de nos sites web, ou pour vous contacter et vous proposer de l'aide si vous semblez avoir des difficult\u00e9s \u00e0 passer une commande.\u00a0<\/span><\/p><p><span style=\"font-weight: 400;\">Nous pouvons \u00e9galement utiliser des cookies de tiers lors des transactions de commerce \u00e9lectronique afin de pr\u00e9venir la fraude.\u00a0<\/span><\/p><p><b>En utilisant <\/b><b>Bondi AI Ltd<\/b><b> vous acceptez que nous puissions placer ces types de cookies sur votre appareil<\/b><span style=\"font-weight: 400;\">.<\/span><\/p><h4><strong>Cookies de fonctionnalit\u00e9<\/strong><\/h4><p><span style=\"font-weight: 400;\">Ces cookies permettent au site web de se souvenir des choix que vous faites (tels que votre nom d'utilisateur, votre langue ou la r\u00e9gion dans laquelle vous vous trouvez) et offrent des fonctionnalit\u00e9s am\u00e9lior\u00e9es et plus personnelles. Par exemple, ces cookies peuvent \u00eatre utilis\u00e9s pour m\u00e9moriser les modifications que vous avez apport\u00e9es \u00e0 la taille du texte, aux polices de caract\u00e8res et \u00e0 d'autres parties des pages web que vous pouvez personnaliser.\u00a0<\/span><\/p><p><span style=\"font-weight: 400;\">Ils peuvent \u00e9galement \u00eatre utilis\u00e9s pour fournir les services que vous avez demand\u00e9s, comme regarder une vid\u00e9o ou commenter un blog. Les informations que ces cookies collectent peuvent \u00eatre rendues anonymes et ils ne peuvent pas suivre votre activit\u00e9 de navigation sur d'autres sites web.\u00a0<\/span><\/p><p><b>En utilisant <\/b><b>Bondi AI Ltd<\/b><b> vous acceptez que nous puissions placer ces types de cookies sur votre appareil.<\/b><\/p><h4><b>Suivons-nous les visiteurs et les utilisateurs ?<\/b><\/h4><p><span style=\"font-weight: 400;\">Nos courriels peuvent contenir un \"pixel balise\" qui nous indique si nos courriels sont ouverts et v\u00e9rifie les clics sur les liens ou les publicit\u00e9s contenus dans le courriel.<\/span><\/p><p><span style=\"font-weight: 400;\">Nous pouvons utiliser ces informations pour d\u00e9terminer, entre autres, lesquels de nos courriers \u00e9lectroniques sont les plus int\u00e9ressants pour les utilisateurs, et pour demander si les utilisateurs qui n'ouvrent pas nos courriers \u00e9lectroniques souhaitent continuer \u00e0 les recevoir.<\/span><\/p><p><span style=\"font-weight: 400;\">Le pixel sera supprim\u00e9 lorsque vous supprimerez le courriel. Si vous ne souhaitez pas que le pixel soit t\u00e9l\u00e9charg\u00e9 sur votre appareil, vous devez lire le courriel en mode texte ou avec les images d\u00e9sactiv\u00e9es.<\/span><\/p><p><span style=\"font-weight: 400;\">Nous utilisons les cookies de Pardot pour suivre le comportement de navigation de chaque visiteur du site web, comme l'activit\u00e9 de visualisation des pages et le temps d'impression, afin de nous aider \u00e0 mieux contr\u00f4ler le succ\u00e8s de notre site web. Ces informations sont compil\u00e9es pour apporter des am\u00e9liorations \u00e0 notre site web.<\/span><\/p><p><span style=\"font-weight: 400;\">Les informations personnelles ne sont stock\u00e9es dans Pardot\/Salesforce que si nos visiteurs remplissent un formulaire, par exemple pour l'inscription \u00e0 des \u00e9v\u00e9nements, les formulaires de contact\/demande ou pour l'abonnement \u00e0 nos communications par courrier \u00e9lectronique.<\/span><\/p>\t\t\t\t\t\t<\/div>\n\t\t\t\t<\/div>\n\t\t\t\t\t<\/div>\n\t\t<\/div>\n\t\t\t\t\t<\/div>\n\t\t<\/section>\n\t\t\t\t<\/div>","protected":false},"excerpt":{"rendered":"<p>Politique en mati\u00e8re de cookies Mise \u00e0 jour du 12\/01\/21 Nous utilisons des cookies pour rendre nos sites Web plus conviviaux. D\u00e9couvrez les principaux types de cookies que nous utilisons, et \u00e0 quoi ils servent. Les donn\u00e9es que nous recueillons \u00e0 l'aide des cookies nous aident \u00e0 mieux comprendre nos clients afin de leur offrir une exp\u00e9rience utilisateur plus cibl\u00e9e. En utilisant les connaissances de [...]<\/p>","protected":false},"author":1,"featured_media":0,"parent":0,"menu_order":0,"comment_status":"closed","ping_status":"closed","template":"","meta":[],"yoast_head":"<!-- This site is optimized with the Yoast SEO plugin v20.8 - https:\/\/yoast.com\/wordpress\/plugins\/seo\/ -->\n<title>Cookies Policy - Bondi AI Ltd<\/title>\n<meta name=\"robots\" content=\"noindex, follow, max-snippet:-1, max-image-preview:large, max-video-preview:-1\" \/>\n<meta property=\"og:locale\" content=\"fr_FR\" \/>\n<meta property=\"og:type\" content=\"article\" \/>\n<meta property=\"og:title\" content=\"Cookies Policy - Bondi AI Ltd\" \/>\n<meta property=\"og:description\" content=\"Cookies Policy Updated 12\/01\/21 We use cookies to make our websites more user-friendly. Find out about the main types of cookies we use, and what we use them for. The data we collect using cookies helps us understand our customers better so that we can provide a more focused user experience. Using the knowledge of [&hellip;]\" \/>\n<meta property=\"og:url\" content=\"https:\/\/bondi.ai\/fr\/cookies-policy\/\" \/>\n<meta property=\"og:site_name\" content=\"Bondi AI Ltd\" \/>\n<meta property=\"article:publisher\" content=\"https:\/\/facebook.com\/bondisuite\" \/>\n<meta property=\"article:modified_time\" content=\"2023-07-13T10:32:35+00:00\" \/>\n<meta property=\"og:image\" content=\"https:\/\/bondi.ai\/wp-content\/uploads\/2021\/01\/domenico-loia-hGV2TfOh0ns-unsplash-scaled.jpg\" \/>\n\t<meta property=\"og:image:width\" content=\"2560\" \/>\n\t<meta property=\"og:image:height\" content=\"1707\" \/>\n\t<meta property=\"og:image:type\" content=\"image\/jpeg\" \/>\n<meta name=\"twitter:card\" content=\"summary_large_image\" \/>\n<meta name=\"twitter:site\" content=\"@bondisuite\" \/>\n<meta name=\"twitter:label1\" content=\"Dur\u00e9e de lecture estim\u00e9e\" \/>\n\t<meta name=\"twitter:data1\" content=\"4 minutes\" \/>\n<script type=\"application\/ld+json\" class=\"yoast-schema-graph\">{\"@context\":\"https:\/\/schema.org\",\"@graph\":[{\"@type\":\"WebPage\",\"@id\":\"https:\/\/bondi.ai\/cookies-policy\/\",\"url\":\"https:\/\/bondi.ai\/cookies-policy\/\",\"name\":\"Cookies Policy - Bondi AI Ltd\",\"isPartOf\":{\"@id\":\"https:\/\/bondi.ai\/#website\"},\"datePublished\":\"2021-01-12T15:20:55+00:00\",\"dateModified\":\"2023-07-13T10:32:35+00:00\",\"breadcrumb\":{\"@id\":\"https:\/\/bondi.ai\/cookies-policy\/#breadcrumb\"},\"inLanguage\":\"fr-FR\",\"potentialAction\":[{\"@type\":\"ReadAction\",\"target\":[\"https:\/\/bondi.ai\/cookies-policy\/\"]}]},{\"@type\":\"BreadcrumbList\",\"@id\":\"https:\/\/bondi.ai\/cookies-policy\/#breadcrumb\",\"itemListElement\":[{\"@type\":\"ListItem\",\"position\":1,\"name\":\"Home\",\"item\":\"https:\/\/bondi.ai\/\"},{\"@type\":\"ListItem\",\"position\":2,\"name\":\"Cookies Policy\"}]},{\"@type\":\"WebSite\",\"@id\":\"https:\/\/bondi.ai\/#website\",\"url\":\"https:\/\/bondi.ai\/\",\"name\":\"Bondi Platform Ltd\",\"description\":\"Secure digital systems and services that utilise smart technology.\",\"publisher\":{\"@id\":\"https:\/\/bondi.ai\/#organization\"},\"alternateName\":\"Bondisuite\",\"potentialAction\":[{\"@type\":\"SearchAction\",\"target\":{\"@type\":\"EntryPoint\",\"urlTemplate\":\"https:\/\/bondi.ai\/?s={search_term_string}\"},\"query-input\":\"required name=search_term_string\"}],\"inLanguage\":\"fr-FR\"},{\"@type\":\"Organization\",\"@id\":\"https:\/\/bondi.ai\/#organization\",\"name\":\"Bondi Platform Limited\",\"alternateName\":\"Bondisuite\",\"url\":\"https:\/\/bondi.ai\/\",\"logo\":{\"@type\":\"ImageObject\",\"inLanguage\":\"fr-FR\",\"@id\":\"https:\/\/bondi.ai\/#\/schema\/logo\/image\/\",\"url\":\"https:\/\/bondi.ai\/wp-content\/uploads\/2020\/12\/cropped-Bondi-Platform-450x273-1.png\",\"contentUrl\":\"https:\/\/bondi.ai\/wp-content\/uploads\/2020\/12\/cropped-Bondi-Platform-450x273-1.png\",\"width\":459,\"height\":271,\"caption\":\"Bondi Platform Limited\"},\"image\":{\"@id\":\"https:\/\/bondi.ai\/#\/schema\/logo\/image\/\"},\"sameAs\":[\"https:\/\/facebook.com\/bondisuite\",\"https:\/\/twitter.com\/bondisuite\",\"https:\/\/linkedin.com\/company\/bondi-platform-ltd\"]}]}<\/script>\n<!-- \/ Yoast SEO plugin. -->","yoast_head_json":{"title":"Cookies Policy - Bondi AI Ltd","robots":{"index":"noindex","follow":"follow","max-snippet":"max-snippet:-1","max-image-preview":"max-image-preview:large","max-video-preview":"max-video-preview:-1"},"og_locale":"fr_FR","og_type":"article","og_title":"Cookies Policy - Bondi AI Ltd","og_description":"Cookies Policy Updated 12\/01\/21 We use cookies to make our websites more user-friendly. Find out about the main types of cookies we use, and what we use them for. The data we collect using cookies helps us understand our customers better so that we can provide a more focused user experience. Using the knowledge of [&hellip;]","og_url":"https:\/\/bondi.ai\/fr\/cookies-policy\/","og_site_name":"Bondi AI Ltd","article_publisher":"https:\/\/facebook.com\/bondisuite","article_modified_time":"2023-07-13T10:32:35+00:00","og_image":[{"width":2560,"height":1707,"url":"https:\/\/bondi.ai\/wp-content\/uploads\/2021\/01\/domenico-loia-hGV2TfOh0ns-unsplash-scaled.jpg","type":"image\/jpeg"}],"twitter_card":"summary_large_image","twitter_site":"@bondisuite","twitter_misc":{"Dur\u00e9e de lecture estim\u00e9e":"4 minutes"},"schema":{"@context":"https:\/\/schema.org","@graph":[{"@type":"WebPage","@id":"https:\/\/bondi.ai\/cookies-policy\/","url":"https:\/\/bondi.ai\/cookies-policy\/","name":"Cookies Policy - Bondi AI Ltd","isPartOf":{"@id":"https:\/\/bondi.ai\/#website"},"datePublished":"2021-01-12T15:20:55+00:00","dateModified":"2023-07-13T10:32:35+00:00","breadcrumb":{"@id":"https:\/\/bondi.ai\/cookies-policy\/#breadcrumb"},"inLanguage":"fr-FR","potentialAction":[{"@type":"ReadAction","target":["https:\/\/bondi.ai\/cookies-policy\/"]}]},{"@type":"BreadcrumbList","@id":"https:\/\/bondi.ai\/cookies-policy\/#breadcrumb","itemListElement":[{"@type":"ListItem","position":1,"name":"Home","item":"https:\/\/bondi.ai\/"},{"@type":"ListItem","position":2,"name":"Cookies Policy"}]},{"@type":"WebSite","@id":"https:\/\/bondi.ai\/#website","url":"https:\/\/bondi.ai\/","name":"Bondi Platform Ltd","description":"Secure digital systems and services that utilise smart technology.","publisher":{"@id":"https:\/\/bondi.ai\/#organization"},"alternateName":"Bondisuite","potentialAction":[{"@type":"SearchAction","target":{"@type":"EntryPoint","urlTemplate":"https:\/\/bondi.ai\/?s={search_term_string}"},"query-input":"required name=search_term_string"}],"inLanguage":"fr-FR"},{"@type":"Organization","@id":"https:\/\/bondi.ai\/#organization","name":"Bondi Platform Limited","alternateName":"Bondisuite","url":"https:\/\/bondi.ai\/","logo":{"@type":"ImageObject","inLanguage":"fr-FR","@id":"https:\/\/bondi.ai\/#\/schema\/logo\/image\/","url":"https:\/\/bondi.ai\/wp-content\/uploads\/2020\/12\/cropped-Bondi-Platform-450x273-1.png","contentUrl":"https:\/\/bondi.ai\/wp-content\/uploads\/2020\/12\/cropped-Bondi-Platform-450x273-1.png","width":459,"height":271,"caption":"Bondi Platform Limited"},"image":{"@id":"https:\/\/bondi.ai\/#\/schema\/logo\/image\/"},"sameAs":["https:\/\/facebook.com\/bondisuite","https:\/\/twitter.com\/bondisuite","https:\/\/linkedin.com\/company\/bondi-platform-ltd"]}]}},"_links":{"self":[{"href":"https:\/\/bondi.ai\/fr\/wp-json\/wp\/v2\/pages\/1356"}],"collection":[{"href":"https:\/\/bondi.ai\/fr\/wp-json\/wp\/v2\/pages"}],"about":[{"href":"https:\/\/bondi.ai\/fr\/wp-json\/wp\/v2\/types\/page"}],"author":[{"embeddable":true,"href":"https:\/\/bondi.ai\/fr\/wp-json\/wp\/v2\/users\/1"}],"replies":[{"embeddable":true,"href":"https:\/\/bondi.ai\/fr\/wp-json\/wp\/v2\/comments?post=1356"}],"version-history":[{"count":10,"href":"https:\/\/bondi.ai\/fr\/wp-json\/wp\/v2\/pages\/1356\/revisions"}],"predecessor-version":[{"id":4181,"href":"https:\/\/bondi.ai\/fr\/wp-json\/wp\/v2\/pages\/1356\/revisions\/4181"}],"wp:attachment":[{"href":"https:\/\/bondi.ai\/fr\/wp-json\/wp\/v2\/media?parent=1356"}],"curies":[{"name":"wp","href":"https:\/\/api.w.org\/{rel}","templated":true}]}}