{"id":2768,"date":"2021-01-26T09:24:22","date_gmt":"2021-01-26T09:24:22","guid":{"rendered":"https:\/\/bondiplatform.com\/?page_id=2768"},"modified":"2021-01-26T17:52:45","modified_gmt":"2021-01-26T17:52:45","slug":"thank-you-for-contacting-bondi-platform","status":"publish","type":"page","link":"https:\/\/bondi.ai\/fr\/thank-you-for-contacting-bondi-platform\/","title":{"rendered":"Merci d'avoir contact\u00e9 Bondi Platform"},"content":{"rendered":"<div data-elementor-type=\"wp-page\" data-elementor-id=\"2768\" class=\"elementor elementor-2768\" data-elementor-post-type=\"page\">\n\t\t\t\t\t\t<section class=\"has_eae_slider elementor-section elementor-top-section elementor-element elementor-element-64d786c elementor-section-full_width elementor-section-height-min-height elementor-section-height-default elementor-section-items-middle\" data-eae-slider=\"56806\" data-id=\"64d786c\" data-element_type=\"section\" data-settings=\"{&quot;shape_divider_bottom&quot;:&quot;mountains&quot;}\">\n\t\t\t\t\t<div class=\"elementor-shape elementor-shape-bottom\" data-negative=\"false\">\n\t\t\t<svg xmlns=\"http:\/\/www.w3.org\/2000\/svg\" viewbox=\"0 0 1000 100\" preserveaspectratio=\"none\">\n\t<path class=\"elementor-shape-fill\" opacity=\"0.33\" d=\"M473,67.3c-203.9,88.3-263.1-34-320.3,0C66,119.1,0,59.7,0,59.7V0h1000v59.7 c0,0-62.1,26.1-94.9,29.3c-32.8,3.3-62.8-12.3-75.8-22.1C806,49.6,745.3,8.7,694.9,4.7S492.4,59,473,67.3z\"\/>\n\t<path class=\"elementor-shape-fill\" opacity=\"0.66\" d=\"M734,67.3c-45.5,0-77.2-23.2-129.1-39.1c-28.6-8.7-150.3-10.1-254,39.1 s-91.7-34.4-149.2,0C115.7,118.3,0,39.8,0,39.8V0h1000v36.5c0,0-28.2-18.5-92.1-18.5C810.2,18.1,775.7,67.3,734,67.3z\"\/>\n\t<path class=\"elementor-shape-fill\" d=\"M766.1,28.9c-200-57.5-266,65.5-395.1,19.5C242,1.8,242,5.4,184.8,20.6C128,35.8,132.3,44.9,89.9,52.5C28.6,63.7,0,0,0,0 h1000c0,0-9.9,40.9-83.6,48.1S829.6,47,766.1,28.9z\"\/>\n<\/svg>\t\t<\/div>\n\t\t\t\t\t<div class=\"elementor-container elementor-column-gap-no\">\n\t\t\t\t\t<div class=\"has_eae_slider elementor-column elementor-col-100 elementor-top-column elementor-element elementor-element-32e08be\" data-eae-slider=\"49543\" data-id=\"32e08be\" data-element_type=\"column\">\n\t\t\t<div class=\"elementor-widget-wrap elementor-element-populated\">\n\t\t\t\t\t\t<div class=\"elementor-element elementor-element-75a64a5e elementor--h-position-center elementor--v-position-middle elementor-arrows-position-inside elementor-pagination-position-inside elementor-widget elementor-widget-slides\" data-id=\"75a64a5e\" data-element_type=\"widget\" data-settings=\"{&quot;navigation&quot;:&quot;both&quot;,&quot;autoplay&quot;:&quot;yes&quot;,&quot;pause_on_hover&quot;:&quot;yes&quot;,&quot;pause_on_interaction&quot;:&quot;yes&quot;,&quot;autoplay_speed&quot;:5000,&quot;infinite&quot;:&quot;yes&quot;,&quot;transition&quot;:&quot;slide&quot;,&quot;transition_speed&quot;:500}\" data-widget_type=\"slides.default\">\n\t\t\t\t<div class=\"elementor-widget-container\">\n\t\t\t\t\t<div class=\"elementor-swiper\">\n\t\t\t<div class=\"elementor-slides-wrapper elementor-main-swiper swiper\" dir=\"ltr\" data-animation=\"fadeInUp\">\n\t\t\t\t<div class=\"swiper-wrapper elementor-slides\">\n\t\t\t\t\t\t\t\t\t\t<div class=\"elementor-repeater-item-0e7ddf8 swiper-slide\"><div class=\"swiper-slide-bg elementor-ken-burns elementor-ken-burns--in\" role=\"img\"><\/div><div class=\"elementor-background-overlay\"><\/div><a class=\"swiper-slide-inner\" href=\"#\"><div class=\"swiper-slide-contents\"><div class=\"elementor-slide-heading\">Merci d'avoir contact\u00e9 Bondi Platform Ltd<\/div><\/div><\/a><\/div>\t\t\t\t<\/div>\n\t\t\t\t\t\t\t<\/div>\n\t\t<\/div>\n\t\t\t\t<\/div>\n\t\t\t\t<\/div>\n\t\t\t\t\t<\/div>\n\t\t<\/div>\n\t\t\t\t\t<\/div>\n\t\t<\/section>\n\t\t\t\t<section class=\"has_eae_slider elementor-section elementor-top-section elementor-element elementor-element-deb0ae2 elementor-section-boxed elementor-section-height-default elementor-section-height-default\" data-eae-slider=\"55896\" data-id=\"deb0ae2\" data-element_type=\"section\">\n\t\t\t\t\t\t<div class=\"elementor-container elementor-column-gap-default\">\n\t\t\t\t\t<div class=\"has_eae_slider elementor-column elementor-col-100 elementor-top-column elementor-element elementor-element-9d767ce\" data-eae-slider=\"65338\" data-id=\"9d767ce\" data-element_type=\"column\">\n\t\t\t<div class=\"elementor-widget-wrap elementor-element-populated\">\n\t\t\t\t\t\t<div class=\"elementor-element elementor-element-92ef9d1 elementor-widget elementor-widget-heading\" data-id=\"92ef9d1\" data-element_type=\"widget\" data-widget_type=\"heading.default\">\n\t\t\t\t<div class=\"elementor-widget-container\">\n\t\t\t<h2 class=\"elementor-heading-title elementor-size-default\"><a href=\"https:\/\/bondi.ai\/fr\/\">Nous vous contacterons bient\u00f4t !<\/a><\/h2>\t\t<\/div>\n\t\t\t\t<\/div>\n\t\t\t\t\t<\/div>\n\t\t<\/div>\n\t\t\t\t\t<\/div>\n\t\t<\/section>\n\t\t\t\t<section class=\"has_eae_slider elementor-section elementor-top-section elementor-element elementor-element-ef4d908 elementor-section-boxed elementor-section-height-default elementor-section-height-default\" data-eae-slider=\"1696\" data-id=\"ef4d908\" data-element_type=\"section\">\n\t\t\t\t\t\t<div class=\"elementor-container elementor-column-gap-default\">\n\t\t\t\t\t<div class=\"has_eae_slider elementor-column elementor-col-100 elementor-top-column elementor-element elementor-element-ced7106\" data-eae-slider=\"86732\" data-id=\"ced7106\" data-element_type=\"column\">\n\t\t\t<div class=\"elementor-widget-wrap elementor-element-populated\">\n\t\t\t\t\t\t<div class=\"elementor-element elementor-element-e273978 elementor-widget elementor-widget-heading\" data-id=\"e273978\" data-element_type=\"widget\" data-widget_type=\"heading.default\">\n\t\t\t\t<div class=\"elementor-widget-container\">\n\t\t\t<h2 class=\"elementor-heading-title elementor-size-default\"><a href=\"https:\/\/bondi.ai\/fr\/\">En savoir plus sur BondiSuite<\/a><\/h2>\t\t<\/div>\n\t\t\t\t<\/div>\n\t\t\t\t\t<\/div>\n\t\t<\/div>\n\t\t\t\t\t<\/div>\n\t\t<\/section>\n\t\t\t\t<section class=\"has_eae_slider elementor-section elementor-top-section elementor-element elementor-element-418acd9 elementor-section-boxed elementor-section-height-default elementor-section-height-default\" data-eae-slider=\"39860\" data-id=\"418acd9\" data-element_type=\"section\" data-settings=\"{&quot;background_background&quot;:&quot;classic&quot;}\">\n\t\t\t\t\t\t<div class=\"elementor-container elementor-column-gap-default\">\n\t\t\t\t\t<div class=\"has_eae_slider elementor-column elementor-col-100 elementor-top-column elementor-element elementor-element-11236228\" data-eae-slider=\"31361\" data-id=\"11236228\" data-element_type=\"column\">\n\t\t\t<div class=\"elementor-widget-wrap elementor-element-populated\">\n\t\t\t\t\t\t<div class=\"elementor-element elementor-element-77853eb5 elementor-widget elementor-widget-heading\" data-id=\"77853eb5\" data-element_type=\"widget\" data-widget_type=\"heading.default\">\n\t\t\t\t<div class=\"elementor-widget-container\">\n\t\t\t<h2 class=\"elementor-heading-title elementor-size-default\">Disponible sous forme de solutions individuelles ou d'une suite compl\u00e8te<\/h2>\t\t<\/div>\n\t\t\t\t<\/div>\n\t\t\t\t\t<\/div>\n\t\t<\/div>\n\t\t\t\t\t<\/div>\n\t\t<\/section>\n\t\t\t\t<section class=\"has_eae_slider elementor-section elementor-top-section elementor-element elementor-element-66bf4fc2 elementor-section-boxed elementor-section-height-default elementor-section-height-default\" data-eae-slider=\"6874\" data-id=\"66bf4fc2\" data-element_type=\"section\" data-settings=\"{&quot;background_background&quot;:&quot;classic&quot;}\">\n\t\t\t\t\t\t<div class=\"elementor-container elementor-column-gap-default\">\n\t\t\t\t\t<div class=\"has_eae_slider elementor-column elementor-col-33 elementor-top-column elementor-element elementor-element-6a50706f elementor-invisible\" data-eae-slider=\"38495\" data-id=\"6a50706f\" data-element_type=\"column\" data-settings=\"{&quot;animation&quot;:&quot;fadeInLeft&quot;}\">\n\t\t\t<div class=\"elementor-widget-wrap elementor-element-populated\">\n\t\t\t\t\t\t<div class=\"elementor-element elementor-element-6a9383af elementor-widget elementor-widget-heading\" data-id=\"6a9383af\" data-element_type=\"widget\" data-widget_type=\"heading.default\">\n\t\t\t\t<div class=\"elementor-widget-container\">\n\t\t\t<h2 class=\"elementor-heading-title elementor-size-default\">Travaillez d'o\u00f9 vous voulez<\/h2>\t\t<\/div>\n\t\t\t\t<\/div>\n\t\t\t\t<div class=\"elementor-element elementor-element-19fb008f elementor-widget elementor-widget-text-editor\" data-id=\"19fb008f\" data-element_type=\"widget\" data-widget_type=\"text-editor.default\">\n\t\t\t\t<div class=\"elementor-widget-container\">\n\t\t\t\t\t\t\t<p>Permettez \u00e0 vos collaborateurs de travailler \u00e0 tout moment, en tout lieu et sur n'importe quel support en transf\u00e9rant vos ressources cl\u00e9s vers notre cloud. C'est beaucoup plus simple et plus rentable que vous ne le pensez.<\/p>\t\t\t\t\t\t<\/div>\n\t\t\t\t<\/div>\n\t\t\t\t<div class=\"elementor-element elementor-element-1c146722 elementor-widget elementor-widget-button\" data-id=\"1c146722\" data-element_type=\"widget\" data-widget_type=\"button.default\">\n\t\t\t\t<div class=\"elementor-widget-container\">\n\t\t\t\t\t<div class=\"elementor-button-wrapper\">\n\t\t\t<a class=\"elementor-button elementor-button-link elementor-size-sm\" href=\"https:\/\/bondi.ai\/fr\/solutions\/\">\n\t\t\t\t\t\t<span class=\"elementor-button-content-wrapper\">\n\t\t\t\t\t\t<span class=\"elementor-button-icon\">\n\t\t\t\t<svg aria-hidden=\"true\" class=\"e-font-icon-svg e-fas-arrow-right\" viewbox=\"0 0 448 512\" xmlns=\"http:\/\/www.w3.org\/2000\/svg\"><path d=\"M190.5 66.9l22.2-22.2c9.4-9.4 24.6-9.4 33.9 0L441 239c9.4 9.4 9.4 24.6 0 33.9L246.6 467.3c-9.4 9.4-24.6 9.4-33.9 0l-22.2-22.2c-9.5-9.5-9.3-25 .4-34.3L311.4 296H24c-13.3 0-24-10.7-24-24v-32c0-13.3 10.7-24 24-24h287.4L190.9 101.2c-9.8-9.3-10-24.8-.4-34.3z\"><\/path><\/svg>\t\t\t<\/span>\n\t\t\t\t\t\t\t\t\t<span class=\"elementor-button-text\">En savoir plus<\/span>\n\t\t\t\t\t<\/span>\n\t\t\t\t\t<\/a>\n\t\t<\/div>\n\t\t\t\t<\/div>\n\t\t\t\t<\/div>\n\t\t\t\t\t<\/div>\n\t\t<\/div>\n\t\t\t\t<div class=\"has_eae_slider elementor-column elementor-col-33 elementor-top-column elementor-element elementor-element-3d0cec6f elementor-invisible\" data-eae-slider=\"36026\" data-id=\"3d0cec6f\" data-element_type=\"column\" data-settings=\"{&quot;animation&quot;:&quot;fadeIn&quot;}\">\n\t\t\t<div class=\"elementor-widget-wrap elementor-element-populated\">\n\t\t\t\t\t\t<div class=\"elementor-element elementor-element-3f969f61 elementor-widget elementor-widget-heading\" data-id=\"3f969f61\" data-element_type=\"widget\" data-widget_type=\"heading.default\">\n\t\t\t\t<div class=\"elementor-widget-container\">\n\t\t\t<h2 class=\"elementor-heading-title elementor-size-default\">Faire plus avec moins d'efforts<\/h2>\t\t<\/div>\n\t\t\t\t<\/div>\n\t\t\t\t<div class=\"elementor-element elementor-element-7cc5bad8 elementor-widget elementor-widget-text-editor\" data-id=\"7cc5bad8\" data-element_type=\"widget\" data-widget_type=\"text-editor.default\">\n\t\t\t\t<div class=\"elementor-widget-container\">\n\t\t\t\t\t\t\tR\u00e9duisez vos efforts et rationaliser les processus de travail en adoptant une approche plus coh\u00e9rente et standard bas\u00e9e sur notre Cloud.\t\t\t\t\t\t<\/div>\n\t\t\t\t<\/div>\n\t\t\t\t<div class=\"elementor-element elementor-element-3ab61269 elementor-widget elementor-widget-button\" data-id=\"3ab61269\" data-element_type=\"widget\" data-widget_type=\"button.default\">\n\t\t\t\t<div class=\"elementor-widget-container\">\n\t\t\t\t\t<div class=\"elementor-button-wrapper\">\n\t\t\t<a class=\"elementor-button elementor-button-link elementor-size-sm\" href=\"https:\/\/bondi.ai\/fr\/\">\n\t\t\t\t\t\t<span class=\"elementor-button-content-wrapper\">\n\t\t\t\t\t\t<span class=\"elementor-button-icon\">\n\t\t\t\t<svg aria-hidden=\"true\" class=\"e-font-icon-svg e-fas-arrow-right\" viewbox=\"0 0 448 512\" xmlns=\"http:\/\/www.w3.org\/2000\/svg\"><path d=\"M190.5 66.9l22.2-22.2c9.4-9.4 24.6-9.4 33.9 0L441 239c9.4 9.4 9.4 24.6 0 33.9L246.6 467.3c-9.4 9.4-24.6 9.4-33.9 0l-22.2-22.2c-9.5-9.5-9.3-25 .4-34.3L311.4 296H24c-13.3 0-24-10.7-24-24v-32c0-13.3 10.7-24 24-24h287.4L190.9 101.2c-9.8-9.3-10-24.8-.4-34.3z\"><\/path><\/svg>\t\t\t<\/span>\n\t\t\t\t\t\t\t\t\t<span class=\"elementor-button-text\">Explorer davantage<\/span>\n\t\t\t\t\t<\/span>\n\t\t\t\t\t<\/a>\n\t\t<\/div>\n\t\t\t\t<\/div>\n\t\t\t\t<\/div>\n\t\t\t\t\t<\/div>\n\t\t<\/div>\n\t\t\t\t<div class=\"has_eae_slider elementor-column elementor-col-33 elementor-top-column elementor-element elementor-element-27b33166 elementor-invisible\" data-eae-slider=\"95392\" data-id=\"27b33166\" data-element_type=\"column\" data-settings=\"{&quot;animation&quot;:&quot;fadeInRight&quot;}\">\n\t\t\t<div class=\"elementor-widget-wrap elementor-element-populated\">\n\t\t\t\t\t\t<div class=\"elementor-element elementor-element-15668c1e elementor-widget elementor-widget-heading\" data-id=\"15668c1e\" data-element_type=\"widget\" data-widget_type=\"heading.default\">\n\t\t\t\t<div class=\"elementor-widget-container\">\n\t\t\t<h2 class=\"elementor-heading-title elementor-size-default\">\u00c9conomiser de l'argent de plusieurs fa\u00e7ons<\/h2>\t\t<\/div>\n\t\t\t\t<\/div>\n\t\t\t\t<div class=\"elementor-element elementor-element-2dde5b2d elementor-widget elementor-widget-text-editor\" data-id=\"2dde5b2d\" data-element_type=\"widget\" data-widget_type=\"text-editor.default\">\n\t\t\t\t<div class=\"elementor-widget-container\">\n\t\t\t\t\t\t\tR\u00e9duisez vos d\u00e9penses mat\u00e9riels et logiciels en adoptant une approche plus coh\u00e9rente bas\u00e9e sur notre cloud, et rendez votre travail plus efficace.\t\t\t\t\t\t<\/div>\n\t\t\t\t<\/div>\n\t\t\t\t<div class=\"elementor-element elementor-element-5e87f766 elementor-widget elementor-widget-button\" data-id=\"5e87f766\" data-element_type=\"widget\" data-widget_type=\"button.default\">\n\t\t\t\t<div class=\"elementor-widget-container\">\n\t\t\t\t\t<div class=\"elementor-button-wrapper\">\n\t\t\t<a class=\"elementor-button elementor-button-link elementor-size-sm\" href=\"https:\/\/bondi.ai\/fr\/\">\n\t\t\t\t\t\t<span class=\"elementor-button-content-wrapper\">\n\t\t\t\t\t\t<span class=\"elementor-button-icon\">\n\t\t\t\t<svg aria-hidden=\"true\" class=\"e-font-icon-svg e-fas-arrow-right\" viewbox=\"0 0 448 512\" xmlns=\"http:\/\/www.w3.org\/2000\/svg\"><path d=\"M190.5 66.9l22.2-22.2c9.4-9.4 24.6-9.4 33.9 0L441 239c9.4 9.4 9.4 24.6 0 33.9L246.6 467.3c-9.4 9.4-24.6 9.4-33.9 0l-22.2-22.2c-9.5-9.5-9.3-25 .4-34.3L311.4 296H24c-13.3 0-24-10.7-24-24v-32c0-13.3 10.7-24 24-24h287.4L190.9 101.2c-9.8-9.3-10-24.8-.4-34.3z\"><\/path><\/svg>\t\t\t<\/span>\n\t\t\t\t\t\t\t\t\t<span class=\"elementor-button-text\">D\u00e9couvrez comment<\/span>\n\t\t\t\t\t<\/span>\n\t\t\t\t\t<\/a>\n\t\t<\/div>\n\t\t\t\t<\/div>\n\t\t\t\t<\/div>\n\t\t\t\t\t<\/div>\n\t\t<\/div>\n\t\t\t\t\t<\/div>\n\t\t<\/section>\n\t\t\t\t<\/div>","protected":false},"excerpt":{"rendered":"<p>Thank you for contacting Bondi Platform Ltd We will be in touch soon! Learn more about BondiSuite Available as individual solutions or as a full suite Operate from anywhere Empower your people to work anytime, anywhere and on any device by moving key resources to the cloud. It&#8217;s much simpler and more cost effective than [&hellip;]<\/p>","protected":false},"author":1,"featured_media":0,"parent":0,"menu_order":0,"comment_status":"closed","ping_status":"closed","template":"","meta":[],"yoast_head":"<!-- This site is optimized with the Yoast SEO plugin v20.8 - https:\/\/yoast.com\/wordpress\/plugins\/seo\/ -->\n<title>Thank you for contacting Bondi Platform - Bondi AI Ltd<\/title>\n<meta name=\"robots\" content=\"noindex, follow, max-snippet:-1, max-image-preview:large, max-video-preview:-1\" \/>\n<meta property=\"og:locale\" content=\"fr_FR\" \/>\n<meta property=\"og:type\" content=\"article\" \/>\n<meta property=\"og:title\" content=\"Thank you for contacting Bondi Platform - Bondi AI Ltd\" \/>\n<meta property=\"og:description\" content=\"Thank you for contacting Bondi Platform Ltd We will be in touch soon! Learn more about BondiSuite Available as individual solutions or as a full suite Operate from anywhere Empower your people to work anytime, anywhere and on any device by moving key resources to the cloud. It&#8217;s much simpler and more cost effective than [&hellip;]\" \/>\n<meta property=\"og:url\" content=\"https:\/\/bondi.ai\/fr\/thank-you-for-contacting-bondi-platform\/\" \/>\n<meta property=\"og:site_name\" content=\"Bondi AI Ltd\" \/>\n<meta property=\"article:publisher\" content=\"https:\/\/facebook.com\/bondisuite\" \/>\n<meta property=\"article:modified_time\" content=\"2021-01-26T17:52:45+00:00\" \/>\n<meta property=\"og:image\" content=\"https:\/\/bondi.ai\/wp-content\/uploads\/2021\/01\/domenico-loia-hGV2TfOh0ns-unsplash-scaled.jpg\" \/>\n\t<meta property=\"og:image:width\" content=\"2560\" \/>\n\t<meta property=\"og:image:height\" content=\"1707\" \/>\n\t<meta property=\"og:image:type\" content=\"image\/jpeg\" \/>\n<meta name=\"twitter:card\" content=\"summary_large_image\" \/>\n<meta name=\"twitter:site\" content=\"@bondisuite\" \/>\n<meta name=\"twitter:label1\" content=\"Dur\u00e9e de lecture estim\u00e9e\" \/>\n\t<meta name=\"twitter:data1\" content=\"1 minute\" \/>\n<script type=\"application\/ld+json\" class=\"yoast-schema-graph\">{\"@context\":\"https:\/\/schema.org\",\"@graph\":[{\"@type\":\"WebPage\",\"@id\":\"https:\/\/bondi.ai\/thank-you-for-contacting-bondi-platform\/\",\"url\":\"https:\/\/bondi.ai\/thank-you-for-contacting-bondi-platform\/\",\"name\":\"Thank you for contacting Bondi Platform - Bondi AI Ltd\",\"isPartOf\":{\"@id\":\"https:\/\/bondi.ai\/#website\"},\"datePublished\":\"2021-01-26T09:24:22+00:00\",\"dateModified\":\"2021-01-26T17:52:45+00:00\",\"breadcrumb\":{\"@id\":\"https:\/\/bondi.ai\/thank-you-for-contacting-bondi-platform\/#breadcrumb\"},\"inLanguage\":\"fr-FR\",\"potentialAction\":[{\"@type\":\"ReadAction\",\"target\":[\"https:\/\/bondi.ai\/thank-you-for-contacting-bondi-platform\/\"]}]},{\"@type\":\"BreadcrumbList\",\"@id\":\"https:\/\/bondi.ai\/thank-you-for-contacting-bondi-platform\/#breadcrumb\",\"itemListElement\":[{\"@type\":\"ListItem\",\"position\":1,\"name\":\"Home\",\"item\":\"https:\/\/bondi.ai\/\"},{\"@type\":\"ListItem\",\"position\":2,\"name\":\"Thank you for contacting Bondi Platform\"}]},{\"@type\":\"WebSite\",\"@id\":\"https:\/\/bondi.ai\/#website\",\"url\":\"https:\/\/bondi.ai\/\",\"name\":\"Bondi Platform Ltd\",\"description\":\"Secure digital systems and services that utilise smart technology.\",\"publisher\":{\"@id\":\"https:\/\/bondi.ai\/#organization\"},\"alternateName\":\"Bondisuite\",\"potentialAction\":[{\"@type\":\"SearchAction\",\"target\":{\"@type\":\"EntryPoint\",\"urlTemplate\":\"https:\/\/bondi.ai\/?s={search_term_string}\"},\"query-input\":\"required name=search_term_string\"}],\"inLanguage\":\"fr-FR\"},{\"@type\":\"Organization\",\"@id\":\"https:\/\/bondi.ai\/#organization\",\"name\":\"Bondi Platform Limited\",\"alternateName\":\"Bondisuite\",\"url\":\"https:\/\/bondi.ai\/\",\"logo\":{\"@type\":\"ImageObject\",\"inLanguage\":\"fr-FR\",\"@id\":\"https:\/\/bondi.ai\/#\/schema\/logo\/image\/\",\"url\":\"https:\/\/bondi.ai\/wp-content\/uploads\/2020\/12\/cropped-Bondi-Platform-450x273-1.png\",\"contentUrl\":\"https:\/\/bondi.ai\/wp-content\/uploads\/2020\/12\/cropped-Bondi-Platform-450x273-1.png\",\"width\":459,\"height\":271,\"caption\":\"Bondi Platform Limited\"},\"image\":{\"@id\":\"https:\/\/bondi.ai\/#\/schema\/logo\/image\/\"},\"sameAs\":[\"https:\/\/facebook.com\/bondisuite\",\"https:\/\/twitter.com\/bondisuite\",\"https:\/\/linkedin.com\/company\/bondi-platform-ltd\"]}]}<\/script>\n<!-- \/ Yoast SEO plugin. -->","yoast_head_json":{"title":"Thank you for contacting Bondi Platform - Bondi AI Ltd","robots":{"index":"noindex","follow":"follow","max-snippet":"max-snippet:-1","max-image-preview":"max-image-preview:large","max-video-preview":"max-video-preview:-1"},"og_locale":"fr_FR","og_type":"article","og_title":"Thank you for contacting Bondi Platform - Bondi AI Ltd","og_description":"Thank you for contacting Bondi Platform Ltd We will be in touch soon! Learn more about BondiSuite Available as individual solutions or as a full suite Operate from anywhere Empower your people to work anytime, anywhere and on any device by moving key resources to the cloud. It&#8217;s much simpler and more cost effective than [&hellip;]","og_url":"https:\/\/bondi.ai\/fr\/thank-you-for-contacting-bondi-platform\/","og_site_name":"Bondi AI Ltd","article_publisher":"https:\/\/facebook.com\/bondisuite","article_modified_time":"2021-01-26T17:52:45+00:00","og_image":[{"width":2560,"height":1707,"url":"https:\/\/bondi.ai\/wp-content\/uploads\/2021\/01\/domenico-loia-hGV2TfOh0ns-unsplash-scaled.jpg","type":"image\/jpeg"}],"twitter_card":"summary_large_image","twitter_site":"@bondisuite","twitter_misc":{"Dur\u00e9e de lecture estim\u00e9e":"1 minute"},"schema":{"@context":"https:\/\/schema.org","@graph":[{"@type":"WebPage","@id":"https:\/\/bondi.ai\/thank-you-for-contacting-bondi-platform\/","url":"https:\/\/bondi.ai\/thank-you-for-contacting-bondi-platform\/","name":"Thank you for contacting Bondi Platform - Bondi AI Ltd","isPartOf":{"@id":"https:\/\/bondi.ai\/#website"},"datePublished":"2021-01-26T09:24:22+00:00","dateModified":"2021-01-26T17:52:45+00:00","breadcrumb":{"@id":"https:\/\/bondi.ai\/thank-you-for-contacting-bondi-platform\/#breadcrumb"},"inLanguage":"fr-FR","potentialAction":[{"@type":"ReadAction","target":["https:\/\/bondi.ai\/thank-you-for-contacting-bondi-platform\/"]}]},{"@type":"BreadcrumbList","@id":"https:\/\/bondi.ai\/thank-you-for-contacting-bondi-platform\/#breadcrumb","itemListElement":[{"@type":"ListItem","position":1,"name":"Home","item":"https:\/\/bondi.ai\/"},{"@type":"ListItem","position":2,"name":"Thank you for contacting Bondi Platform"}]},{"@type":"WebSite","@id":"https:\/\/bondi.ai\/#website","url":"https:\/\/bondi.ai\/","name":"Bondi Platform Ltd","description":"Secure digital systems and services that utilise smart technology.","publisher":{"@id":"https:\/\/bondi.ai\/#organization"},"alternateName":"Bondisuite","potentialAction":[{"@type":"SearchAction","target":{"@type":"EntryPoint","urlTemplate":"https:\/\/bondi.ai\/?s={search_term_string}"},"query-input":"required name=search_term_string"}],"inLanguage":"fr-FR"},{"@type":"Organization","@id":"https:\/\/bondi.ai\/#organization","name":"Bondi Platform Limited","alternateName":"Bondisuite","url":"https:\/\/bondi.ai\/","logo":{"@type":"ImageObject","inLanguage":"fr-FR","@id":"https:\/\/bondi.ai\/#\/schema\/logo\/image\/","url":"https:\/\/bondi.ai\/wp-content\/uploads\/2020\/12\/cropped-Bondi-Platform-450x273-1.png","contentUrl":"https:\/\/bondi.ai\/wp-content\/uploads\/2020\/12\/cropped-Bondi-Platform-450x273-1.png","width":459,"height":271,"caption":"Bondi Platform Limited"},"image":{"@id":"https:\/\/bondi.ai\/#\/schema\/logo\/image\/"},"sameAs":["https:\/\/facebook.com\/bondisuite","https:\/\/twitter.com\/bondisuite","https:\/\/linkedin.com\/company\/bondi-platform-ltd"]}]}},"_links":{"self":[{"href":"https:\/\/bondi.ai\/fr\/wp-json\/wp\/v2\/pages\/2768"}],"collection":[{"href":"https:\/\/bondi.ai\/fr\/wp-json\/wp\/v2\/pages"}],"about":[{"href":"https:\/\/bondi.ai\/fr\/wp-json\/wp\/v2\/types\/page"}],"author":[{"embeddable":true,"href":"https:\/\/bondi.ai\/fr\/wp-json\/wp\/v2\/users\/1"}],"replies":[{"embeddable":true,"href":"https:\/\/bondi.ai\/fr\/wp-json\/wp\/v2\/comments?post=2768"}],"version-history":[{"count":18,"href":"https:\/\/bondi.ai\/fr\/wp-json\/wp\/v2\/pages\/2768\/revisions"}],"predecessor-version":[{"id":2810,"href":"https:\/\/bondi.ai\/fr\/wp-json\/wp\/v2\/pages\/2768\/revisions\/2810"}],"wp:attachment":[{"href":"https:\/\/bondi.ai\/fr\/wp-json\/wp\/v2\/media?parent=2768"}],"curies":[{"name":"wp","href":"https:\/\/api.w.org\/{rel}","templated":true}]}}