{"id":2854,"date":"2021-01-29T15:58:03","date_gmt":"2021-01-29T15:58:03","guid":{"rendered":"https:\/\/bondiplatform.com\/?page_id=2854"},"modified":"2023-07-13T14:34:45","modified_gmt":"2023-07-13T14:34:45","slug":"imprint","status":"publish","type":"page","link":"https:\/\/bondi.ai\/fr\/imprint\/","title":{"rendered":"Mentions l\u00e9gales - Bondi Platform Ltd"},"content":{"rendered":"<div data-elementor-type=\"wp-page\" data-elementor-id=\"2854\" class=\"elementor elementor-2854\" data-elementor-post-type=\"page\">\n\t\t\t\t\t\t<section class=\"has_eae_slider elementor-section elementor-top-section elementor-element elementor-element-6146fa78 elementor-section-boxed elementor-section-height-default elementor-section-height-default\" data-eae-slider=\"38257\" data-id=\"6146fa78\" data-element_type=\"section\">\n\t\t\t\t\t\t<div class=\"elementor-container elementor-column-gap-default\">\n\t\t\t\t\t<div class=\"has_eae_slider elementor-column elementor-col-100 elementor-top-column elementor-element elementor-element-396df847\" data-eae-slider=\"50343\" data-id=\"396df847\" data-element_type=\"column\">\n\t\t\t<div class=\"elementor-widget-wrap elementor-element-populated\">\n\t\t\t\t\t\t<div class=\"elementor-element elementor-element-644f40dd elementor-widget elementor-widget-heading\" data-id=\"644f40dd\" data-element_type=\"widget\" data-widget_type=\"heading.default\">\n\t\t\t\t<div class=\"elementor-widget-container\">\n\t\t\t<h2 class=\"elementor-heading-title elementor-size-default\">Bondi AI Ltd<\/h2>\t\t<\/div>\n\t\t\t\t<\/div>\n\t\t\t\t<div class=\"elementor-element elementor-element-af92971 elementor-widget elementor-widget-heading\" data-id=\"af92971\" data-element_type=\"widget\" data-widget_type=\"heading.default\">\n\t\t\t\t<div class=\"elementor-widget-container\">\n\t\t\t<h2 class=\"elementor-heading-title elementor-size-default\">Impressum<\/h2>\t\t<\/div>\n\t\t\t\t<\/div>\n\t\t\t\t<div class=\"elementor-element elementor-element-6ad3dc75 elementor-widget elementor-widget-heading\" data-id=\"6ad3dc75\" data-element_type=\"widget\" data-widget_type=\"heading.default\">\n\t\t\t\t<div class=\"elementor-widget-container\">\n\t\t\t<h2 class=\"elementor-heading-title elementor-size-default\">Rejoignez-nous sur la voie d'un avenir lucratif.<\/h2>\t\t<\/div>\n\t\t\t\t<\/div>\n\t\t\t\t<div class=\"elementor-element elementor-element-1e7f2ad8 elementor-widget-divider--view-line elementor-widget elementor-widget-divider\" data-id=\"1e7f2ad8\" data-element_type=\"widget\" data-widget_type=\"divider.default\">\n\t\t\t\t<div class=\"elementor-widget-container\">\n\t\t\t\t\t<div class=\"elementor-divider\">\n\t\t\t<span class=\"elementor-divider-separator\">\n\t\t\t\t\t\t<\/span>\n\t\t<\/div>\n\t\t\t\t<\/div>\n\t\t\t\t<\/div>\n\t\t\t\t\t<\/div>\n\t\t<\/div>\n\t\t\t\t\t<\/div>\n\t\t<\/section>\n\t\t\t\t<section class=\"has_eae_slider elementor-section elementor-top-section elementor-element elementor-element-db86a46 elementor-section-boxed elementor-section-height-default elementor-section-height-default\" data-eae-slider=\"92838\" data-id=\"db86a46\" data-element_type=\"section\">\n\t\t\t\t\t\t<div class=\"elementor-container elementor-column-gap-default\">\n\t\t\t\t\t<div class=\"has_eae_slider elementor-column elementor-col-100 elementor-top-column elementor-element elementor-element-f475f45\" data-eae-slider=\"5601\" data-id=\"f475f45\" data-element_type=\"column\">\n\t\t\t<div class=\"elementor-widget-wrap elementor-element-populated\">\n\t\t\t\t\t\t<div class=\"elementor-element elementor-element-c7b7db1 elementor-widget elementor-widget-text-editor\" data-id=\"c7b7db1\" data-element_type=\"widget\" data-widget_type=\"text-editor.default\">\n\t\t\t\t<div class=\"elementor-widget-container\">\n\t\t\t\t\t\t\t<p><strong>Bondi AI Limited<\/strong><\/p><p>1\/1A, rue du T\u00e9l\u00e9graphe<\/p><p>Londres<\/p><p>EC2R 7AR<\/p><p><strong>Repr\u00e9sent\u00e9 par<\/strong>:<\/p><p>Marco Pissarello<\/p>\t\t\t\t\t\t<\/div>\n\t\t\t\t<\/div>\n\t\t\t\t\t<\/div>\n\t\t<\/div>\n\t\t\t\t\t<\/div>\n\t\t<\/section>\n\t\t\t\t<section class=\"has_eae_slider elementor-section elementor-top-section elementor-element elementor-element-0bd7a3e elementor-section-boxed elementor-section-height-default elementor-section-height-default\" data-eae-slider=\"76934\" data-id=\"0bd7a3e\" data-element_type=\"section\">\n\t\t\t\t\t\t<div class=\"elementor-container elementor-column-gap-default\">\n\t\t\t\t\t<div class=\"has_eae_slider elementor-column elementor-col-100 elementor-top-column elementor-element elementor-element-8b18b9a\" data-eae-slider=\"26760\" data-id=\"8b18b9a\" data-element_type=\"column\">\n\t\t\t<div class=\"elementor-widget-wrap elementor-element-populated\">\n\t\t\t\t\t\t<div class=\"elementor-element elementor-element-2eecd8f elementor-widget elementor-widget-text-editor\" data-id=\"2eecd8f\" data-element_type=\"widget\" data-widget_type=\"text-editor.default\">\n\t\t\t\t<div class=\"elementor-widget-container\">\n\t\t\t\t\t\t\t<p><strong>Coordonn\u00e9es<\/strong><\/p><p>T\u00e9l : +44 (0)203 769 1349<\/p><p>Courriel : sales@bondi.ai, info@bondi.ai<\/p>\t\t\t\t\t\t<\/div>\n\t\t\t\t<\/div>\n\t\t\t\t\t<\/div>\n\t\t<\/div>\n\t\t\t\t\t<\/div>\n\t\t<\/section>\n\t\t\t\t<section class=\"has_eae_slider elementor-section elementor-top-section elementor-element elementor-element-4a052d2 elementor-section-boxed elementor-section-height-default elementor-section-height-default\" data-eae-slider=\"42584\" data-id=\"4a052d2\" data-element_type=\"section\">\n\t\t\t\t\t\t<div class=\"elementor-container elementor-column-gap-default\">\n\t\t\t\t\t<div class=\"has_eae_slider elementor-column elementor-col-100 elementor-top-column elementor-element elementor-element-1305423\" data-eae-slider=\"44455\" data-id=\"1305423\" data-element_type=\"column\">\n\t\t\t<div class=\"elementor-widget-wrap elementor-element-populated\">\n\t\t\t\t\t\t<div class=\"elementor-element elementor-element-8ef2987 elementor-widget elementor-widget-text-editor\" data-id=\"8ef2987\" data-element_type=\"widget\" data-widget_type=\"text-editor.default\">\n\t\t\t\t<div class=\"elementor-widget-container\">\n\t\t\t\t\t\t\t<p><strong>Num\u00e9ro d'enregistrement du commerce :<\/strong>\u00a0#12778031<\/p><p><strong>Enregistr\u00e9e en :<\/strong> Angleterre<\/p><p><strong>Num\u00e9ro de TVA :\u00a0<\/strong>362 0093 28<\/p>\t\t\t\t\t\t<\/div>\n\t\t\t\t<\/div>\n\t\t\t\t\t<\/div>\n\t\t<\/div>\n\t\t\t\t\t<\/div>\n\t\t<\/section>\n\t\t\t\t<section class=\"has_eae_slider elementor-section elementor-top-section elementor-element elementor-element-0bcee9e elementor-section-boxed elementor-section-height-default elementor-section-height-default\" data-eae-slider=\"86370\" data-id=\"0bcee9e\" data-element_type=\"section\">\n\t\t\t\t\t\t<div class=\"elementor-container elementor-column-gap-default\">\n\t\t\t\t\t<div class=\"has_eae_slider elementor-column elementor-col-100 elementor-top-column elementor-element elementor-element-f193f47\" data-eae-slider=\"68042\" data-id=\"f193f47\" data-element_type=\"column\">\n\t\t\t<div class=\"elementor-widget-wrap elementor-element-populated\">\n\t\t\t\t\t\t<div class=\"elementor-element elementor-element-17f8fc8 elementor-widget elementor-widget-text-editor\" data-id=\"17f8fc8\" data-element_type=\"widget\" data-widget_type=\"text-editor.default\">\n\t\t\t\t<div class=\"elementor-widget-container\">\n\t\t\t\t\t\t\t<p><strong>Clause de non-responsabilit\u00e9<\/strong><\/p>\t\t\t\t\t\t<\/div>\n\t\t\t\t<\/div>\n\t\t\t\t\t<\/div>\n\t\t<\/div>\n\t\t\t\t\t<\/div>\n\t\t<\/section>\n\t\t\t\t<section class=\"has_eae_slider elementor-section elementor-top-section elementor-element elementor-element-49b3cd6 elementor-section-boxed elementor-section-height-default elementor-section-height-default\" data-eae-slider=\"13470\" data-id=\"49b3cd6\" data-element_type=\"section\">\n\t\t\t\t\t\t<div class=\"elementor-container elementor-column-gap-default\">\n\t\t\t\t\t<div class=\"has_eae_slider elementor-column elementor-col-100 elementor-top-column elementor-element elementor-element-984453e\" data-eae-slider=\"86167\" data-id=\"984453e\" data-element_type=\"column\">\n\t\t\t<div class=\"elementor-widget-wrap elementor-element-populated\">\n\t\t\t\t\t\t<div class=\"elementor-element elementor-element-f4766e8 elementor-widget elementor-widget-text-editor\" data-id=\"f4766e8\" data-element_type=\"widget\" data-widget_type=\"text-editor.default\">\n\t\t\t\t<div class=\"elementor-widget-container\">\n\t\t\t\t\t\t\t<p>Le contenu de ce site a \u00e9t\u00e9 cr\u00e9\u00e9 avec le plus grand soin. Toutefois, le fournisseur de ce site n'assume aucune responsabilit\u00e9 quant \u00e0 l'actualit\u00e9, l'exhaustivit\u00e9 et l'exactitude des pages et des contenus fournis. Le retrait ou le blocage de ces contenus a lieu imm\u00e9diatement apr\u00e8s avoir pris connaissance d'une violation concr\u00e8te de la loi. L'utilisation des contenus de ce site web se fait aux risques et p\u00e9rils de l'utilisateur. Le site web peut contenir des \"liens externes\" (hyperliens) vers d'autres sites web sur le contenu desquels le fournisseur de ce site n'a aucune influence. Le fournisseur de ce site n'est pas responsable de ces liens externes et de leur contenu. Le fournisseur respectif des sites est responsable du contenu et de l'exactitude des sites li\u00e9s et de leurs informations. Au moment de la mise en place des liens, aucune violation de la loi n'\u00e9tait apparente. Si nous avons connaissance d'une quelconque violation de la loi, nous supprimerons imm\u00e9diatement ces liens.<\/p>\t\t\t\t\t\t<\/div>\n\t\t\t\t<\/div>\n\t\t\t\t\t<\/div>\n\t\t<\/div>\n\t\t\t\t\t<\/div>\n\t\t<\/section>\n\t\t\t\t<\/div>","protected":false},"excerpt":{"rendered":"<p>Bondi AI Ltd Impressum Join us on a path to a lucrative future. Bondi AI Limited 1\/1A Telegraph Street London EC2R 7AR Represented by: Marco Pissarello Contact Details Tel: +44 (0)203 769 1349 Email: sales@bondi.ai, info@bondi.ai Commercial Registration Number:\u00a0#12778031 Registered in: England VAT Number:\u00a0362 0093 28 Disclaimer The contents of this site were created with [&hellip;]<\/p>","protected":false},"author":1,"featured_media":0,"parent":0,"menu_order":0,"comment_status":"closed","ping_status":"closed","template":"","meta":[],"yoast_head":"<!-- This site is optimized with the Yoast SEO plugin v20.8 - https:\/\/yoast.com\/wordpress\/plugins\/seo\/ -->\n<title>Imprint - Bondi Platform Ltd - Bondi AI Ltd<\/title>\n<meta name=\"robots\" content=\"noindex, follow, max-snippet:-1, max-image-preview:large, max-video-preview:-1\" \/>\n<meta property=\"og:locale\" content=\"fr_FR\" \/>\n<meta property=\"og:type\" content=\"article\" \/>\n<meta property=\"og:title\" content=\"Imprint - Bondi Platform Ltd - Bondi AI Ltd\" \/>\n<meta property=\"og:description\" content=\"Bondi AI Ltd Impressum Join us on a path to a lucrative future. Bondi AI Limited 1\/1A Telegraph Street London EC2R 7AR Represented by: Marco Pissarello Contact Details Tel: +44 (0)203 769 1349 Email: sales@bondi.ai, info@bondi.ai Commercial Registration Number:\u00a0#12778031 Registered in: England VAT Number:\u00a0362 0093 28 Disclaimer The contents of this site were created with [&hellip;]\" \/>\n<meta property=\"og:url\" content=\"https:\/\/bondi.ai\/fr\/imprint\/\" \/>\n<meta property=\"og:site_name\" content=\"Bondi AI Ltd\" \/>\n<meta property=\"article:publisher\" content=\"https:\/\/facebook.com\/bondisuite\" \/>\n<meta property=\"article:modified_time\" content=\"2023-07-13T14:34:45+00:00\" \/>\n<meta property=\"og:image\" content=\"https:\/\/bondi.ai\/wp-content\/uploads\/2021\/01\/domenico-loia-hGV2TfOh0ns-unsplash-scaled.jpg\" \/>\n\t<meta property=\"og:image:width\" content=\"2560\" \/>\n\t<meta property=\"og:image:height\" content=\"1707\" \/>\n\t<meta property=\"og:image:type\" content=\"image\/jpeg\" \/>\n<meta name=\"twitter:card\" content=\"summary_large_image\" \/>\n<meta name=\"twitter:site\" content=\"@bondisuite\" \/>\n<meta name=\"twitter:label1\" content=\"Dur\u00e9e de lecture estim\u00e9e\" \/>\n\t<meta name=\"twitter:data1\" content=\"1 minute\" \/>\n<script type=\"application\/ld+json\" class=\"yoast-schema-graph\">{\"@context\":\"https:\/\/schema.org\",\"@graph\":[{\"@type\":\"WebPage\",\"@id\":\"https:\/\/bondi.ai\/imprint\/\",\"url\":\"https:\/\/bondi.ai\/imprint\/\",\"name\":\"Imprint - Bondi Platform Ltd - Bondi AI Ltd\",\"isPartOf\":{\"@id\":\"https:\/\/bondi.ai\/#website\"},\"datePublished\":\"2021-01-29T15:58:03+00:00\",\"dateModified\":\"2023-07-13T14:34:45+00:00\",\"breadcrumb\":{\"@id\":\"https:\/\/bondi.ai\/imprint\/#breadcrumb\"},\"inLanguage\":\"fr-FR\",\"potentialAction\":[{\"@type\":\"ReadAction\",\"target\":[\"https:\/\/bondi.ai\/imprint\/\"]}]},{\"@type\":\"BreadcrumbList\",\"@id\":\"https:\/\/bondi.ai\/imprint\/#breadcrumb\",\"itemListElement\":[{\"@type\":\"ListItem\",\"position\":1,\"name\":\"Home\",\"item\":\"https:\/\/bondi.ai\/\"},{\"@type\":\"ListItem\",\"position\":2,\"name\":\"Imprint &#8211; Bondi Platform Ltd\"}]},{\"@type\":\"WebSite\",\"@id\":\"https:\/\/bondi.ai\/#website\",\"url\":\"https:\/\/bondi.ai\/\",\"name\":\"Bondi Platform Ltd\",\"description\":\"Secure digital systems and services that utilise smart technology.\",\"publisher\":{\"@id\":\"https:\/\/bondi.ai\/#organization\"},\"alternateName\":\"Bondisuite\",\"potentialAction\":[{\"@type\":\"SearchAction\",\"target\":{\"@type\":\"EntryPoint\",\"urlTemplate\":\"https:\/\/bondi.ai\/?s={search_term_string}\"},\"query-input\":\"required name=search_term_string\"}],\"inLanguage\":\"fr-FR\"},{\"@type\":\"Organization\",\"@id\":\"https:\/\/bondi.ai\/#organization\",\"name\":\"Bondi Platform Limited\",\"alternateName\":\"Bondisuite\",\"url\":\"https:\/\/bondi.ai\/\",\"logo\":{\"@type\":\"ImageObject\",\"inLanguage\":\"fr-FR\",\"@id\":\"https:\/\/bondi.ai\/#\/schema\/logo\/image\/\",\"url\":\"https:\/\/bondi.ai\/wp-content\/uploads\/2020\/12\/cropped-Bondi-Platform-450x273-1.png\",\"contentUrl\":\"https:\/\/bondi.ai\/wp-content\/uploads\/2020\/12\/cropped-Bondi-Platform-450x273-1.png\",\"width\":459,\"height\":271,\"caption\":\"Bondi Platform Limited\"},\"image\":{\"@id\":\"https:\/\/bondi.ai\/#\/schema\/logo\/image\/\"},\"sameAs\":[\"https:\/\/facebook.com\/bondisuite\",\"https:\/\/twitter.com\/bondisuite\",\"https:\/\/linkedin.com\/company\/bondi-platform-ltd\"]}]}<\/script>\n<!-- \/ Yoast SEO plugin. -->","yoast_head_json":{"title":"Imprint - Bondi Platform Ltd - Bondi AI Ltd","robots":{"index":"noindex","follow":"follow","max-snippet":"max-snippet:-1","max-image-preview":"max-image-preview:large","max-video-preview":"max-video-preview:-1"},"og_locale":"fr_FR","og_type":"article","og_title":"Imprint - Bondi Platform Ltd - Bondi AI Ltd","og_description":"Bondi AI Ltd Impressum Join us on a path to a lucrative future. Bondi AI Limited 1\/1A Telegraph Street London EC2R 7AR Represented by: Marco Pissarello Contact Details Tel: +44 (0)203 769 1349 Email: sales@bondi.ai, info@bondi.ai Commercial Registration Number:\u00a0#12778031 Registered in: England VAT Number:\u00a0362 0093 28 Disclaimer The contents of this site were created with [&hellip;]","og_url":"https:\/\/bondi.ai\/fr\/imprint\/","og_site_name":"Bondi AI Ltd","article_publisher":"https:\/\/facebook.com\/bondisuite","article_modified_time":"2023-07-13T14:34:45+00:00","og_image":[{"width":2560,"height":1707,"url":"https:\/\/bondi.ai\/wp-content\/uploads\/2021\/01\/domenico-loia-hGV2TfOh0ns-unsplash-scaled.jpg","type":"image\/jpeg"}],"twitter_card":"summary_large_image","twitter_site":"@bondisuite","twitter_misc":{"Dur\u00e9e de lecture estim\u00e9e":"1 minute"},"schema":{"@context":"https:\/\/schema.org","@graph":[{"@type":"WebPage","@id":"https:\/\/bondi.ai\/imprint\/","url":"https:\/\/bondi.ai\/imprint\/","name":"Imprint - Bondi Platform Ltd - Bondi AI Ltd","isPartOf":{"@id":"https:\/\/bondi.ai\/#website"},"datePublished":"2021-01-29T15:58:03+00:00","dateModified":"2023-07-13T14:34:45+00:00","breadcrumb":{"@id":"https:\/\/bondi.ai\/imprint\/#breadcrumb"},"inLanguage":"fr-FR","potentialAction":[{"@type":"ReadAction","target":["https:\/\/bondi.ai\/imprint\/"]}]},{"@type":"BreadcrumbList","@id":"https:\/\/bondi.ai\/imprint\/#breadcrumb","itemListElement":[{"@type":"ListItem","position":1,"name":"Home","item":"https:\/\/bondi.ai\/"},{"@type":"ListItem","position":2,"name":"Imprint &#8211; Bondi Platform Ltd"}]},{"@type":"WebSite","@id":"https:\/\/bondi.ai\/#website","url":"https:\/\/bondi.ai\/","name":"Bondi Platform Ltd","description":"Secure digital systems and services that utilise smart technology.","publisher":{"@id":"https:\/\/bondi.ai\/#organization"},"alternateName":"Bondisuite","potentialAction":[{"@type":"SearchAction","target":{"@type":"EntryPoint","urlTemplate":"https:\/\/bondi.ai\/?s={search_term_string}"},"query-input":"required name=search_term_string"}],"inLanguage":"fr-FR"},{"@type":"Organization","@id":"https:\/\/bondi.ai\/#organization","name":"Bondi Platform Limited","alternateName":"Bondisuite","url":"https:\/\/bondi.ai\/","logo":{"@type":"ImageObject","inLanguage":"fr-FR","@id":"https:\/\/bondi.ai\/#\/schema\/logo\/image\/","url":"https:\/\/bondi.ai\/wp-content\/uploads\/2020\/12\/cropped-Bondi-Platform-450x273-1.png","contentUrl":"https:\/\/bondi.ai\/wp-content\/uploads\/2020\/12\/cropped-Bondi-Platform-450x273-1.png","width":459,"height":271,"caption":"Bondi Platform Limited"},"image":{"@id":"https:\/\/bondi.ai\/#\/schema\/logo\/image\/"},"sameAs":["https:\/\/facebook.com\/bondisuite","https:\/\/twitter.com\/bondisuite","https:\/\/linkedin.com\/company\/bondi-platform-ltd"]}]}},"_links":{"self":[{"href":"https:\/\/bondi.ai\/fr\/wp-json\/wp\/v2\/pages\/2854"}],"collection":[{"href":"https:\/\/bondi.ai\/fr\/wp-json\/wp\/v2\/pages"}],"about":[{"href":"https:\/\/bondi.ai\/fr\/wp-json\/wp\/v2\/types\/page"}],"author":[{"embeddable":true,"href":"https:\/\/bondi.ai\/fr\/wp-json\/wp\/v2\/users\/1"}],"replies":[{"embeddable":true,"href":"https:\/\/bondi.ai\/fr\/wp-json\/wp\/v2\/comments?post=2854"}],"version-history":[{"count":22,"href":"https:\/\/bondi.ai\/fr\/wp-json\/wp\/v2\/pages\/2854\/revisions"}],"predecessor-version":[{"id":4215,"href":"https:\/\/bondi.ai\/fr\/wp-json\/wp\/v2\/pages\/2854\/revisions\/4215"}],"wp:attachment":[{"href":"https:\/\/bondi.ai\/fr\/wp-json\/wp\/v2\/media?parent=2854"}],"curies":[{"name":"wp","href":"https:\/\/api.w.org\/{rel}","templated":true}]}}