{"id":3,"date":"2020-11-23T22:41:58","date_gmt":"2020-11-23T22:41:58","guid":{"rendered":"https:\/\/bondiplatform.com\/?page_id=3"},"modified":"2023-07-13T11:12:52","modified_gmt":"2023-07-13T11:12:52","slug":"privacy-policy","status":"publish","type":"page","link":"https:\/\/bondi.ai\/fr\/privacy-policy\/","title":{"rendered":"Politique de confidentialit\u00e9"},"content":{"rendered":"<div data-elementor-type=\"wp-page\" data-elementor-id=\"3\" class=\"elementor elementor-3\" data-elementor-post-type=\"page\">\n\t\t\t\t\t\t<section class=\"has_eae_slider elementor-section elementor-top-section elementor-element elementor-element-7fc9b1a9 elementor-section-boxed elementor-section-height-default elementor-section-height-default\" data-eae-slider=\"6673\" data-id=\"7fc9b1a9\" data-element_type=\"section\" data-settings=\"{&quot;background_background&quot;:&quot;classic&quot;}\">\n\t\t\t\t\t\t<div class=\"elementor-container elementor-column-gap-default\">\n\t\t\t\t\t<div class=\"has_eae_slider elementor-column elementor-col-100 elementor-top-column elementor-element elementor-element-6ca6b6ef\" data-eae-slider=\"64497\" data-id=\"6ca6b6ef\" data-element_type=\"column\">\n\t\t\t<div class=\"elementor-widget-wrap elementor-element-populated\">\n\t\t\t\t\t\t<div class=\"elementor-element elementor-element-91e287d elementor-widget elementor-widget-heading\" data-id=\"91e287d\" data-element_type=\"widget\" data-widget_type=\"heading.default\">\n\t\t\t\t<div class=\"elementor-widget-container\">\n\t\t\t<h2 class=\"elementor-heading-title elementor-size-default\">Politique de confidentialit\u00e9<\/h2>\t\t<\/div>\n\t\t\t\t<\/div>\n\t\t\t\t<div class=\"elementor-element elementor-element-65aa54a2 elementor-widget elementor-widget-text-editor\" data-id=\"65aa54a2\" data-element_type=\"widget\" data-widget_type=\"text-editor.default\">\n\t\t\t\t<div class=\"elementor-widget-container\">\n\t\t\t\t\t\t\t<p><span style=\"font-weight: 400;\">L'internet est un outil extraordinaire. Il a le pouvoir de changer notre fa\u00e7on de vivre, et nous commen\u00e7ons \u00e0 voir ce potentiel aujourd'hui. En quelques clics de souris, vous pouvez suivre l'actualit\u00e9, rechercher des faits, acheter des biens et des services et communiquer avec d'autres personnes dans le monde entier. Il est important pour Bondi AI Ltd. d'aider ses clients \u00e0 pr\u00e9server leur vie priv\u00e9e lorsqu'ils profitent de tout ce qu'Internet a \u00e0 offrir.<\/span><\/p><p><span style=\"font-weight: 400;\">Nous pensons que votre entreprise n'appartient \u00e0 personne d'autre. Votre vie priv\u00e9e est importante pour vous et pour nous. C'est pourquoi nous prot\u00e9geons les informations que vous partagez avec nous. Pour prot\u00e9ger votre vie priv\u00e9e, Bondi AI Ltd. suit diff\u00e9rents principes conformes aux pratiques internationales en mati\u00e8re de protection de la vie priv\u00e9e et des donn\u00e9es des clients.<\/span><\/p><ul><li style=\"font-weight: 400;\" aria-level=\"1\"><span style=\"font-weight: 400;\">Nous ne vendrons ni ne donnerons votre nom, votre adresse postale, votre num\u00e9ro de t\u00e9l\u00e9phone, votre adresse \u00e9lectronique ou toute autre information \u00e0 qui que ce soit.<\/span><\/li><li style=\"font-weight: 400;\" aria-level=\"1\"><span style=\"font-weight: 400;\">Nous utiliserons des mesures de s\u00e9curit\u00e9 de pointe pour prot\u00e9ger vos informations contre les utilisateurs non autoris\u00e9s.<\/span><\/li><\/ul><h4><b>AVIS<\/b><\/h4><p><span style=\"font-weight: 400;\">Nous vous demanderons si nous avons besoin d'informations qui vous identifient personnellement (informations personnelles) ou qui nous permettent de vous contacter. En g\u00e9n\u00e9ral, ces informations sont demand\u00e9es lorsque vous cr\u00e9ez un identifiant d'enregistrement sur le site ou lorsque vous t\u00e9l\u00e9chargez un logiciel gratuit, participez \u00e0 un concours, commandez des bulletins d'information par courrier \u00e9lectronique ou rejoignez un site premium \u00e0 acc\u00e8s limit\u00e9. Nous utilisons vos informations personnelles \u00e0 quatre fins principales :<\/span><\/p><ul><li style=\"font-weight: 400;\" aria-level=\"1\"><span style=\"font-weight: 400;\">\u00a0Faciliter l'utilisation du site en \u00e9vitant de devoir saisir les informations plus d'une fois.<\/span><\/li><li style=\"font-weight: 400;\" aria-level=\"1\"><span style=\"font-weight: 400;\">Pour vous aider \u00e0 trouver rapidement des logiciels, des services ou des informations.<\/span><\/li><li style=\"font-weight: 400;\" aria-level=\"1\"><span style=\"font-weight: 400;\">\u00a0Pour nous aider \u00e0 cr\u00e9er le contenu le plus pertinent pour vous.<\/span><\/li><li style=\"font-weight: 400;\" aria-level=\"1\"><span style=\"font-weight: 400;\">Pour vous avertir des mises \u00e0 jour de produits, des offres sp\u00e9ciales, des informations actualis\u00e9es et d'autres nouveaux services de Bondi AI Ltd.<\/span><\/li><\/ul><h4><b>CONSENTEMENT<\/b><\/h4><p><span style=\"font-weight: 400;\">Si vous choisissez de ne pas vous inscrire ou de ne pas fournir d'informations personnelles, vous pouvez quand m\u00eame utiliser la plupart des services de BondiSuite. Mais vous ne pourrez pas acc\u00e9der aux zones qui n\u00e9cessitent un enregistrement.<\/span><\/p><p><span style=\"font-weight: 400;\">Si vous d\u00e9cidez de vous inscrire, vous pourrez s\u00e9lectionner les types d'informations que vous souhaitez recevoir de notre part en vous abonnant \u00e0 divers services, tels que nos bulletins d'information \u00e9lectroniques. Si vous ne souhaitez pas que nous communiquions avec vous au sujet d'autres offres concernant les produits, programmes, \u00e9v\u00e9nements ou services de Bondi AI Ltd. par courrier \u00e9lectronique, courrier postal ou t\u00e9l\u00e9phone, vous pouvez s\u00e9lectionner l'option indiquant que vous ne souhaitez pas recevoir de messages marketing de la part de Bondi AI Ltd.<\/span><\/p><p><span style=\"font-weight: 400;\">Bondi AI Ltd. autorise occasionnellement d'autres entreprises \u00e0 proposer \u00e0 ses clients enregistr\u00e9s des informations sur leurs produits et services, uniquement par courrier postal. Si vous ne souhaitez pas recevoir ces offres, vous pouvez s\u00e9lectionner l'option indiquant que vous ne souhaitez pas recevoir de mat\u00e9riel de marketing de la part de tiers.<\/span><\/p><h4><b>ACC\u00c8S<\/b><\/h4><p><span style=\"font-weight: 400;\">Nous vous donnerons les moyens de vous assurer que vos informations personnelles sont correctes et actuelles. Vous pouvez consulter et mettre \u00e0 jour ces informations \u00e0 tout moment au Centre des visiteurs. L\u00e0, vous pouvez :<\/span><\/p><ul><li style=\"font-weight: 400;\" aria-level=\"1\"><span style=\"font-weight: 400;\">Consultez et modifiez les informations personnelles que vous nous avez d\u00e9j\u00e0 communiqu\u00e9es.<\/span><\/li><li style=\"font-weight: 400;\" aria-level=\"1\"><span style=\"font-weight: 400;\">Dites-nous si vous voulez que nous vous envoyions des informations commerciales ou si vous voulez que des tiers vous envoient leurs offres par courrier postal.<\/span><\/li><li style=\"font-weight: 400;\" aria-level=\"1\"><span style=\"font-weight: 400;\">Inscrivez-vous aux bulletins d'information \u00e9lectroniques sur nos services et produits.<\/span><\/li><li style=\"font-weight: 400;\" aria-level=\"1\"><span style=\"font-weight: 400;\">Registre. Une fois inscrit, vous n'aurez plus besoin de le faire. O\u00f9 que vous alliez sur BondiSuite, vos informations restent avec vous.<\/span><\/li><\/ul><h4><b>S\u00c9CURIT\u00c9<\/b><\/h4><p><span style=\"font-weight: 400;\">Bondi AI Ltd. a pris des mesures \u00e9nergiques pour prot\u00e9ger la s\u00e9curit\u00e9 de vos informations personnelles et pour veiller \u00e0 ce que vos choix quant \u00e0 l'utilisation qui en est faite soient respect\u00e9s. Nous prenons des pr\u00e9cautions importantes pour prot\u00e9ger vos donn\u00e9es contre la perte, l'utilisation abusive, l'acc\u00e8s ou la divulgation non autoris\u00e9s, l'alt\u00e9ration ou la destruction.<\/span><\/p><p><span style=\"font-weight: 400;\">Nous vous garantissons que vos transactions de commerce \u00e9lectronique seront 100% s\u00fbres et s\u00e9curis\u00e9es. Lorsque vous passez des commandes ou acc\u00e9dez aux informations de votre compte personnel, vous utilisez un logiciel de serveur s\u00e9curis\u00e9 SSL, qui crypte vos informations personnelles avant qu'elles ne soient envoy\u00e9es sur Internet. Le protocole SSL est l'une des technologies de cryptage les plus s\u00fbres qui existent.<\/span><\/p><p><span style=\"font-weight: 400;\">En outre, vos transactions sont garanties en vertu de la loi sur la facturation \u00e9quitable du cr\u00e9dit. Cette loi stipule que votre banque ne peut pas vous tenir responsable de plus de $50.00 de frais de carte de cr\u00e9dit frauduleux. Si votre banque vous tient pour responsable de $50.00 ou moins, nous couvrirons votre responsabilit\u00e9 \u00e0 condition que l'utilisation non autoris\u00e9e et frauduleuse de votre carte de cr\u00e9dit ne r\u00e9sulte d'aucune faute de votre part et des achats effectu\u00e9s chez nous sur notre serveur s\u00e9curis\u00e9. En cas d'utilisation non autoris\u00e9e de votre carte de cr\u00e9dit, vous devez en informer votre fournisseur de carte de cr\u00e9dit conform\u00e9ment \u00e0 ses r\u00e8gles et proc\u00e9dures de signalement.<\/span><\/p><p><span style=\"font-weight: 400;\">Bondi AI Ltd. prot\u00e8ge strictement la s\u00e9curit\u00e9 de vos informations personnelles et respecte vos choix quant \u00e0 leur utilisation. Nous prot\u00e9geons soigneusement vos donn\u00e9es contre la perte, l'utilisation abusive, l'acc\u00e8s ou la divulgation non autoris\u00e9s, l'alt\u00e9ration ou la destruction.<\/span><\/p><p><span style=\"font-weight: 400;\">Vos informations personnelles ne sont jamais communiqu\u00e9es \u00e0 l'ext\u00e9rieur de l'entreprise sans votre autorisation, sauf dans les conditions expliqu\u00e9es ci-dessus. Au sein de l'entreprise, les donn\u00e9es sont stock\u00e9es dans des serveurs contr\u00f4l\u00e9s par mot de passe et dont l'acc\u00e8s est limit\u00e9. Vos informations peuvent \u00eatre stock\u00e9es et trait\u00e9es dans ou dans tout autre pays o\u00f9 Bondi AI Ltd. ses filiales, affili\u00e9s ou agents sont situ\u00e9s.<\/span><\/p><p><span style=\"font-weight: 400;\">Vous avez \u00e9galement un r\u00f4le important \u00e0 jouer dans la protection de vos informations. Personne ne peut voir ou modifier vos informations personnelles sans conna\u00eetre votre nom d'utilisateur et votre mot de passe, donc ne les partagez pas avec d'autres.<\/span><\/p><h4><b>AVIS AUX PARENTS<\/b><\/h4><p><span style=\"font-weight: 400;\">Parents ou tuteurs : nous voulons vous aider \u00e0 prot\u00e9ger la vie priv\u00e9e de vos enfants. Nous vous encourageons \u00e0 parler \u00e0 vos enfants de l'utilisation s\u00fbre et responsable de leurs informations personnelles lorsqu'ils utilisent l'internet.<\/span><\/p><p><span style=\"font-weight: 400;\">Le site de Bondi AI Ltd. ne publie pas de contenu destin\u00e9 aux enfants. Toutefois, si vous craignez que vos enfants ne fournissent \u00e0 Bondi AI Ltd. des informations personnelles sans votre consentement, Bondi AI Ltd. supprimera toutes les donn\u00e9es sur demande, en envoyant un courriel \u00e0 info@bondiai.com.<\/span><\/p><h4><b>ENFORCEMENT<\/b><\/h4><p><span style=\"font-weight: 400;\">Si, pour une raison quelconque, vous estimez que Bondi AI Ltd. n'a pas respect\u00e9 ces principes, veuillez nous en informer par courrier \u00e9lectronique \u00e0 l'adresse , et nous ferons de notre mieux pour d\u00e9terminer et corriger le probl\u00e8me dans les plus brefs d\u00e9lais. Veillez \u00e0 ce que les mots \"Politique de confidentialit\u00e9\" figurent dans la ligne \"Objet\".<\/span><\/p><h4><b>L'ENREGISTREMENT \u00c9LECTRONIQUE DES PRODUITS<\/b><\/h4><p><span style=\"font-weight: 400;\">Lorsque vous achetez et installez un nouveau produit, nous pouvons vous demander d'enregistrer votre achat par voie \u00e9lectronique. Lorsque vous le faites, nous fusionnons vos informations d'enregistrement avec toutes les informations que vous nous avez d\u00e9j\u00e0 laiss\u00e9es (nous appelons ces informations votre profil personnel). Si vous ne vous \u00eates pas encore enregistr\u00e9 chez nous, nous cr\u00e9ons un profil personnel pour vous \u00e0 partir des informations d'enregistrement de votre produit. Si vous souhaitez revoir ou mettre \u00e0 jour ces informations, vous pouvez visiter le Centre de profil, cliquer sur Mettre \u00e0 jour le profil, et modifier les informations personnelles de votre profil. Si vous n'avez pas encore cr\u00e9\u00e9 un identifiant d'enregistrement, nous vous demanderons de le faire. Cela garantit que vous seul pouvez acc\u00e9der \u00e0 vos informations.<\/span><\/p><h4><b>PROFILS DE CLIENTS<\/b><\/h4><p><span style=\"font-weight: 400;\">Comme mentionn\u00e9 ci-dessus, chaque client enregistr\u00e9 a un profil personnel unique. Chaque profil se voit attribuer un num\u00e9ro d'identification personnel unique, ce qui nous permet de nous assurer que vous seul pouvez acc\u00e9der \u00e0 votre profil.<\/span><\/p><p><span style=\"font-weight: 400;\">Lorsque vous vous inscrivez, nous cr\u00e9ons votre profil, nous vous attribuons un num\u00e9ro d'identification personnel, puis nous renvoyons ce num\u00e9ro d'identification personnel sur votre disque dur sous la forme d'un cookie, qui est un tout petit bout de code. Ce code est uniquement le v\u00f4tre. C'est votre passeport pour voyager en toute transparence dans BondiSuite, vous permettant de t\u00e9l\u00e9charger des logiciels gratuits, de commander des bulletins d'information gratuits et de visiter des sites premium sans avoir \u00e0 remplir des formulaires d'inscription avec des informations que vous avez d\u00e9j\u00e0 fournies. M\u00eame si vous changez d'ordinateur, vous n'aurez pas besoin de vous r\u00e9inscrire - il vous suffit d'utiliser votre code d'inscription pour vous identifier.<\/span><\/p><h4><b>CE QUE NOUS FAISONS AVEC LES INFORMATIONS QUE VOUS PARTAGEZ<\/b><\/h4><p><span style=\"font-weight: 400;\">Lorsque vous nous rejoignez, vous nous fournissez vos coordonn\u00e9es, y compris votre nom et votre adresse \u00e9lectronique. Nous utilisons ces informations pour vous envoyer des mises \u00e0 jour sur votre commande, des questionnaires pour mesurer votre satisfaction par rapport \u00e0 notre service et des annonces sur les nouveaux services que nous offrons. Lorsque vous commandez chez nous, nous vous demandons votre num\u00e9ro de carte de cr\u00e9dit et votre adresse de facturation. Nous utilisons ces informations uniquement pour vous facturer le(s) produit(s) que vous commandez \u00e0 ce moment-l\u00e0. Pour votre confort, nous enregistrons les informations de facturation au cas o\u00f9 vous voudriez passer une nouvelle commande, mais nous n'utilisons pas ces informations une nouvelle fois sans votre autorisation.<\/span><\/p><p><span style=\"font-weight: 400;\">Nous engageons occasionnellement d'autres entreprises pour fournir des services limit\u00e9s en notre nom, notamment l'emballage, l'envoi et la livraison des achats, la r\u00e9ponse aux questions des clients sur les produits ou les services, l'envoi du courrier postal et le traitement des inscriptions aux \u00e9v\u00e9nements. Nous ne fournissons \u00e0 ces entreprises que les informations dont elles ont besoin pour fournir le service, et il leur est interdit d'utiliser ces informations \u00e0 d'autres fins.<\/span><\/p><p><span style=\"font-weight: 400;\">Bondi AI Ltd. divulguera vos informations personnelles, sans pr\u00e9avis, uniquement si la loi l'exige ou si elle estime de bonne foi qu'une telle action est n\u00e9cessaire pour : (a) se conformer aux \u00e9dits de la loi ou se conformer \u00e0 la proc\u00e9dure l\u00e9gale signifi\u00e9e \u00e0 Bondi AI Ltd. ou au site ; (b) prot\u00e9ger et d\u00e9fendre les droits ou la propri\u00e9t\u00e9 de Bondi AI Ltd. et de sa famille de sites web, et, (c) agir dans des circonstances urgentes pour prot\u00e9ger la s\u00e9curit\u00e9 personnelle des utilisateurs de Bondi AI Ltd., de ses sites web, ou du public.<\/span><\/p>\t\t\t\t\t\t<\/div>\n\t\t\t\t<\/div>\n\t\t\t\t\t<\/div>\n\t\t<\/div>\n\t\t\t\t\t<\/div>\n\t\t<\/section>\n\t\t\t\t<\/div>","protected":false},"excerpt":{"rendered":"<p>Politique de confidentialit\u00e9 L'internet est un outil extraordinaire. Il a le pouvoir de changer notre fa\u00e7on de vivre, et nous commen\u00e7ons \u00e0 voir ce potentiel aujourd'hui. En quelques clics de souris, vous pouvez suivre l'actualit\u00e9, rechercher des faits, acheter des biens et des services et communiquer avec d'autres personnes dans le monde entier. Il est important pour Bondi [...]<\/p>","protected":false},"author":1,"featured_media":0,"parent":0,"menu_order":0,"comment_status":"closed","ping_status":"closed","template":"","meta":[],"yoast_head":"<!-- This site is optimized with the Yoast SEO plugin v20.8 - https:\/\/yoast.com\/wordpress\/plugins\/seo\/ -->\n<title>Privacy Policy - Bondi AI Ltd<\/title>\n<meta name=\"robots\" content=\"noindex, follow, max-snippet:-1, max-image-preview:large, max-video-preview:-1\" \/>\n<meta property=\"og:locale\" content=\"fr_FR\" \/>\n<meta property=\"og:type\" content=\"article\" \/>\n<meta property=\"og:title\" content=\"Privacy Policy - Bondi AI Ltd\" \/>\n<meta property=\"og:description\" content=\"Privacy Policy The Internet is an amazing tool. It has the power to change the way we live, and we\u2019re starting to see that potential today. With only a few mouse-clicks, you can follow the news, look up facts, buy goods and services, and communicate with others from around the world. It\u2019s important to Bondi [&hellip;]\" \/>\n<meta property=\"og:url\" content=\"https:\/\/bondi.ai\/fr\/privacy-policy\/\" \/>\n<meta property=\"og:site_name\" content=\"Bondi AI Ltd\" \/>\n<meta property=\"article:publisher\" content=\"https:\/\/facebook.com\/bondisuite\" \/>\n<meta property=\"article:modified_time\" content=\"2023-07-13T11:12:52+00:00\" \/>\n<meta property=\"og:image\" content=\"https:\/\/bondi.ai\/wp-content\/uploads\/2021\/01\/domenico-loia-hGV2TfOh0ns-unsplash-scaled.jpg\" \/>\n\t<meta property=\"og:image:width\" content=\"2560\" \/>\n\t<meta property=\"og:image:height\" content=\"1707\" \/>\n\t<meta property=\"og:image:type\" content=\"image\/jpeg\" \/>\n<meta name=\"twitter:card\" content=\"summary_large_image\" \/>\n<meta name=\"twitter:site\" content=\"@bondisuite\" \/>\n<meta name=\"twitter:label1\" content=\"Dur\u00e9e de lecture estim\u00e9e\" \/>\n\t<meta name=\"twitter:data1\" content=\"7 minutes\" \/>\n<script type=\"application\/ld+json\" class=\"yoast-schema-graph\">{\"@context\":\"https:\/\/schema.org\",\"@graph\":[{\"@type\":\"WebPage\",\"@id\":\"https:\/\/bondi.ai\/privacy-policy\/\",\"url\":\"https:\/\/bondi.ai\/privacy-policy\/\",\"name\":\"Privacy Policy - Bondi AI Ltd\",\"isPartOf\":{\"@id\":\"https:\/\/bondi.ai\/#website\"},\"datePublished\":\"2020-11-23T22:41:58+00:00\",\"dateModified\":\"2023-07-13T11:12:52+00:00\",\"breadcrumb\":{\"@id\":\"https:\/\/bondi.ai\/privacy-policy\/#breadcrumb\"},\"inLanguage\":\"fr-FR\",\"potentialAction\":[{\"@type\":\"ReadAction\",\"target\":[\"https:\/\/bondi.ai\/privacy-policy\/\"]}]},{\"@type\":\"BreadcrumbList\",\"@id\":\"https:\/\/bondi.ai\/privacy-policy\/#breadcrumb\",\"itemListElement\":[{\"@type\":\"ListItem\",\"position\":1,\"name\":\"Home\",\"item\":\"https:\/\/bondi.ai\/\"},{\"@type\":\"ListItem\",\"position\":2,\"name\":\"Privacy Policy\"}]},{\"@type\":\"WebSite\",\"@id\":\"https:\/\/bondi.ai\/#website\",\"url\":\"https:\/\/bondi.ai\/\",\"name\":\"Bondi Platform Ltd\",\"description\":\"Secure digital systems and services that utilise smart technology.\",\"publisher\":{\"@id\":\"https:\/\/bondi.ai\/#organization\"},\"alternateName\":\"Bondisuite\",\"potentialAction\":[{\"@type\":\"SearchAction\",\"target\":{\"@type\":\"EntryPoint\",\"urlTemplate\":\"https:\/\/bondi.ai\/?s={search_term_string}\"},\"query-input\":\"required name=search_term_string\"}],\"inLanguage\":\"fr-FR\"},{\"@type\":\"Organization\",\"@id\":\"https:\/\/bondi.ai\/#organization\",\"name\":\"Bondi Platform Limited\",\"alternateName\":\"Bondisuite\",\"url\":\"https:\/\/bondi.ai\/\",\"logo\":{\"@type\":\"ImageObject\",\"inLanguage\":\"fr-FR\",\"@id\":\"https:\/\/bondi.ai\/#\/schema\/logo\/image\/\",\"url\":\"https:\/\/bondi.ai\/wp-content\/uploads\/2020\/12\/cropped-Bondi-Platform-450x273-1.png\",\"contentUrl\":\"https:\/\/bondi.ai\/wp-content\/uploads\/2020\/12\/cropped-Bondi-Platform-450x273-1.png\",\"width\":459,\"height\":271,\"caption\":\"Bondi Platform Limited\"},\"image\":{\"@id\":\"https:\/\/bondi.ai\/#\/schema\/logo\/image\/\"},\"sameAs\":[\"https:\/\/facebook.com\/bondisuite\",\"https:\/\/twitter.com\/bondisuite\",\"https:\/\/linkedin.com\/company\/bondi-platform-ltd\"]}]}<\/script>\n<!-- \/ Yoast SEO plugin. -->","yoast_head_json":{"title":"Privacy Policy - Bondi AI Ltd","robots":{"index":"noindex","follow":"follow","max-snippet":"max-snippet:-1","max-image-preview":"max-image-preview:large","max-video-preview":"max-video-preview:-1"},"og_locale":"fr_FR","og_type":"article","og_title":"Privacy Policy - Bondi AI Ltd","og_description":"Privacy Policy The Internet is an amazing tool. It has the power to change the way we live, and we\u2019re starting to see that potential today. With only a few mouse-clicks, you can follow the news, look up facts, buy goods and services, and communicate with others from around the world. It\u2019s important to Bondi [&hellip;]","og_url":"https:\/\/bondi.ai\/fr\/privacy-policy\/","og_site_name":"Bondi AI Ltd","article_publisher":"https:\/\/facebook.com\/bondisuite","article_modified_time":"2023-07-13T11:12:52+00:00","og_image":[{"width":2560,"height":1707,"url":"https:\/\/bondi.ai\/wp-content\/uploads\/2021\/01\/domenico-loia-hGV2TfOh0ns-unsplash-scaled.jpg","type":"image\/jpeg"}],"twitter_card":"summary_large_image","twitter_site":"@bondisuite","twitter_misc":{"Dur\u00e9e de lecture estim\u00e9e":"7 minutes"},"schema":{"@context":"https:\/\/schema.org","@graph":[{"@type":"WebPage","@id":"https:\/\/bondi.ai\/privacy-policy\/","url":"https:\/\/bondi.ai\/privacy-policy\/","name":"Privacy Policy - Bondi AI Ltd","isPartOf":{"@id":"https:\/\/bondi.ai\/#website"},"datePublished":"2020-11-23T22:41:58+00:00","dateModified":"2023-07-13T11:12:52+00:00","breadcrumb":{"@id":"https:\/\/bondi.ai\/privacy-policy\/#breadcrumb"},"inLanguage":"fr-FR","potentialAction":[{"@type":"ReadAction","target":["https:\/\/bondi.ai\/privacy-policy\/"]}]},{"@type":"BreadcrumbList","@id":"https:\/\/bondi.ai\/privacy-policy\/#breadcrumb","itemListElement":[{"@type":"ListItem","position":1,"name":"Home","item":"https:\/\/bondi.ai\/"},{"@type":"ListItem","position":2,"name":"Privacy Policy"}]},{"@type":"WebSite","@id":"https:\/\/bondi.ai\/#website","url":"https:\/\/bondi.ai\/","name":"Bondi Platform Ltd","description":"Secure digital systems and services that utilise smart technology.","publisher":{"@id":"https:\/\/bondi.ai\/#organization"},"alternateName":"Bondisuite","potentialAction":[{"@type":"SearchAction","target":{"@type":"EntryPoint","urlTemplate":"https:\/\/bondi.ai\/?s={search_term_string}"},"query-input":"required name=search_term_string"}],"inLanguage":"fr-FR"},{"@type":"Organization","@id":"https:\/\/bondi.ai\/#organization","name":"Bondi Platform Limited","alternateName":"Bondisuite","url":"https:\/\/bondi.ai\/","logo":{"@type":"ImageObject","inLanguage":"fr-FR","@id":"https:\/\/bondi.ai\/#\/schema\/logo\/image\/","url":"https:\/\/bondi.ai\/wp-content\/uploads\/2020\/12\/cropped-Bondi-Platform-450x273-1.png","contentUrl":"https:\/\/bondi.ai\/wp-content\/uploads\/2020\/12\/cropped-Bondi-Platform-450x273-1.png","width":459,"height":271,"caption":"Bondi Platform Limited"},"image":{"@id":"https:\/\/bondi.ai\/#\/schema\/logo\/image\/"},"sameAs":["https:\/\/facebook.com\/bondisuite","https:\/\/twitter.com\/bondisuite","https:\/\/linkedin.com\/company\/bondi-platform-ltd"]}]}},"_links":{"self":[{"href":"https:\/\/bondi.ai\/fr\/wp-json\/wp\/v2\/pages\/3"}],"collection":[{"href":"https:\/\/bondi.ai\/fr\/wp-json\/wp\/v2\/pages"}],"about":[{"href":"https:\/\/bondi.ai\/fr\/wp-json\/wp\/v2\/types\/page"}],"author":[{"embeddable":true,"href":"https:\/\/bondi.ai\/fr\/wp-json\/wp\/v2\/users\/1"}],"replies":[{"embeddable":true,"href":"https:\/\/bondi.ai\/fr\/wp-json\/wp\/v2\/comments?post=3"}],"version-history":[{"count":36,"href":"https:\/\/bondi.ai\/fr\/wp-json\/wp\/v2\/pages\/3\/revisions"}],"predecessor-version":[{"id":4194,"href":"https:\/\/bondi.ai\/fr\/wp-json\/wp\/v2\/pages\/3\/revisions\/4194"}],"wp:attachment":[{"href":"https:\/\/bondi.ai\/fr\/wp-json\/wp\/v2\/media?parent=3"}],"curies":[{"name":"wp","href":"https:\/\/api.w.org\/{rel}","templated":true}]}}