{"id":922,"date":"2021-01-06T15:17:47","date_gmt":"2021-01-06T15:17:47","guid":{"rendered":"https:\/\/bondiplatform.com\/?page_id=922"},"modified":"2023-04-12T15:49:38","modified_gmt":"2023-04-12T15:49:38","slug":"careers","status":"publish","type":"page","link":"https:\/\/bondi.ai\/fr\/careers\/","title":{"rendered":"Carri\u00e8res - Emplois \u00e0 Bondi Platform"},"content":{"rendered":"<div data-elementor-type=\"wp-page\" data-elementor-id=\"922\" class=\"elementor elementor-922\" data-elementor-post-type=\"page\">\n\t\t\t\t\t\t<section class=\"has_eae_slider elementor-section elementor-top-section elementor-element elementor-element-5ebb2c80 elementor-section-content-middle elementor-section-boxed elementor-section-height-default elementor-section-height-default\" data-eae-slider=\"16427\" data-id=\"5ebb2c80\" data-element_type=\"section\" data-settings=\"{&quot;background_background&quot;:&quot;classic&quot;}\">\n\t\t\t\t\t\t<div class=\"elementor-container elementor-column-gap-no\">\n\t\t\t\t\t<div class=\"has_eae_slider elementor-column elementor-col-100 elementor-top-column elementor-element elementor-element-5682b1d\" data-eae-slider=\"30690\" data-id=\"5682b1d\" data-element_type=\"column\">\n\t\t\t<div class=\"elementor-widget-wrap elementor-element-populated\">\n\t\t\t\t\t\t<div class=\"elementor-element elementor-element-6d1e603b elementor-widget elementor-widget-heading\" data-id=\"6d1e603b\" data-element_type=\"widget\" data-widget_type=\"heading.default\">\n\t\t\t\t<div class=\"elementor-widget-container\">\n\t\t\t<h4 class=\"elementor-heading-title elementor-size-default\">Notre entreprise est un collectif de personnes extraordinaires qui s'efforcent de cr\u00e9er des produits d\u00e9licieux.<\/h4>\t\t<\/div>\n\t\t\t\t<\/div>\n\t\t\t\t<div class=\"elementor-element elementor-element-4bd9d921 elementor-widget elementor-widget-text-editor\" data-id=\"4bd9d921\" data-element_type=\"widget\" data-widget_type=\"text-editor.default\">\n\t\t\t\t<div class=\"elementor-widget-container\">\n\t\t\t\t\t\t\t<p>Vous \u00eates \u00e0 la recherche d'une carri\u00e8re stimulante et gratifiante dans le domaine de la technologie et de la s\u00e9curit\u00e9 Internet ? Ne cherchez pas plus loin que notre entreprise ! Nous sommes une \u00e9quipe de professionnels innovants et d\u00e9vou\u00e9s, passionn\u00e9s par la fourniture de solutions technologiques et de s\u00e9curit\u00e9 de pointe \u00e0 nos clients. Que vous soyez un professionnel exp\u00e9riment\u00e9 ou que vous d\u00e9butiez votre carri\u00e8re, nous vous offrons toute une s\u00e9rie d'opportunit\u00e9s pour vous aider \u00e0 vous d\u00e9velopper et \u00e0 prosp\u00e9rer. Rejoignez-nous et faites partie d'une \u00e9quipe dynamique et solidaire, o\u00f9 vos talents seront reconnus et r\u00e9compens\u00e9s. Posez votre candidature d\u00e8s aujourd'hui et faites le premier pas vers une carri\u00e8re passionnante et \u00e9panouissante.<\/p>\t\t\t\t\t\t<\/div>\n\t\t\t\t<\/div>\n\t\t\t\t<section class=\"has_eae_slider elementor-section elementor-inner-section elementor-element elementor-element-eb576c8 elementor-section-content-middle elementor-section-boxed elementor-section-height-default elementor-section-height-default\" data-eae-slider=\"76296\" data-id=\"eb576c8\" data-element_type=\"section\">\n\t\t\t\t\t\t<div class=\"elementor-container elementor-column-gap-no\">\n\t\t\t\t\t<div class=\"has_eae_slider elementor-column elementor-col-100 elementor-inner-column elementor-element elementor-element-178aec93\" data-eae-slider=\"61770\" data-id=\"178aec93\" data-element_type=\"column\">\n\t\t\t<div class=\"elementor-widget-wrap elementor-element-populated\">\n\t\t\t\t\t\t<div class=\"elementor-element elementor-element-10e77b37 elementor-widget elementor-widget-toggle\" data-id=\"10e77b37\" data-element_type=\"widget\" data-widget_type=\"toggle.default\">\n\t\t\t\t<div class=\"elementor-widget-container\">\n\t\t\t\t\t<div class=\"elementor-toggle\">\n\t\t\t\t\t\t\t<div class=\"elementor-toggle-item\">\n\t\t\t\t\t<div id=\"elementor-tab-title-2831\" class=\"elementor-tab-title\" data-tab=\"1\" role=\"button\" aria-controls=\"elementor-tab-content-2831\" aria-expanded=\"false\">\n\t\t\t\t\t\t\t\t\t\t\t\t<span class=\"elementor-toggle-icon elementor-toggle-icon-left\" aria-hidden=\"true\">\n\t\t\t\t\t\t\t\t\t\t\t\t\t\t\t<span class=\"elementor-toggle-icon-closed\"><svg class=\"e-font-icon-svg e-fas-caret-right\" viewbox=\"0 0 192 512\" xmlns=\"http:\/\/www.w3.org\/2000\/svg\"><path d=\"M0 384.662V127.338c0-17.818 21.543-26.741 34.142-14.142l128.662 128.662c7.81 7.81 7.81 20.474 0 28.284L34.142 398.804C21.543 411.404 0 402.48 0 384.662z\"><\/path><\/svg><\/span>\n\t\t\t\t\t\t\t\t<span class=\"elementor-toggle-icon-opened\"><svg class=\"elementor-toggle-icon-opened e-font-icon-svg e-fas-caret-up\" viewbox=\"0 0 320 512\" xmlns=\"http:\/\/www.w3.org\/2000\/svg\"><path d=\"M288.662 352H31.338c-17.818 0-26.741-21.543-14.142-34.142l128.662-128.662c7.81-7.81 20.474-7.81 28.284 0l128.662 128.662c12.6 12.599 3.676 34.142-14.142 34.142z\"><\/path><\/svg><\/span>\n\t\t\t\t\t\t\t\t\t\t\t\t\t<\/span>\n\t\t\t\t\t\t\t\t\t\t\t\t<a class=\"elementor-toggle-title\" tabindex=\"0\">Directeur des ventes<\/a>\n\t\t\t\t\t<\/div>\n\n\t\t\t\t\t<div id=\"elementor-tab-content-2831\" class=\"elementor-tab-content elementor-clearfix\" data-tab=\"1\" role=\"region\" aria-labelledby=\"elementor-tab-title-2831\"><p>En tant que responsable des ventes, vous serez charg\u00e9 de stimuler les ventes de produits et de services sur notre site web. Vous travaillerez en \u00e9troite collaboration avec nos \u00e9quipes de d\u00e9veloppement de produits et de marketing afin d'\u00e9laborer des strat\u00e9gies visant \u00e0 accro\u00eetre le chiffre d'affaires et la part de march\u00e9. En outre, vous superviserez l'\u00e9quipe de vente, en fournissant des conseils et un soutien pour garantir la r\u00e9alisation des objectifs de vente. Vous \u00e9tablirez \u00e9galement des relations avec des clients cl\u00e9s, en identifiant leurs besoins et en fournissant des solutions qui r\u00e9pondent \u00e0 leurs exigences. Le candidat id\u00e9al poss\u00e8de une solide formation technique, d'excellentes comp\u00e9tences en mati\u00e8re de communication et de leadership, ainsi qu'une exp\u00e9rience r\u00e9ussie dans le domaine de la vente. Veuillez envoyer votre lettre de motivation et votre CV \u00e0 <a href=\"mailto:info@bondivoice.com\">info@bondivoice.com<\/a>.\u00a0<\/p><\/div>\n\t\t\t\t<\/div>\n\t\t\t\t\t\t\t<div class=\"elementor-toggle-item\">\n\t\t\t\t\t<div id=\"elementor-tab-title-2832\" class=\"elementor-tab-title\" data-tab=\"2\" role=\"button\" aria-controls=\"elementor-tab-content-2832\" aria-expanded=\"false\">\n\t\t\t\t\t\t\t\t\t\t\t\t<span class=\"elementor-toggle-icon elementor-toggle-icon-left\" aria-hidden=\"true\">\n\t\t\t\t\t\t\t\t\t\t\t\t\t\t\t<span class=\"elementor-toggle-icon-closed\"><svg class=\"e-font-icon-svg e-fas-caret-right\" viewbox=\"0 0 192 512\" xmlns=\"http:\/\/www.w3.org\/2000\/svg\"><path d=\"M0 384.662V127.338c0-17.818 21.543-26.741 34.142-14.142l128.662 128.662c7.81 7.81 7.81 20.474 0 28.284L34.142 398.804C21.543 411.404 0 402.48 0 384.662z\"><\/path><\/svg><\/span>\n\t\t\t\t\t\t\t\t<span class=\"elementor-toggle-icon-opened\"><svg class=\"elementor-toggle-icon-opened e-font-icon-svg e-fas-caret-up\" viewbox=\"0 0 320 512\" xmlns=\"http:\/\/www.w3.org\/2000\/svg\"><path d=\"M288.662 352H31.338c-17.818 0-26.741-21.543-14.142-34.142l128.662-128.662c7.81-7.81 20.474-7.81 28.284 0l128.662 128.662c12.6 12.599 3.676 34.142-14.142 34.142z\"><\/path><\/svg><\/span>\n\t\t\t\t\t\t\t\t\t\t\t\t\t<\/span>\n\t\t\t\t\t\t\t\t\t\t\t\t<a class=\"elementor-toggle-title\" tabindex=\"0\">Repr\u00e9sentant des ventes<\/a>\n\t\t\t\t\t<\/div>\n\n\t\t\t\t\t<div id=\"elementor-tab-content-2832\" class=\"elementor-tab-content elementor-clearfix\" data-tab=\"2\" role=\"region\" aria-labelledby=\"elementor-tab-title-2832\"><p>Nous recherchons des agents commerciaux dans les pays suivants : <em>R\u00e9gion scandinave<\/em>, <em>Allemagne<\/em>, <em>France<\/em>, <em>Espagne<\/em>, <em>Portugal<\/em>, <em>Inde<\/em>, <em>Indon\u00e9sie<\/em>, <em>Le Vi\u00eat Nam et le Royaume-Uni<\/em>. En tant que repr\u00e9sentant commercial pour notre entreprise, vous serez charg\u00e9 d'identifier et de conclure des opportunit\u00e9s de vente avec des clients nouveaux et existants. Vous travaillerez en \u00e9troite collaboration avec nos \u00e9quipes de marketing et de d\u00e9veloppement de produits afin de comprendre nos produits et services et de communiquer efficacement leur valeur aux clients potentiels. Vous serez \u00e9galement charg\u00e9 d'\u00e9tablir et d'entretenir des relations avec les clients, de r\u00e9pondre aux demandes de renseignements et de fournir un service \u00e0 la client\u00e8le exceptionnel. Le candidat id\u00e9al doit avoir fait ses preuves en mati\u00e8re de vente, poss\u00e9der de solides comp\u00e9tences en communication et \u00eatre capable de travailler de mani\u00e8re autonome et au sein d'une \u00e9quipe. Veuillez envoyer votre lettre de motivation et votre CV \u00e0 <a href=\"mailto:info@bondivoice.com\">info@bondivoice.com<\/a>.\u00a0<\/p><\/div>\n\t\t\t\t<\/div>\n\t\t\t\t\t\t\t<div class=\"elementor-toggle-item\">\n\t\t\t\t\t<div id=\"elementor-tab-title-2833\" class=\"elementor-tab-title\" data-tab=\"3\" role=\"button\" aria-controls=\"elementor-tab-content-2833\" aria-expanded=\"false\">\n\t\t\t\t\t\t\t\t\t\t\t\t<span class=\"elementor-toggle-icon elementor-toggle-icon-left\" aria-hidden=\"true\">\n\t\t\t\t\t\t\t\t\t\t\t\t\t\t\t<span class=\"elementor-toggle-icon-closed\"><svg class=\"e-font-icon-svg e-fas-caret-right\" viewbox=\"0 0 192 512\" xmlns=\"http:\/\/www.w3.org\/2000\/svg\"><path d=\"M0 384.662V127.338c0-17.818 21.543-26.741 34.142-14.142l128.662 128.662c7.81 7.81 7.81 20.474 0 28.284L34.142 398.804C21.543 411.404 0 402.48 0 384.662z\"><\/path><\/svg><\/span>\n\t\t\t\t\t\t\t\t<span class=\"elementor-toggle-icon-opened\"><svg class=\"elementor-toggle-icon-opened e-font-icon-svg e-fas-caret-up\" viewbox=\"0 0 320 512\" xmlns=\"http:\/\/www.w3.org\/2000\/svg\"><path d=\"M288.662 352H31.338c-17.818 0-26.741-21.543-14.142-34.142l128.662-128.662c7.81-7.81 20.474-7.81 28.284 0l128.662 128.662c12.6 12.599 3.676 34.142-14.142 34.142z\"><\/path><\/svg><\/span>\n\t\t\t\t\t\t\t\t\t\t\t\t\t<\/span>\n\t\t\t\t\t\t\t\t\t\t\t\t<a class=\"elementor-toggle-title\" tabindex=\"0\">D\u00e9veloppeur de vueJS<\/a>\n\t\t\t\t\t<\/div>\n\n\t\t\t\t\t<div id=\"elementor-tab-content-2833\" class=\"elementor-tab-content elementor-clearfix\" data-tab=\"3\" role=\"region\" aria-labelledby=\"elementor-tab-title-2833\"><p>Le candidat id\u00e9al sera responsable de la conception et de l'ex\u00e9cution d'un code clair et de qualit\u00e9 pour d\u00e9velopper le meilleur logiciel. Vous testerez votre code, identifierez les erreurs et r\u00e9p\u00e9terez pour garantir la qualit\u00e9 du code. Vous assisterez \u00e9galement nos clients et partenaires en r\u00e9solvant les probl\u00e8mes de leurs logiciels.<\/p><h4>Responsabilit\u00e9s et qualifications<\/h4><ul><li>D\u00e9tecter et d\u00e9panner les probl\u00e8mes de logiciels<\/li><li>R\u00e9diger un code de qualit\u00e9 clair pour les logiciels et les applications et effectuer des tests<\/li><li>D\u00e9velopper, mettre en \u0153uvre et tester les API Fournir des informations sur les projets de d\u00e9veloppement de logiciels.<\/li><li>expert de vueJS<\/li><li>Confort d'utilisation du d\u00e9veloppement de l'application NextCloud<\/li><li>Confort d'utilisation des langages de programmation et des bases de donn\u00e9es relationnelles<\/li><li>De solides comp\u00e9tences en mati\u00e8re de d\u00e9bogage et de d\u00e9pannage<\/li><li>Plus de 3 ans d'exp\u00e9rience en mati\u00e8re de d\u00e9veloppement<\/li><\/ul><p>Si vous \u00eates int\u00e9ress\u00e9, veuillez nous envoyer un courriel \u00e0 <a href=\"mailto:info@bondivoice.com\">info@bondivoice.com<\/a><\/p><\/div>\n\t\t\t\t<\/div>\n\t\t\t\t\t\t\t\t<\/div>\n\t\t\t\t<\/div>\n\t\t\t\t<\/div>\n\t\t\t\t\t<\/div>\n\t\t<\/div>\n\t\t\t\t\t<\/div>\n\t\t<\/section>\n\t\t\t\t\t<\/div>\n\t\t<\/div>\n\t\t\t\t\t<\/div>\n\t\t<\/section>\n\t\t\t\t<\/div>","protected":false},"excerpt":{"rendered":"<p>Our company is a collective of amazing people striving to build delightful products. Looking for a challenging and rewarding career in internet technology and security? Look no further than our company! We are a team of innovative and dedicated professionals who are passionate about delivering the latest in technology and security solutions to our clients. [&hellip;]<\/p>","protected":false},"author":1,"featured_media":0,"parent":0,"menu_order":0,"comment_status":"closed","ping_status":"closed","template":"","meta":[],"yoast_head":"<!-- This site is optimized with the Yoast SEO plugin v20.8 - https:\/\/yoast.com\/wordpress\/plugins\/seo\/ -->\n<title>Careers - Jobs at Bondi Platform - Bondi AI Ltd<\/title>\n<meta name=\"robots\" content=\"noindex, follow, max-snippet:-1, max-image-preview:large, max-video-preview:-1\" \/>\n<meta property=\"og:locale\" content=\"fr_FR\" \/>\n<meta property=\"og:type\" content=\"article\" \/>\n<meta property=\"og:title\" content=\"Careers - Jobs at Bondi Platform - Bondi AI Ltd\" \/>\n<meta property=\"og:description\" content=\"Our company is a collective of amazing people striving to build delightful products. Looking for a challenging and rewarding career in internet technology and security? Look no further than our company! We are a team of innovative and dedicated professionals who are passionate about delivering the latest in technology and security solutions to our clients. [&hellip;]\" \/>\n<meta property=\"og:url\" content=\"https:\/\/bondi.ai\/fr\/careers\/\" \/>\n<meta property=\"og:site_name\" content=\"Bondi AI Ltd\" \/>\n<meta property=\"article:publisher\" content=\"https:\/\/facebook.com\/bondisuite\" \/>\n<meta property=\"article:modified_time\" content=\"2023-04-12T15:49:38+00:00\" \/>\n<meta property=\"og:image\" content=\"https:\/\/bondi.ai\/wp-content\/uploads\/2021\/01\/domenico-loia-hGV2TfOh0ns-unsplash-scaled.jpg\" \/>\n\t<meta property=\"og:image:width\" content=\"2560\" \/>\n\t<meta property=\"og:image:height\" content=\"1707\" \/>\n\t<meta property=\"og:image:type\" content=\"image\/jpeg\" \/>\n<meta name=\"twitter:card\" content=\"summary_large_image\" \/>\n<meta name=\"twitter:site\" content=\"@bondisuite\" \/>\n<meta name=\"twitter:label1\" content=\"Dur\u00e9e de lecture estim\u00e9e\" \/>\n\t<meta name=\"twitter:data1\" content=\"3 minutes\" \/>\n<script type=\"application\/ld+json\" class=\"yoast-schema-graph\">{\"@context\":\"https:\/\/schema.org\",\"@graph\":[{\"@type\":\"WebPage\",\"@id\":\"https:\/\/bondi.ai\/careers\/\",\"url\":\"https:\/\/bondi.ai\/careers\/\",\"name\":\"Careers - Jobs at Bondi Platform - Bondi AI Ltd\",\"isPartOf\":{\"@id\":\"https:\/\/bondi.ai\/#website\"},\"datePublished\":\"2021-01-06T15:17:47+00:00\",\"dateModified\":\"2023-04-12T15:49:38+00:00\",\"breadcrumb\":{\"@id\":\"https:\/\/bondi.ai\/careers\/#breadcrumb\"},\"inLanguage\":\"fr-FR\",\"potentialAction\":[{\"@type\":\"ReadAction\",\"target\":[\"https:\/\/bondi.ai\/careers\/\"]}]},{\"@type\":\"BreadcrumbList\",\"@id\":\"https:\/\/bondi.ai\/careers\/#breadcrumb\",\"itemListElement\":[{\"@type\":\"ListItem\",\"position\":1,\"name\":\"Home\",\"item\":\"https:\/\/bondi.ai\/\"},{\"@type\":\"ListItem\",\"position\":2,\"name\":\"Careers &#8211; Jobs at Bondi Platform\"}]},{\"@type\":\"WebSite\",\"@id\":\"https:\/\/bondi.ai\/#website\",\"url\":\"https:\/\/bondi.ai\/\",\"name\":\"Bondi Platform Ltd\",\"description\":\"Secure digital systems and services that utilise smart technology.\",\"publisher\":{\"@id\":\"https:\/\/bondi.ai\/#organization\"},\"alternateName\":\"Bondisuite\",\"potentialAction\":[{\"@type\":\"SearchAction\",\"target\":{\"@type\":\"EntryPoint\",\"urlTemplate\":\"https:\/\/bondi.ai\/?s={search_term_string}\"},\"query-input\":\"required name=search_term_string\"}],\"inLanguage\":\"fr-FR\"},{\"@type\":\"Organization\",\"@id\":\"https:\/\/bondi.ai\/#organization\",\"name\":\"Bondi Platform Limited\",\"alternateName\":\"Bondisuite\",\"url\":\"https:\/\/bondi.ai\/\",\"logo\":{\"@type\":\"ImageObject\",\"inLanguage\":\"fr-FR\",\"@id\":\"https:\/\/bondi.ai\/#\/schema\/logo\/image\/\",\"url\":\"https:\/\/bondi.ai\/wp-content\/uploads\/2020\/12\/cropped-Bondi-Platform-450x273-1.png\",\"contentUrl\":\"https:\/\/bondi.ai\/wp-content\/uploads\/2020\/12\/cropped-Bondi-Platform-450x273-1.png\",\"width\":459,\"height\":271,\"caption\":\"Bondi Platform Limited\"},\"image\":{\"@id\":\"https:\/\/bondi.ai\/#\/schema\/logo\/image\/\"},\"sameAs\":[\"https:\/\/facebook.com\/bondisuite\",\"https:\/\/twitter.com\/bondisuite\",\"https:\/\/linkedin.com\/company\/bondi-platform-ltd\"]}]}<\/script>\n<!-- \/ Yoast SEO plugin. -->","yoast_head_json":{"title":"Careers - Jobs at Bondi Platform - Bondi AI Ltd","robots":{"index":"noindex","follow":"follow","max-snippet":"max-snippet:-1","max-image-preview":"max-image-preview:large","max-video-preview":"max-video-preview:-1"},"og_locale":"fr_FR","og_type":"article","og_title":"Careers - Jobs at Bondi Platform - Bondi AI Ltd","og_description":"Our company is a collective of amazing people striving to build delightful products. Looking for a challenging and rewarding career in internet technology and security? Look no further than our company! We are a team of innovative and dedicated professionals who are passionate about delivering the latest in technology and security solutions to our clients. [&hellip;]","og_url":"https:\/\/bondi.ai\/fr\/careers\/","og_site_name":"Bondi AI Ltd","article_publisher":"https:\/\/facebook.com\/bondisuite","article_modified_time":"2023-04-12T15:49:38+00:00","og_image":[{"width":2560,"height":1707,"url":"https:\/\/bondi.ai\/wp-content\/uploads\/2021\/01\/domenico-loia-hGV2TfOh0ns-unsplash-scaled.jpg","type":"image\/jpeg"}],"twitter_card":"summary_large_image","twitter_site":"@bondisuite","twitter_misc":{"Dur\u00e9e de lecture estim\u00e9e":"3 minutes"},"schema":{"@context":"https:\/\/schema.org","@graph":[{"@type":"WebPage","@id":"https:\/\/bondi.ai\/careers\/","url":"https:\/\/bondi.ai\/careers\/","name":"Careers - Jobs at Bondi Platform - Bondi AI Ltd","isPartOf":{"@id":"https:\/\/bondi.ai\/#website"},"datePublished":"2021-01-06T15:17:47+00:00","dateModified":"2023-04-12T15:49:38+00:00","breadcrumb":{"@id":"https:\/\/bondi.ai\/careers\/#breadcrumb"},"inLanguage":"fr-FR","potentialAction":[{"@type":"ReadAction","target":["https:\/\/bondi.ai\/careers\/"]}]},{"@type":"BreadcrumbList","@id":"https:\/\/bondi.ai\/careers\/#breadcrumb","itemListElement":[{"@type":"ListItem","position":1,"name":"Home","item":"https:\/\/bondi.ai\/"},{"@type":"ListItem","position":2,"name":"Careers &#8211; Jobs at Bondi Platform"}]},{"@type":"WebSite","@id":"https:\/\/bondi.ai\/#website","url":"https:\/\/bondi.ai\/","name":"Bondi Platform Ltd","description":"Secure digital systems and services that utilise smart technology.","publisher":{"@id":"https:\/\/bondi.ai\/#organization"},"alternateName":"Bondisuite","potentialAction":[{"@type":"SearchAction","target":{"@type":"EntryPoint","urlTemplate":"https:\/\/bondi.ai\/?s={search_term_string}"},"query-input":"required name=search_term_string"}],"inLanguage":"fr-FR"},{"@type":"Organization","@id":"https:\/\/bondi.ai\/#organization","name":"Bondi Platform Limited","alternateName":"Bondisuite","url":"https:\/\/bondi.ai\/","logo":{"@type":"ImageObject","inLanguage":"fr-FR","@id":"https:\/\/bondi.ai\/#\/schema\/logo\/image\/","url":"https:\/\/bondi.ai\/wp-content\/uploads\/2020\/12\/cropped-Bondi-Platform-450x273-1.png","contentUrl":"https:\/\/bondi.ai\/wp-content\/uploads\/2020\/12\/cropped-Bondi-Platform-450x273-1.png","width":459,"height":271,"caption":"Bondi Platform Limited"},"image":{"@id":"https:\/\/bondi.ai\/#\/schema\/logo\/image\/"},"sameAs":["https:\/\/facebook.com\/bondisuite","https:\/\/twitter.com\/bondisuite","https:\/\/linkedin.com\/company\/bondi-platform-ltd"]}]}},"_links":{"self":[{"href":"https:\/\/bondi.ai\/fr\/wp-json\/wp\/v2\/pages\/922"}],"collection":[{"href":"https:\/\/bondi.ai\/fr\/wp-json\/wp\/v2\/pages"}],"about":[{"href":"https:\/\/bondi.ai\/fr\/wp-json\/wp\/v2\/types\/page"}],"author":[{"embeddable":true,"href":"https:\/\/bondi.ai\/fr\/wp-json\/wp\/v2\/users\/1"}],"replies":[{"embeddable":true,"href":"https:\/\/bondi.ai\/fr\/wp-json\/wp\/v2\/comments?post=922"}],"version-history":[{"count":80,"href":"https:\/\/bondi.ai\/fr\/wp-json\/wp\/v2\/pages\/922\/revisions"}],"predecessor-version":[{"id":3838,"href":"https:\/\/bondi.ai\/fr\/wp-json\/wp\/v2\/pages\/922\/revisions\/3838"}],"wp:attachment":[{"href":"https:\/\/bondi.ai\/fr\/wp-json\/wp\/v2\/media?parent=922"}],"curies":[{"name":"wp","href":"https:\/\/api.w.org\/{rel}","templated":true}]}}