{"id":3,"date":"2020-11-23T22:41:58","date_gmt":"2020-11-23T22:41:58","guid":{"rendered":"https:\/\/bondiplatform.com\/?page_id=3"},"modified":"2023-07-13T11:12:52","modified_gmt":"2023-07-13T11:12:52","slug":"privacy-policy","status":"publish","type":"page","link":"https:\/\/bondi.ai\/it\/privacy-policy\/","title":{"rendered":"Informativa sulla privacy"},"content":{"rendered":"<div data-elementor-type=\"wp-page\" data-elementor-id=\"3\" class=\"elementor elementor-3\" data-elementor-post-type=\"page\">\n\t\t\t\t\t\t<section class=\"has_eae_slider elementor-section elementor-top-section elementor-element elementor-element-7fc9b1a9 elementor-section-boxed elementor-section-height-default elementor-section-height-default\" data-eae-slider=\"63687\" data-id=\"7fc9b1a9\" data-element_type=\"section\" data-settings=\"{&quot;background_background&quot;:&quot;classic&quot;}\">\n\t\t\t\t\t\t<div class=\"elementor-container elementor-column-gap-default\">\n\t\t\t\t\t<div class=\"has_eae_slider elementor-column elementor-col-100 elementor-top-column elementor-element elementor-element-6ca6b6ef\" data-eae-slider=\"14967\" data-id=\"6ca6b6ef\" data-element_type=\"column\">\n\t\t\t<div class=\"elementor-widget-wrap elementor-element-populated\">\n\t\t\t\t\t\t<div class=\"elementor-element elementor-element-91e287d elementor-widget elementor-widget-heading\" data-id=\"91e287d\" data-element_type=\"widget\" data-widget_type=\"heading.default\">\n\t\t\t\t<div class=\"elementor-widget-container\">\n\t\t\t<h2 class=\"elementor-heading-title elementor-size-default\">Informativa sulla privacy<\/h2>\t\t<\/div>\n\t\t\t\t<\/div>\n\t\t\t\t<div class=\"elementor-element elementor-element-65aa54a2 elementor-widget elementor-widget-text-editor\" data-id=\"65aa54a2\" data-element_type=\"widget\" data-widget_type=\"text-editor.default\">\n\t\t\t\t<div class=\"elementor-widget-container\">\n\t\t\t\t\t\t\t<p><span style=\"font-weight: 400;\">Internet \u00e8 uno strumento straordinario. Ha il potere di cambiare il nostro modo di vivere e oggi stiamo iniziando a vedere questo potenziale. Con pochi clic del mouse, \u00e8 possibile seguire le notizie, informarsi, acquistare beni e servizi e comunicare con altre persone in tutto il mondo. Per Bondi AI Ltd. \u00e8 importante aiutare i nostri clienti a mantenere la loro privacy quando sfruttano tutto ci\u00f2 che Internet ha da offrire.<\/span><\/p><p><span style=\"font-weight: 400;\">Crediamo che i vostri affari non siano di nessun altro. La vostra privacy \u00e8 importante per voi e per noi. Per questo proteggeremo le informazioni che condividete con noi. Per proteggere la vostra privacy, Bondi AI Ltd. segue diversi principi in conformit\u00e0 con le pratiche mondiali per la privacy dei clienti e la protezione dei dati.<\/span><\/p><ul><li style=\"font-weight: 400;\" aria-level=\"1\"><span style=\"font-weight: 400;\">Non venderemo o daremo il vostro nome, indirizzo postale, numero di telefono, indirizzo e-mail o qualsiasi altra informazione a nessuno.<\/span><\/li><li style=\"font-weight: 400;\" aria-level=\"1\"><span style=\"font-weight: 400;\">Utilizzeremo misure di sicurezza all'avanguardia per proteggere le vostre informazioni da utenti non autorizzati.<\/span><\/li><\/ul><h4><b>AVVISO<\/b><\/h4><p><span style=\"font-weight: 400;\">Vi chiederemo quando avremo bisogno di informazioni che vi identificano personalmente (informazioni personali) o che ci permettono di contattarvi. Generalmente, queste informazioni vengono richieste quando si crea un ID di registrazione sul sito o quando si scarica un software gratuito, si partecipa a un concorso, si ordina una newsletter via e-mail o ci si iscrive a un sito premium ad accesso limitato. Utilizziamo le vostre informazioni personali per quattro scopi principali:<\/span><\/p><ul><li style=\"font-weight: 400;\" aria-level=\"1\"><span style=\"font-weight: 400;\">\u00a0Per rendere il sito pi\u00f9 facile da usare, non dovendo inserire le informazioni pi\u00f9 di una volta.<\/span><\/li><li style=\"font-weight: 400;\" aria-level=\"1\"><span style=\"font-weight: 400;\">Per aiutarvi a trovare rapidamente software, servizi o informazioni.<\/span><\/li><li style=\"font-weight: 400;\" aria-level=\"1\"><span style=\"font-weight: 400;\">\u00a0Per aiutarci a creare i contenuti pi\u00f9 rilevanti per voi.<\/span><\/li><li style=\"font-weight: 400;\" aria-level=\"1\"><span style=\"font-weight: 400;\">Per avvisarvi di aggiornamenti dei prodotti, offerte speciali, informazioni aggiornate e altri nuovi servizi di Bondi AI Ltd.<\/span><\/li><\/ul><h4><b>CONSENSO<\/b><\/h4><p><span style=\"font-weight: 400;\">Se si sceglie di non registrarsi o di non fornire informazioni personali, \u00e8 comunque possibile utilizzare la maggior parte di BondiSuite. Ma non sar\u00e0 possibile accedere alle aree che richiedono la registrazione.<\/span><\/p><p><span style=\"font-weight: 400;\">Se decidete di registrarvi, potrete selezionare il tipo di informazioni che desiderate ricevere da noi, abbonandovi a vari servizi, come le nostre newsletter elettroniche. Se non volete che vi comunichiamo altre offerte relative a prodotti, programmi, eventi o servizi di Bondi AI Ltd. via e-mail, posta ordinaria o telefono, potete selezionare l'opzione che dichiara che non desiderate ricevere messaggi di marketing da Bondi AI Ltd..<\/span><\/p><p><span style=\"font-weight: 400;\">Bondi AI Ltd. consente occasionalmente ad altre aziende di offrire ai nostri clienti registrati informazioni sui loro prodotti e servizi, utilizzando esclusivamente la posta ordinaria. Se non desiderate ricevere queste offerte, potete selezionare l'opzione che indica che non desiderate ricevere materiale di marketing da terzi.<\/span><\/p><h4><b>ACCESSO<\/b><\/h4><p><span style=\"font-weight: 400;\">Vi forniremo i mezzi per garantire che i vostri dati personali siano corretti e aggiornati. Potete rivedere e aggiornare queste informazioni in qualsiasi momento presso il Centro Visitatori. L\u00ec, \u00e8 possibile:<\/span><\/p><ul><li style=\"font-weight: 400;\" aria-level=\"1\"><span style=\"font-weight: 400;\">Visualizza e modifica le informazioni personali che ci hai gi\u00e0 fornito.<\/span><\/li><li style=\"font-weight: 400;\" aria-level=\"1\"><span style=\"font-weight: 400;\">Diteci se volete che vi inviamo informazioni di marketing o se volete che terzi vi inviino le loro offerte per posta.<\/span><\/li><li style=\"font-weight: 400;\" aria-level=\"1\"><span style=\"font-weight: 400;\">Iscriviti alla newsletter elettronica sui nostri servizi e prodotti.<\/span><\/li><li style=\"font-weight: 400;\" aria-level=\"1\"><span style=\"font-weight: 400;\">Registrarsi. Una volta che ti sei registrato, non avrai bisogno di farlo di nuovo. Ovunque tu vada su BondiSuite, le tue informazioni rimangono con te.<\/span><\/li><\/ul><h4><b>SICUREZZA<\/b><\/h4><p><span style=\"font-weight: 400;\">Bondi AI Ltd. ha adottato misure rigorose per proteggere la sicurezza delle vostre informazioni personali e per garantire che le vostre scelte sull'uso previsto siano rispettate. Prendiamo forti precauzioni per proteggere i vostri dati da perdita, uso improprio, accesso o divulgazione non autorizzati, alterazione o distruzione.<\/span><\/p><p><span style=\"font-weight: 400;\">Garantiamo che le tue transazioni di e-commerce sono 100% sicure e protette. Quando effettui ordini o accedi alle informazioni del tuo account personale, stai utilizzando il software SSL, che cripta le tue informazioni personali prima che vengano inviate su Internet. SSL \u00e8 una delle tecnologie di crittografia pi\u00f9 sicure disponibili.<\/span><\/p><p><span style=\"font-weight: 400;\">Inoltre, le vostre transazioni sono garantite dal Fair Credit Billing Act. Questa legge stabilisce che la vostra banca non pu\u00f2 ritenervi responsabili per pi\u00f9 di $50.00 di addebiti fraudolenti sulla carta di credito. Se la sua banca la ritiene responsabile per $50.00 o meno, copriremo la sua responsabilit\u00e0 a condizione che l'uso non autorizzato e fraudolento della sua carta di credito sia avvenuto senza sua colpa e per acquisti fatti da noi sul nostro server sicuro. In caso di uso non autorizzato della tua carta di credito, devi informare il fornitore della tua carta di credito secondo le sue regole e procedure di segnalazione.<\/span><\/p><p><span style=\"font-weight: 400;\">Bondi AI Ltd. protegge rigorosamente la sicurezza delle vostre informazioni personali e rispetta le vostre scelte per l'uso previsto. Proteggiamo attentamente i vostri dati da perdita, uso improprio, accesso o divulgazione non autorizzati, alterazione o distruzione.<\/span><\/p><p><span style=\"font-weight: 400;\">I vostri dati personali non vengono mai condivisi all'esterno dell'azienda senza il vostro consenso, tranne che nelle condizioni sopra descritte. All'interno dell'azienda, i dati sono conservati in server controllati da password con accesso limitato. Le vostre informazioni possono essere conservate ed elaborate in Italia o in qualsiasi altro paese in cui si trovino Bondi AI Ltd., le sue filiali, le sue affiliate o i suoi agenti.<\/span><\/p><p><span style=\"font-weight: 400;\">Anche voi avete un ruolo significativo nella protezione delle vostre informazioni. Nessuno pu\u00f2 vedere o modificare le vostre informazioni personali senza conoscere il vostro nome utente e la vostra password, quindi non condividetele con altri.<\/span><\/p><h4><b>AVVISO AI GENITORI<\/b><\/h4><p><span style=\"font-weight: 400;\">Genitori o tutori: vogliamo aiutarvi a proteggere la privacy dei vostri figli. Vi incoraggiamo a parlare con i vostri figli dell'uso sicuro e responsabile delle loro informazioni personali quando usano Internet.<\/span><\/p><p><span style=\"font-weight: 400;\">Il sito di Bondi AI Ltd. non pubblica contenuti mirati ai bambini. Tuttavia, se siete preoccupati che i vostri figli forniscano a Bondi AI Ltd. informazioni personali senza il vostro consenso, Bondi AI Ltd. rimuover\u00e0 tutti i dati su richiesta, all'indirizzo e-mail info@bondiai.com.<\/span><\/p><h4><b>ENFORCEMENT<\/b><\/h4><p><span style=\"font-weight: 400;\">Se per qualche motivo ritenete che Bondi AI Ltd. non abbia aderito a questi principi, vi preghiamo di comunicarcelo via e-mail all'indirizzo , e faremo del nostro meglio per determinare e correggere il problema tempestivamente. Assicuratevi che la dicitura Informativa sulla privacy sia presente nella riga dell'oggetto.<\/span><\/p><h4><b>REGISTRAZIONE ELETTRONICA DEL PRODOTTO<\/b><\/h4><p><span style=\"font-weight: 400;\">Quando compra e installa un nuovo prodotto, potremmo chiederle di registrare elettronicamente il suo acquisto. Quando lo fai, uniamo le tue informazioni di registrazione con qualsiasi informazione che hai gi\u00e0 lasciato con noi (chiamiamo queste informazioni il tuo profilo personale). Se non si \u00e8 registrato precedentemente con noi, creiamo un profilo personale per lei dalle informazioni di registrazione del prodotto. Se mai volesse rivedere o aggiornare quelle informazioni, pu\u00f2 visitare il Centro profili, cliccare su Aggiorna profilo e modificare qualsiasi informazione personale nel suo profilo. Se non hai ancora creato un ID di registrazione, ti chiederemo di farlo. Questo assicura che solo tu possa accedere alle tue informazioni.<\/span><\/p><h4><b>PROFILI DEI CLIENTI<\/b><\/h4><p><span style=\"font-weight: 400;\">Come gi\u00e0 detto, ogni cliente registrato ha un profilo personale unico. Ad ogni profilo viene assegnato un numero di identificazione personale unico, che ci aiuta a garantire che solo voi possiate accedere al vostro profilo.<\/span><\/p><p><span style=\"font-weight: 400;\">Quando ti registri, creiamo il tuo profilo, assegniamo un numero di identificazione personale, poi rimandiamo questo numero di identificazione personale al tuo disco rigido sotto forma di un cookie, che \u00e8 un piccolissimo pezzo di codice. Questo codice \u00e8 unicamente tuo. E' il tuo passaporto per viaggiare senza soluzione di continuit\u00e0 attraverso BondiSuite, permettendoti di scaricare software gratuito, ordinare newsletter gratuite, e visitare siti premium senza dover compilare moduli di registrazione con le informazioni che hai gi\u00e0 fornito. Anche se si cambia computer, non sar\u00e0 necessario ri-registrarsi - basta usare il tuo ID di registrazione per identificarti.<\/span><\/p><h4><b>COSA FACCIAMO CON LE INFORMAZIONI CHE CONDIVIDETE<\/b><\/h4><p><span style=\"font-weight: 400;\">Quando ti unisci a noi, ci fornisci le tue informazioni di contatto, compresi il tuo nome e l'indirizzo e-mail. Usiamo queste informazioni per inviarti aggiornamenti sul tuo ordine, questionari per misurare la tua soddisfazione con il nostro servizio e annunci sui nuovi ed eccitanti servizi che offriamo. Quando si ordina da noi, chiediamo il numero della carta di credito e l'indirizzo di fatturazione. Usiamo queste informazioni solo per fatturare i prodotti ordinati in quel momento. Per vostra comodit\u00e0, salviamo le informazioni di fatturazione nel caso vogliate ordinare di nuovo da noi, ma non usiamo queste informazioni di nuovo senza il vostro permesso.<\/span><\/p><p><span style=\"font-weight: 400;\">Occasionalmente assumiamo altre societ\u00e0 per fornire servizi limitati per nostro conto, tra cui l'imballaggio, la spedizione e la consegna degli acquisti, la risposta alle domande dei clienti su prodotti o servizi, l'invio della posta e l'elaborazione della registrazione all'evento. Forniremo a tali societ\u00e0 solo le informazioni di cui hanno bisogno per fornire il servizio, ed \u00e8 loro vietato utilizzare tali informazioni per qualsiasi altro scopo.<\/span><\/p><p><span style=\"font-weight: 400;\">Bondi AI Ltd. divulgher\u00e0 le vostre informazioni personali, senza preavviso, solo se richiesto dalla legge o se ritiene in buona fede che tale azione sia necessaria per: (a) conformarsi alle disposizioni di legge o rispettare le procedure legali notificate a Bondi AI Ltd. o al sito; (b) proteggere e difendere i diritti o la propriet\u00e0 di Bondi AI Ltd. e della sua famiglia di siti web e, (c) agire in circostanze urgenti per proteggere la sicurezza personale degli utenti di Bondi AI Ltd., dei suoi siti web o del pubblico.<\/span><\/p>\t\t\t\t\t\t<\/div>\n\t\t\t\t<\/div>\n\t\t\t\t\t<\/div>\n\t\t<\/div>\n\t\t\t\t\t<\/div>\n\t\t<\/section>\n\t\t\t\t<\/div>","protected":false},"excerpt":{"rendered":"<p>Informativa sulla privacy Internet \u00e8 uno strumento straordinario. Ha il potere di cambiare il nostro modo di vivere e oggi stiamo iniziando a vedere questo potenziale. Con pochi clic del mouse, \u00e8 possibile seguire le notizie, informarsi, acquistare beni e servizi e comunicare con altre persone in tutto il mondo. \u00c8 importante per Bondi [...]<\/p>","protected":false},"author":1,"featured_media":0,"parent":0,"menu_order":0,"comment_status":"closed","ping_status":"closed","template":"","meta":[],"yoast_head":"<!-- This site is optimized with the Yoast SEO plugin v20.8 - https:\/\/yoast.com\/wordpress\/plugins\/seo\/ -->\n<title>Privacy Policy - Bondi AI Ltd<\/title>\n<meta name=\"robots\" content=\"noindex, follow, max-snippet:-1, max-image-preview:large, max-video-preview:-1\" \/>\n<meta property=\"og:locale\" content=\"it_IT\" \/>\n<meta property=\"og:type\" content=\"article\" \/>\n<meta property=\"og:title\" content=\"Privacy Policy - Bondi AI Ltd\" \/>\n<meta property=\"og:description\" content=\"Privacy Policy The Internet is an amazing tool. It has the power to change the way we live, and we\u2019re starting to see that potential today. With only a few mouse-clicks, you can follow the news, look up facts, buy goods and services, and communicate with others from around the world. It\u2019s important to Bondi [&hellip;]\" \/>\n<meta property=\"og:url\" content=\"https:\/\/bondi.ai\/it\/privacy-policy\/\" \/>\n<meta property=\"og:site_name\" content=\"Bondi AI Ltd\" \/>\n<meta property=\"article:publisher\" content=\"https:\/\/facebook.com\/bondisuite\" \/>\n<meta property=\"article:modified_time\" content=\"2023-07-13T11:12:52+00:00\" \/>\n<meta property=\"og:image\" content=\"https:\/\/bondi.ai\/wp-content\/uploads\/2021\/01\/domenico-loia-hGV2TfOh0ns-unsplash-scaled.jpg\" \/>\n\t<meta property=\"og:image:width\" content=\"2560\" \/>\n\t<meta property=\"og:image:height\" content=\"1707\" \/>\n\t<meta property=\"og:image:type\" content=\"image\/jpeg\" \/>\n<meta name=\"twitter:card\" content=\"summary_large_image\" \/>\n<meta name=\"twitter:site\" content=\"@bondisuite\" \/>\n<meta name=\"twitter:label1\" content=\"Tempo di lettura stimato\" \/>\n\t<meta name=\"twitter:data1\" content=\"7 minuti\" \/>\n<script type=\"application\/ld+json\" class=\"yoast-schema-graph\">{\"@context\":\"https:\/\/schema.org\",\"@graph\":[{\"@type\":\"WebPage\",\"@id\":\"https:\/\/bondi.ai\/privacy-policy\/\",\"url\":\"https:\/\/bondi.ai\/privacy-policy\/\",\"name\":\"Privacy Policy - Bondi AI Ltd\",\"isPartOf\":{\"@id\":\"https:\/\/bondi.ai\/#website\"},\"datePublished\":\"2020-11-23T22:41:58+00:00\",\"dateModified\":\"2023-07-13T11:12:52+00:00\",\"breadcrumb\":{\"@id\":\"https:\/\/bondi.ai\/privacy-policy\/#breadcrumb\"},\"inLanguage\":\"it-IT\",\"potentialAction\":[{\"@type\":\"ReadAction\",\"target\":[\"https:\/\/bondi.ai\/privacy-policy\/\"]}]},{\"@type\":\"BreadcrumbList\",\"@id\":\"https:\/\/bondi.ai\/privacy-policy\/#breadcrumb\",\"itemListElement\":[{\"@type\":\"ListItem\",\"position\":1,\"name\":\"Home\",\"item\":\"https:\/\/bondi.ai\/\"},{\"@type\":\"ListItem\",\"position\":2,\"name\":\"Privacy Policy\"}]},{\"@type\":\"WebSite\",\"@id\":\"https:\/\/bondi.ai\/#website\",\"url\":\"https:\/\/bondi.ai\/\",\"name\":\"Bondi Platform Ltd\",\"description\":\"Secure digital systems and services that utilise smart technology.\",\"publisher\":{\"@id\":\"https:\/\/bondi.ai\/#organization\"},\"alternateName\":\"Bondisuite\",\"potentialAction\":[{\"@type\":\"SearchAction\",\"target\":{\"@type\":\"EntryPoint\",\"urlTemplate\":\"https:\/\/bondi.ai\/?s={search_term_string}\"},\"query-input\":\"required name=search_term_string\"}],\"inLanguage\":\"it-IT\"},{\"@type\":\"Organization\",\"@id\":\"https:\/\/bondi.ai\/#organization\",\"name\":\"Bondi Platform Limited\",\"alternateName\":\"Bondisuite\",\"url\":\"https:\/\/bondi.ai\/\",\"logo\":{\"@type\":\"ImageObject\",\"inLanguage\":\"it-IT\",\"@id\":\"https:\/\/bondi.ai\/#\/schema\/logo\/image\/\",\"url\":\"https:\/\/bondi.ai\/wp-content\/uploads\/2020\/12\/cropped-Bondi-Platform-450x273-1.png\",\"contentUrl\":\"https:\/\/bondi.ai\/wp-content\/uploads\/2020\/12\/cropped-Bondi-Platform-450x273-1.png\",\"width\":459,\"height\":271,\"caption\":\"Bondi Platform Limited\"},\"image\":{\"@id\":\"https:\/\/bondi.ai\/#\/schema\/logo\/image\/\"},\"sameAs\":[\"https:\/\/facebook.com\/bondisuite\",\"https:\/\/twitter.com\/bondisuite\",\"https:\/\/linkedin.com\/company\/bondi-platform-ltd\"]}]}<\/script>\n<!-- \/ Yoast SEO plugin. -->","yoast_head_json":{"title":"Privacy Policy - Bondi AI Ltd","robots":{"index":"noindex","follow":"follow","max-snippet":"max-snippet:-1","max-image-preview":"max-image-preview:large","max-video-preview":"max-video-preview:-1"},"og_locale":"it_IT","og_type":"article","og_title":"Privacy Policy - Bondi AI Ltd","og_description":"Privacy Policy The Internet is an amazing tool. It has the power to change the way we live, and we\u2019re starting to see that potential today. With only a few mouse-clicks, you can follow the news, look up facts, buy goods and services, and communicate with others from around the world. It\u2019s important to Bondi [&hellip;]","og_url":"https:\/\/bondi.ai\/it\/privacy-policy\/","og_site_name":"Bondi AI Ltd","article_publisher":"https:\/\/facebook.com\/bondisuite","article_modified_time":"2023-07-13T11:12:52+00:00","og_image":[{"width":2560,"height":1707,"url":"https:\/\/bondi.ai\/wp-content\/uploads\/2021\/01\/domenico-loia-hGV2TfOh0ns-unsplash-scaled.jpg","type":"image\/jpeg"}],"twitter_card":"summary_large_image","twitter_site":"@bondisuite","twitter_misc":{"Tempo di lettura stimato":"7 minuti"},"schema":{"@context":"https:\/\/schema.org","@graph":[{"@type":"WebPage","@id":"https:\/\/bondi.ai\/privacy-policy\/","url":"https:\/\/bondi.ai\/privacy-policy\/","name":"Privacy Policy - Bondi AI Ltd","isPartOf":{"@id":"https:\/\/bondi.ai\/#website"},"datePublished":"2020-11-23T22:41:58+00:00","dateModified":"2023-07-13T11:12:52+00:00","breadcrumb":{"@id":"https:\/\/bondi.ai\/privacy-policy\/#breadcrumb"},"inLanguage":"it-IT","potentialAction":[{"@type":"ReadAction","target":["https:\/\/bondi.ai\/privacy-policy\/"]}]},{"@type":"BreadcrumbList","@id":"https:\/\/bondi.ai\/privacy-policy\/#breadcrumb","itemListElement":[{"@type":"ListItem","position":1,"name":"Home","item":"https:\/\/bondi.ai\/"},{"@type":"ListItem","position":2,"name":"Privacy Policy"}]},{"@type":"WebSite","@id":"https:\/\/bondi.ai\/#website","url":"https:\/\/bondi.ai\/","name":"Bondi Platform Ltd","description":"Secure digital systems and services that utilise smart technology.","publisher":{"@id":"https:\/\/bondi.ai\/#organization"},"alternateName":"Bondisuite","potentialAction":[{"@type":"SearchAction","target":{"@type":"EntryPoint","urlTemplate":"https:\/\/bondi.ai\/?s={search_term_string}"},"query-input":"required name=search_term_string"}],"inLanguage":"it-IT"},{"@type":"Organization","@id":"https:\/\/bondi.ai\/#organization","name":"Bondi Platform Limited","alternateName":"Bondisuite","url":"https:\/\/bondi.ai\/","logo":{"@type":"ImageObject","inLanguage":"it-IT","@id":"https:\/\/bondi.ai\/#\/schema\/logo\/image\/","url":"https:\/\/bondi.ai\/wp-content\/uploads\/2020\/12\/cropped-Bondi-Platform-450x273-1.png","contentUrl":"https:\/\/bondi.ai\/wp-content\/uploads\/2020\/12\/cropped-Bondi-Platform-450x273-1.png","width":459,"height":271,"caption":"Bondi Platform Limited"},"image":{"@id":"https:\/\/bondi.ai\/#\/schema\/logo\/image\/"},"sameAs":["https:\/\/facebook.com\/bondisuite","https:\/\/twitter.com\/bondisuite","https:\/\/linkedin.com\/company\/bondi-platform-ltd"]}]}},"_links":{"self":[{"href":"https:\/\/bondi.ai\/it\/wp-json\/wp\/v2\/pages\/3"}],"collection":[{"href":"https:\/\/bondi.ai\/it\/wp-json\/wp\/v2\/pages"}],"about":[{"href":"https:\/\/bondi.ai\/it\/wp-json\/wp\/v2\/types\/page"}],"author":[{"embeddable":true,"href":"https:\/\/bondi.ai\/it\/wp-json\/wp\/v2\/users\/1"}],"replies":[{"embeddable":true,"href":"https:\/\/bondi.ai\/it\/wp-json\/wp\/v2\/comments?post=3"}],"version-history":[{"count":36,"href":"https:\/\/bondi.ai\/it\/wp-json\/wp\/v2\/pages\/3\/revisions"}],"predecessor-version":[{"id":4194,"href":"https:\/\/bondi.ai\/it\/wp-json\/wp\/v2\/pages\/3\/revisions\/4194"}],"wp:attachment":[{"href":"https:\/\/bondi.ai\/it\/wp-json\/wp\/v2\/media?parent=3"}],"curies":[{"name":"wp","href":"https:\/\/api.w.org\/{rel}","templated":true}]}}